{"id":12715,"date":"2025-05-29T13:01:14","date_gmt":"2025-05-29T13:01:14","guid":{"rendered":"https:\/\/get-aguide.com\/?post_type=product&#038;p=12715"},"modified":"2025-07-09T01:50:01","modified_gmt":"2025-07-09T01:50:01","slug":"orange-bay-von-hurghada","status":"publish","type":"product","link":"https:\/\/get-aguide.com\/de\/produkt\/orange-bay-von-hurghada\/","title":{"rendered":"Orange Bay von Hurghada"},"content":{"rendered":"<h2>\u00dcberblick<\/h2>\n<h2>Orange Bay ab Hurghada: Seereise<\/h2>\n<p>Beginnen Sie mit der Abholung vom Hotel und dem Transfer zum Hafen. Segeln Sie 45 Minuten und genie\u00dfen Sie anschlie\u00dfend einen einst\u00fcndigen Schnorchelstopp im klaren Wasser des Roten Meeres. Weiter geht es zur Orange Bay, wo Sie am Strand mit goldenem Sand und zahlreichen Annehmlichkeiten entspannen k\u00f6nnen. Anschlie\u00dfend segeln Sie zu einem weiteren Schnorchelplatz und erkunden die farbenfrohen Korallenriffe. Die Tour beinhaltet Mittagessen, alkoholfreie Getr\u00e4nke und die M\u00f6glichkeit, Bananenboot zu fahren. Kehren Sie zum Hafen zur\u00fcck und fahren Sie zur\u00fcck zu Ihrem Hotel.<\/p>\n<p>&nbsp;<\/p>\n<div class=\"vc_row wpb_row vc_row-fluid\">\n<div class=\"wpb_column vc_column_container vc_col-sm-12\">\n<div class=\"vc_column-inner\">\n<div class=\"wpb_wrapper\">\n<div class=\"heading left\">\n<h3><strong>Highlights:<\/strong><\/h3>\n<\/div>\n<\/div>\n<\/div>\n<\/div>\n<\/div>\n<div class=\"vc_row wpb_row vc_row-fluid\">\n<div class=\"wpb_column vc_column_container vc_col-sm-12\">\n<div class=\"vc_column-inner\">\n<div class=\"wpb_wrapper\">\n<div class=\"wpb_text_column wpb_content_element \">\n<div class=\"wpb_wrapper\">\n<ul>\n<li>Schnorcheln Sie im kristallklaren Wasser der Orange Bay<\/li>\n<li>Genie\u00dfen Sie ein k\u00f6stliches Mittagsbuffet an Bord<\/li>\n<li>Entspannen Sie sich mit einem T\u00fcr-zu-T\u00fcr-Hin- und R\u00fccktransferservice<\/li>\n<li>Problemloser Tagesausflug von Hurghada zur Insel Orange Bay<\/li>\n<li>Genie\u00dfen Sie eine Bootsfahrt hin und zur\u00fcck, Schnorchelstopps sowie den Strand, die Riffe und die Einrichtungen<\/li>\n<\/ul>\n<p>&nbsp;<\/p>\n<div class=\"heading left\">\n<h3><strong>Was Sie mitnehmen sollten:<\/strong><\/h3>\n<\/div>\n<div class=\"wpb_text_column wpb_content_element \">\n<div class=\"wpb_wrapper\">\n<ul>\n<li>Badetuch<\/li>\n<li>Sonnenbrille<\/li>\n<li>Sonnenschutz<\/li>\n<li>Bademode<\/li>\n<li>Foto-\/Videoausr\u00fcstung<\/li>\n<\/ul>\n<h3><strong>Dauer<\/strong><\/h3>\n<p>Abholung: Gegen 08:00 Uhr (abh\u00e4ngig vom Standort Ihres Hotels in Hurghada).<\/p>\n<h5>Bei Fragen kontaktieren Sie uns:<a href=\"https:\/\/wa.me\/+201069089904\" target=\"_blank\" rel=\"noopener\"><img decoding=\"async\" class=\"alignnone wp-image-13655\" src=\"https:\/\/alivoyage.com\/wp-content\/uploads\/2024\/03\/whatsapp-svgrepo-com.svg\" alt=\"\" width=\"42\" height=\"42\" \/><\/a><\/h5>\n<\/div>\n<\/div>\n<\/div>\n<\/div>\n<\/div>\n<\/div>\n<\/div>\n<\/div>\n<div id=\"tour-included-excluded\" class=\"content-product-item tour-included-excluded-wrapper\"><\/div>\n","protected":false},"excerpt":{"rendered":"<p>\u00dcberblick Orange Bay ab Hurghada: Seereise Beginnen Sie mit der Abholung vom Hotel und dem Transfer zum Hafen. Segeln Sie 45 Minuten und genie\u00dfen Sie anschlie\u00dfend einen einst\u00fcndigen Schnorchelstopp im klaren Wasser des Roten Meeres. Weiter geht es zur Orange Bay, wo Sie am Strand mit goldenem Sand und zahlreichen Annehmlichkeiten entspannen k\u00f6nnen. Anschlie\u00dfend segeln Sie zu einem weiteren Schnorchelplatz und erkunden die farbenfrohen Korallenriffe. Die Tour beinhaltet Mittagessen, alkoholfreie Getr\u00e4nke und die M\u00f6glichkeit, Bananenboot zu fahren. Kehren Sie zum Hafen zur\u00fcck und fahren Sie zur\u00fcck zu Ihrem Hotel. &nbsp; Highlights: Schnorcheln Sie im kristallklaren Wasser der Orange Bay Genie\u00dfen Sie ein k\u00f6stliches Mittagsbuffet an Bord Entspannen Sie sich mit einem T\u00fcr-zu-T\u00fcr-Hin- und R\u00fccktransferservice Problemloser Tagesausflug von Hurghada zur Insel Orange Bay Genie\u00dfen Sie eine Bootsfahrt hin und zur\u00fcck, Schnorchelstopps sowie den Strand, die Riffe und die Einrichtungen &nbsp; Was Sie mitnehmen sollten: Badetuch Sonnenbrille Sonnenschutz Bademode Foto-\/Videoausr\u00fcstung Dauer Abholung: Gegen 08:00 Uhr (abh\u00e4ngig vom Standort Ihres Hotels in Hurghada). Bei Fragen kontaktieren Sie uns:<\/p>\n","protected":false},"featured_media":12716,"comment_status":"open","ping_status":"closed","template":"","meta":{"_monsterinsights_skip_tracking":false,"_monsterinsights_sitenote_active":false,"_monsterinsights_sitenote_note":"","_monsterinsights_sitenote_category":0},"product_brand":[],"product_cat":[91],"product_tag":[],"class_list":{"0":"post-12715","1":"product","2":"type-product","3":"status-publish","4":"has-post-thumbnail","6":"product_cat-seereisen","8":"first","9":"instock","10":"shipping-taxable","11":"purchasable","12":"product-type-ovabrw_car_rental"},"_links":{"self":[{"href":"https:\/\/get-aguide.com\/de\/wp-json\/wp\/v2\/product\/12715","targetHints":{"allow":["GET"]}}],"collection":[{"href":"https:\/\/get-aguide.com\/de\/wp-json\/wp\/v2\/product"}],"about":[{"href":"https:\/\/get-aguide.com\/de\/wp-json\/wp\/v2\/types\/product"}],"replies":[{"embeddable":true,"href":"https:\/\/get-aguide.com\/de\/wp-json\/wp\/v2\/comments?post=12715"}],"wp:featuredmedia":[{"embeddable":true,"href":"https:\/\/get-aguide.com\/de\/wp-json\/wp\/v2\/media\/12716"}],"wp:attachment":[{"href":"https:\/\/get-aguide.com\/de\/wp-json\/wp\/v2\/media?parent=12715"}],"wp:term":[{"taxonomy":"product_brand","embeddable":true,"href":"https:\/\/get-aguide.com\/de\/wp-json\/wp\/v2\/product_brand?post=12715"},{"taxonomy":"product_cat","embeddable":true,"href":"https:\/\/get-aguide.com\/de\/wp-json\/wp\/v2\/product_cat?post=12715"},{"taxonomy":"product_tag","embeddable":true,"href":"https:\/\/get-aguide.com\/de\/wp-json\/wp\/v2\/product_tag?post=12715"}],"curies":[{"name":"wp","href":"https:\/\/api.w.org\/{rel}","templated":true}]}}