{"id":12765,"date":"2025-05-29T13:18:49","date_gmt":"2025-05-29T13:18:49","guid":{"rendered":"https:\/\/get-aguide.com\/?post_type=product&#038;p=12765"},"modified":"2025-07-09T01:42:10","modified_gmt":"2025-07-09T01:42:10","slug":"delphinhaus","status":"publish","type":"product","link":"https:\/\/get-aguide.com\/de\/produkt\/delphinhaus\/","title":{"rendered":"Delphinhaus"},"content":{"rendered":"<ul>\n<li class=\"nonelist\">\n<h2>Ausflug zum Dolphin House Hurghada (Delfintag auf See)<\/h2>\n<ul>\n<li class=\"nonelist\"><em class=\"fa-green fa-solid fa-circle-info\">\u00a0<\/em><strong>Wir<\/strong>\u00a0\u00a0laden Sie ein, ein einzigartiges Abenteuer zu erleben, indem Sie mit Delfinen in ihrem nat\u00fcrlichen Lebensraum schwimmen, Korallenriffe erkunden und das reiche Meeresleben des Roten Meeres bewundern.<\/li>\n<li class=\"nonelist\"><em class=\"fa-green fa-solid fa-circle-info\">\u00a0<\/em>Dolphin House Day at Sea Hurghada: 1 Stopp zum Schwimmen und\/oder Delfinbeobachtung + 2 Schnorchelstopps an verschiedenen Stellen + Mittagsbuffet + unbegrenzte Getr\u00e4nke f\u00fcr einen unvergesslichen Tag.<\/li>\n<li class=\"nonelist\"><em class=\"fa-green fa-solid fa-circle-info\">\u00a0<\/em>Dieses Programm bietet eine perfekte Balance aus Abenteuer, Entdeckung und Entspannung im kristallklaren Wasser des Roten Meeres.<\/li>\n<\/ul>\n<p>&nbsp;<\/p>\n<ul>\n<li class=\"nonelist\">\n<h3><em class=\"fa-green fa-regular fa-calendar-days\">\u00a0<\/em><strong>Wochentage und Dauer:<\/strong><\/h3>\n<ul>\n<li class=\"nonelist\">T\u00e4glich.<\/li>\n<li class=\"nonelist\">Von 8:00 bis 15:00 Uhr (Abfahrts- und R\u00fcckfahrtzeiten h\u00e4ngen vom Standort des Hotels in Hurghada ab und werden nach der Buchung best\u00e4tigt).<\/li>\n<li class=\"nonelist\">Ganzt\u00e4giger Ausflug (ca. 6 bis 7 Stunden, inklusive Transfers).<\/li>\n<\/ul>\n<\/li>\n<\/ul>\n<p>&nbsp;<\/p>\n<ul>\n<li class=\"nonelist\">\n<h3><em class=\"fa-green fa-solid fa-rectangle-list\">\u00a0<\/em><strong>Programm:<\/strong><\/h3>\n<ul>\n<li class=\"nonelist\"><strong>Abholung vom Hotel:\u00a0<\/strong>\u00a0Zwischen 7:30 und 8:30 Uhr (je nach Standort Ihres Hotels).<\/li>\n<li class=\"nonelist\"><strong>Abfahrt vom Yachthafen:\u00a0<\/strong>\u00a0Das Boot legt gegen 10:00 Uhr ab.<\/li>\n<li class=\"nonelist\"><strong>Delfinsuche:\u00a0<\/strong>\u00a0Der Ausflug wird von Profis organisiert, die ihr Bestes tun, um die Delfine unter den besten Bedingungen zu finden und sich ihnen zu n\u00e4hern, sodass Sie mit ihnen schwimmen k\u00f6nnen und gleichzeitig die Umwelt und die Tiere respektieren.<\/li>\n<li class=\"nonelist\"><strong>Hinweise:\u00a0<\/strong>\u00a0Nach einer Einweisung in das Verhalten im Wasser schwimmen Sie unter Aufsicht zweier erfahrener Guides.<\/li>\n<li class=\"nonelist\"><strong>Hinweise:\u00a0<\/strong>\u00a0Sie machen mehrere Stopps an unterschiedlichen Orten, je nachdem, wo sich die Delfine befinden.<\/li>\n<li class=\"nonelist\"><strong>Hinweise:\u00a0<\/strong>\u00a0Bitte beachten Sie, dass Begegnungen mit Delfinen nicht garantiert werden k\u00f6nnen, da sich die Tiere in ihrem nat\u00fcrlichen Lebensraum befinden. Sollten wir sie nicht finden, erfolgt keine R\u00fcckerstattung.<\/li>\n<li class=\"nonelist\"><strong>Schnorcheln:\u00a0<\/strong>\u00a0Das Schnorcheln findet in einem lebendigen Korallenriff statt, wo Sie die Unterwasserwelt voller bunter Fische, Korallen und anderer Meereslebewesen erkunden k\u00f6nnen.<\/li>\n<li class=\"nonelist\"><strong>Mittagessen (Buffet) und Getr\u00e4nke:\u00a0<\/strong>\u00a0Das Mittagessen wird in der Regel in Buffetform serviert, wobei auf unterschiedliche Ern\u00e4hrungsw\u00fcnsche eingegangen wird.<\/li>\n<li class=\"nonelist\"><strong>R\u00fcckkehr zum Yachthafen:\u00a0<\/strong>\u00a0Gegen 15:00 Uhr f\u00e4hrt das Boot zur\u00fcck zum Yachthafen, wo die Fahrer auf Sie warten, um Sie zu Ihrem Hotel zur\u00fcckzubringen.<\/li>\n<\/ul>\n<\/li>\n<\/ul>\n<\/li>\n<\/ul>\n<h3><strong>Dauer<\/strong><\/h3>\n<p>Abholung: Gegen 08:00 Uhr (abh\u00e4ngig vom Standort Ihres Hotels in Hurghada).<\/p>\n<h5>Bei Fragen kontaktieren Sie uns:<a href=\"https:\/\/wa.me\/+201069089904\" target=\"_blank\" rel=\"noopener\"><img decoding=\"async\" class=\"alignnone wp-image-13655\" src=\"https:\/\/alivoyage.com\/wp-content\/uploads\/2024\/03\/whatsapp-svgrepo-com.svg\" alt=\"\" width=\"42\" height=\"42\" \/><\/a><\/h5>\n<div class=\"desc-p havezic-single-content\">\n<div class=\"elementor-element elementor-element-6d80088b ba-content__one elementor-widget elementor-widget-gva_ba_item_content\" data-id=\"6d80088b\" data-element_type=\"widget\" data-widget_type=\"gva_ba_item_content.default\">\n<div class=\"elementor-widget-container\">\n<div class=\"gowilds-gva_ba_item_content gowilds-element\">\n<div class=\"gowilds-single-content\"><\/div>\n<\/div>\n<\/div>\n<\/div>\n<\/div>\n","protected":false},"excerpt":{"rendered":"<p>Ausflug zum Dolphin House Hurghada (Delfintag auf See) \u00a0Wir\u00a0\u00a0laden Sie ein, ein einzigartiges Abenteuer zu erleben, indem Sie mit Delfinen in ihrem nat\u00fcrlichen Lebensraum schwimmen, Korallenriffe erkunden und das reiche Meeresleben des Roten Meeres bewundern. \u00a0Dolphin House Day at Sea Hurghada: 1 Stopp zum Schwimmen und\/oder Delfinbeobachtung + 2 Schnorchelstopps an verschiedenen Stellen + Mittagsbuffet + unbegrenzte Getr\u00e4nke f\u00fcr einen unvergesslichen Tag. \u00a0Dieses Programm bietet eine perfekte Balance aus Abenteuer, Entdeckung und Entspannung im kristallklaren Wasser des Roten Meeres. &nbsp; \u00a0Wochentage und Dauer: T\u00e4glich. Von 8:00 bis 15:00 Uhr (Abfahrts- und R\u00fcckfahrtzeiten h\u00e4ngen vom Standort des Hotels in Hurghada ab und werden nach der Buchung best\u00e4tigt). Ganzt\u00e4giger Ausflug (ca. 6 bis 7 Stunden, inklusive Transfers). &nbsp; \u00a0Programm: Abholung vom Hotel:\u00a0\u00a0Zwischen 7:30 und 8:30 Uhr (je nach Standort Ihres Hotels). Abfahrt vom Yachthafen:\u00a0\u00a0Das Boot legt gegen 10:00 Uhr ab. Delfinsuche:\u00a0\u00a0Der Ausflug wird von Profis organisiert, die ihr Bestes tun, um die Delfine unter den besten Bedingungen zu finden und sich ihnen zu n\u00e4hern, sodass Sie mit ihnen schwimmen k\u00f6nnen und gleichzeitig die Umwelt und die Tiere respektieren. Hinweise:\u00a0\u00a0Nach einer Einweisung in das Verhalten im Wasser schwimmen Sie unter Aufsicht zweier erfahrener Guides. Hinweise:\u00a0\u00a0Sie machen mehrere Stopps an unterschiedlichen Orten, je nachdem, wo sich die Delfine befinden. Hinweise:\u00a0\u00a0Bitte beachten Sie, dass Begegnungen mit Delfinen nicht garantiert werden k\u00f6nnen, da sich die Tiere in ihrem nat\u00fcrlichen Lebensraum befinden. Sollten wir sie nicht finden, erfolgt keine R\u00fcckerstattung. Schnorcheln:\u00a0\u00a0Das Schnorcheln findet in einem lebendigen Korallenriff statt, wo Sie die Unterwasserwelt voller bunter Fische, Korallen und anderer Meereslebewesen erkunden k\u00f6nnen. Mittagessen (Buffet) und Getr\u00e4nke:\u00a0\u00a0Das Mittagessen wird in der Regel in Buffetform serviert, wobei auf unterschiedliche Ern\u00e4hrungsw\u00fcnsche eingegangen wird. R\u00fcckkehr zum Yachthafen:\u00a0\u00a0Gegen 15:00 Uhr f\u00e4hrt das Boot zur\u00fcck zum Yachthafen, wo die Fahrer auf Sie warten, um Sie zu Ihrem Hotel zur\u00fcckzubringen. Dauer Abholung: Gegen 08:00 Uhr (abh\u00e4ngig vom Standort Ihres Hotels in Hurghada). Bei Fragen kontaktieren Sie uns:<\/p>\n","protected":false},"featured_media":12766,"comment_status":"open","ping_status":"closed","template":"","meta":{"_monsterinsights_skip_tracking":false,"_monsterinsights_sitenote_active":false,"_monsterinsights_sitenote_note":"","_monsterinsights_sitenote_category":0},"product_brand":[],"product_cat":[91],"product_tag":[],"class_list":{"0":"post-12765","1":"product","2":"type-product","3":"status-publish","4":"has-post-thumbnail","6":"product_cat-seereisen","8":"first","9":"instock","10":"shipping-taxable","11":"purchasable","12":"product-type-ovabrw_car_rental"},"_links":{"self":[{"href":"https:\/\/get-aguide.com\/de\/wp-json\/wp\/v2\/product\/12765","targetHints":{"allow":["GET"]}}],"collection":[{"href":"https:\/\/get-aguide.com\/de\/wp-json\/wp\/v2\/product"}],"about":[{"href":"https:\/\/get-aguide.com\/de\/wp-json\/wp\/v2\/types\/product"}],"replies":[{"embeddable":true,"href":"https:\/\/get-aguide.com\/de\/wp-json\/wp\/v2\/comments?post=12765"}],"wp:featuredmedia":[{"embeddable":true,"href":"https:\/\/get-aguide.com\/de\/wp-json\/wp\/v2\/media\/12766"}],"wp:attachment":[{"href":"https:\/\/get-aguide.com\/de\/wp-json\/wp\/v2\/media?parent=12765"}],"wp:term":[{"taxonomy":"product_brand","embeddable":true,"href":"https:\/\/get-aguide.com\/de\/wp-json\/wp\/v2\/product_brand?post=12765"},{"taxonomy":"product_cat","embeddable":true,"href":"https:\/\/get-aguide.com\/de\/wp-json\/wp\/v2\/product_cat?post=12765"},{"taxonomy":"product_tag","embeddable":true,"href":"https:\/\/get-aguide.com\/de\/wp-json\/wp\/v2\/product_tag?post=12765"}],"curies":[{"name":"wp","href":"https:\/\/api.w.org\/{rel}","templated":true}]}}