{"id":12831,"date":"2025-05-29T13:27:28","date_gmt":"2025-05-29T13:27:28","guid":{"rendered":"https:\/\/get-aguide.com\/?post_type=product&#038;p=12831"},"modified":"2025-05-29T13:30:32","modified_gmt":"2025-05-29T13:30:32","slug":"hula-hula-insel","status":"publish","type":"product","link":"https:\/\/get-aguide.com\/de\/produkt\/hula-hula-insel\/","title":{"rendered":"Hula-Hula-Insel"},"content":{"rendered":"<ul>\n<li class=\"nonelist\">\n<h2><span>Hula-Hula-Inselausflug in Hurghada<\/span><\/h2>\n<ul>\n<li class=\"nonelist\">\u00a0<strong>Begleiten Sie uns<\/strong>\u00a0\u00a0auf einer unvergesslichen Reise in die \u00e4gyptische Karibik! Schwimmen und schnorcheln Sie im kristallklaren Wasser des Roten Meeres und entdecken Sie die atemberaubende Unterwasserwelt.<\/li>\n<li class=\"nonelist\">\u00a0Hula Hula Island Hurghada: 1,5 Stunden auf der Insel + 1 Schnorchelstopp + Mittagsbuffet + unbegrenzte Getr\u00e4nke + Wasseraktivit\u00e4ten f\u00fcr einen perfekten Tag voller Spa\u00df und Entspannung.<\/li>\n<li class=\"nonelist\">\u00a0<span>Diese Tour bietet die perfekte Mischung aus Abenteuer, Entspannung und Erkundung an einem der sch\u00f6nsten Reiseziele in der N\u00e4he von Hurghada.<\/span><\/li>\n<\/ul>\n<div class=\"vc_row wpb_row vc_row-fluid\">\n<div class=\"wpb_column vc_column_container vc_col-sm-12\">\n<div class=\"vc_column-inner\">\n<div class=\"wpb_wrapper\">\n<div class=\"wpb_text_column wpb_content_element \">\n<div class=\"wpb_wrapper\">\n<div class=\"wpb_wrapper\">\n<h3><em class=\"fa-green fa-regular fa-calendar-days\">\u00a0<\/em><strong><span>Zeitplan und Dauer:<\/span><\/strong><\/h3>\n<ul>\n<li><span>T\u00e4glich verf\u00fcgbar.<\/span><\/li>\n<li><span>Von 8:00 bis 16:00 Uhr (die Uhrzeit kann je nach Hotelstandort variieren und wird nach der Buchung best\u00e4tigt).<\/span><\/li>\n<li><span>Ganzt\u00e4giger Ausflug (ca. 7\u20138 Stunden, inklusive Transfers).<\/span><\/li>\n<\/ul>\n<h3><em class=\"fa-green fa-solid fa-rectangle-list\">\u00a0<\/em><strong><span>Ausflugsverlauf:<\/span><\/strong><\/h3>\n<ul>\n<li><strong><span>Abholung vom Hotel:<\/span><\/strong><span>\u00a0\u00a0Zwischen 7:30 und 8:30 Uhr (je nach Hotelstandort).<\/span><\/li>\n<li><strong><span>Abfahrt vom Yachthafen:<\/span><\/strong><span>\u00a0\u00a0Das Boot legt gegen 10:00 Uhr ab.<\/span><\/li>\n<li><strong><span>Schnorchelstopp:<\/span><\/strong><span>\u00a0\u00a0Erkunden Sie ein farbenfrohes Korallenriff voller tropischer Fische und Meereslebewesen.<\/span><\/li>\n<li><strong><span>Mittagsbuffet und Getr\u00e4nke:<\/span><\/strong><span>\u00a0\u00a0Genie\u00dfen Sie eine Auswahl k\u00f6stlicher Gerichte und unbegrenzt alkoholfreie Getr\u00e4nke.<\/span><\/li>\n<li><strong><span>Wasseraktivit\u00e4ten:<\/span><\/strong><span>\u00a0\u00a0Erleben Sie aufregende Fahrten wie mit dem Bananenboot und dem Sofa.<\/span><\/li>\n<li><strong><span>Ankunft auf der Insel Hula Hula:<\/span><\/strong><span>\u00a0\u00a0Entspannen Sie am Sandstrand, schwimmen Sie im kristallklaren Wasser oder nehmen Sie an Strandaktivit\u00e4ten teil.<\/span><\/li>\n<li><strong><span>Freizeit auf der Insel:<\/span><\/strong><span>\u00a0\u00a0Genie\u00dfen Sie 1,5 Stunden zum Erkunden, Sonnenbaden oder f\u00fcr andere Aktivit\u00e4ten.<\/span><\/li>\n<li><strong><span>R\u00fcckkehr zum Yachthafen:<\/span><\/strong><span>\u00a0\u00a0Gegen 15:30 Uhr f\u00e4hrt das Boot zur\u00fcck und der Transport bringt Sie zu Ihrem Hotel.<\/span><\/li>\n<\/ul>\n<h3><strong><span>Was Sie mitbringen sollten:<\/span><\/strong><\/h3>\n<ul>\n<li><span>Handtuch.<\/span><\/li>\n<li><span>Sonnenschutz.<\/span><\/li>\n<li><span>Sonnenbrille und Hut.<\/span><\/li>\n<li><span>Kamera oder GoPro.<\/span><\/li>\n<li><span>Passfoto auf Ihrem Telefon.<\/span><\/li>\n<li><span>Bargeld f\u00fcr optionale Extras.<\/span><\/li>\n<\/ul>\n<h3><strong><span>Dauer<\/span><\/strong><\/h3>\n<p><span>Erste Reise:<\/span><\/p>\n<p><span>Abholung: Gegen 08:00 Uhr (abh\u00e4ngig vom Standort Ihres Hotels in Hurghada).<\/span><\/p>\n<p><span>Zweite Reise:<\/span><\/p>\n<p><span>Abholung: Gegen 10:00 Uhr (abh\u00e4ngig von der Lage Ihres Hotels in Hurghada)<\/span><\/p>\n<ul>\n<li><span>Bitte w\u00e4hlen Sie Ihre Abholzeit und teilen Sie uns diese in den Buchungshinweisen mit.<\/span><\/li>\n<\/ul>\n<h5><span>Bei Fragen kontaktieren Sie uns:<\/span><a href=\"https:\/\/wa.me\/+201069089904\" target=\"_blank\" rel=\"noopener\"><img decoding=\"async\" class=\"alignnone wp-image-13655\" src=\"https:\/\/alivoyage.com\/wp-content\/uploads\/2024\/03\/whatsapp-svgrepo-com.svg\" alt=\"\" width=\"42\" height=\"42\" \/><\/a><\/h5>\n<\/div>\n<\/div>\n<\/div>\n<\/div>\n<\/div>\n<\/div>\n<\/div>\n<div id=\"tour-included-excluded\" class=\"content-product-item tour-included-excluded-wrapper\"><\/div>\n<\/li>\n<\/ul>\n","protected":false},"excerpt":{"rendered":"<p>Hula-Hula-Inselausflug in Hurghada \u00a0Begleiten Sie uns\u00a0\u00a0auf einer unvergesslichen Reise in die \u00e4gyptische Karibik! Schwimmen und schnorcheln Sie im kristallklaren Wasser des Roten Meeres und entdecken Sie die atemberaubende Unterwasserwelt. \u00a0Hula Hula Island Hurghada: 1,5 Stunden auf der Insel + 1 Schnorchelstopp + Mittagsbuffet + unbegrenzte Getr\u00e4nke + Wasseraktivit\u00e4ten f\u00fcr einen perfekten Tag voller Spa\u00df und Entspannung. \u00a0Diese Tour bietet die perfekte Mischung aus Abenteuer, Entspannung und Erkundung an einem der sch\u00f6nsten Reiseziele in der N\u00e4he von Hurghada. \u00a0Zeitplan und Dauer: T\u00e4glich verf\u00fcgbar. Von 8:00 bis 16:00 Uhr (die Uhrzeit kann je nach Hotelstandort variieren und wird nach der Buchung best\u00e4tigt). Ganzt\u00e4giger Ausflug (ca. 7\u20138 Stunden, inklusive Transfers). \u00a0Ausflugsverlauf: Abholung vom Hotel:\u00a0\u00a0Zwischen 7:30 und 8:30 Uhr (je nach Hotelstandort). Abfahrt vom Yachthafen:\u00a0\u00a0Das Boot legt gegen 10:00 Uhr ab. Schnorchelstopp:\u00a0\u00a0Erkunden Sie ein farbenfrohes Korallenriff voller tropischer Fische und Meereslebewesen. Mittagsbuffet und Getr\u00e4nke:\u00a0\u00a0Genie\u00dfen Sie eine Auswahl k\u00f6stlicher Gerichte und unbegrenzt alkoholfreie Getr\u00e4nke. Wasseraktivit\u00e4ten:\u00a0\u00a0Erleben Sie aufregende Fahrten wie mit dem Bananenboot und dem Sofa. Ankunft auf der Insel Hula Hula:\u00a0\u00a0Entspannen Sie am Sandstrand, schwimmen Sie im kristallklaren Wasser oder nehmen Sie an Strandaktivit\u00e4ten teil. Freizeit auf der Insel:\u00a0\u00a0Genie\u00dfen Sie 1,5 Stunden zum Erkunden, Sonnenbaden oder f\u00fcr andere Aktivit\u00e4ten. R\u00fcckkehr zum Yachthafen:\u00a0\u00a0Gegen 15:30 Uhr f\u00e4hrt das Boot zur\u00fcck und der Transport bringt Sie zu Ihrem Hotel. Was Sie mitbringen sollten: Handtuch. Sonnenschutz. Sonnenbrille und Hut. Kamera oder GoPro. Passfoto auf Ihrem Telefon. Bargeld f\u00fcr optionale Extras. Dauer Erste Reise: Abholung: Gegen 08:00 Uhr (abh\u00e4ngig vom Standort Ihres Hotels in Hurghada). Zweite Reise: Abholung: Gegen 10:00 Uhr (abh\u00e4ngig von der Lage Ihres Hotels in Hurghada) Bitte w\u00e4hlen Sie Ihre Abholzeit und teilen Sie uns diese in den Buchungshinweisen mit. Bei Fragen kontaktieren Sie uns:<\/p>\n","protected":false},"featured_media":12832,"comment_status":"open","ping_status":"closed","template":"","meta":{"_monsterinsights_skip_tracking":false,"_monsterinsights_sitenote_active":false,"_monsterinsights_sitenote_note":"","_monsterinsights_sitenote_category":0},"product_brand":[],"product_cat":[91],"product_tag":[],"class_list":{"0":"post-12831","1":"product","2":"type-product","3":"status-publish","4":"has-post-thumbnail","6":"product_cat-seereisen","8":"first","9":"instock","10":"shipping-taxable","11":"purchasable","12":"product-type-ovabrw_car_rental"},"_links":{"self":[{"href":"https:\/\/get-aguide.com\/de\/wp-json\/wp\/v2\/product\/12831","targetHints":{"allow":["GET"]}}],"collection":[{"href":"https:\/\/get-aguide.com\/de\/wp-json\/wp\/v2\/product"}],"about":[{"href":"https:\/\/get-aguide.com\/de\/wp-json\/wp\/v2\/types\/product"}],"replies":[{"embeddable":true,"href":"https:\/\/get-aguide.com\/de\/wp-json\/wp\/v2\/comments?post=12831"}],"wp:featuredmedia":[{"embeddable":true,"href":"https:\/\/get-aguide.com\/de\/wp-json\/wp\/v2\/media\/12832"}],"wp:attachment":[{"href":"https:\/\/get-aguide.com\/de\/wp-json\/wp\/v2\/media?parent=12831"}],"wp:term":[{"taxonomy":"product_brand","embeddable":true,"href":"https:\/\/get-aguide.com\/de\/wp-json\/wp\/v2\/product_brand?post=12831"},{"taxonomy":"product_cat","embeddable":true,"href":"https:\/\/get-aguide.com\/de\/wp-json\/wp\/v2\/product_cat?post=12831"},{"taxonomy":"product_tag","embeddable":true,"href":"https:\/\/get-aguide.com\/de\/wp-json\/wp\/v2\/product_tag?post=12831"}],"curies":[{"name":"wp","href":"https:\/\/api.w.org\/{rel}","templated":true}]}}