{"id":12868,"date":"2025-05-29T13:31:31","date_gmt":"2025-05-29T13:31:31","guid":{"rendered":"https:\/\/get-aguide.com\/?post_type=product&#038;p=12868"},"modified":"2025-07-09T01:40:37","modified_gmt":"2025-07-09T01:40:37","slug":"paradiesinsel-ab-hurghada","status":"publish","type":"product","link":"https:\/\/get-aguide.com\/de\/produkt\/paradiesinsel-ab-hurghada\/","title":{"rendered":"Paradiesinsel ab Hurghada"},"content":{"rendered":"<ul>\n<li class=\"nonelist\">\n<h2>\u00dcberblick<\/h2>\n<h2>Paradiesinsel<\/h2>\n<p>Lassen Sie sich morgens bequem von Ihrem Hotel abholen und fahren Sie zum Yachthafen f\u00fcr Ihre Bootsfahrt zur Paradiesinsel in der N\u00e4he von Hurghada. Genie\u00dfen Sie eine 45-min\u00fctige Fahrt mit einem Schnorchelstopp im klaren Wasser des Roten Meeres. Beobachten Sie Clownfische, Mantas, Delfine und farbenfrohe Korallen. Entspannen Sie am Strand von Paradise Island mit seinen Holzh\u00fctten und Sonnenschirmen \u2013 ideal zum Schwimmen und Fotografieren. Schnorcheln Sie anschlie\u00dfend in der N\u00e4he des Korallenriffs und genie\u00dfen Sie ein k\u00f6stliches Mittagessen an Bord mit Erfrischungsgetr\u00e4nken und Wasseraktivit\u00e4ten wie Bananen- und Sofafahrten. Kinderanimation wird am Strand ebenfalls angeboten.<\/p>\n<p>&nbsp;<\/p>\n<div class=\"vc_row wpb_row vc_row-fluid\">\n<div class=\"wpb_column vc_column_container vc_col-sm-12\">\n<div class=\"vc_column-inner\">\n<div class=\"wpb_wrapper\">\n<div class=\"heading left\">\n<div class=\"vc_row wpb_row vc_row-fluid\">\n<div class=\"wpb_column vc_column_container vc_col-sm-12\">\n<div class=\"vc_column-inner\">\n<div class=\"wpb_wrapper\">\n<div class=\"heading left\">\n<h3><strong>Highlights:<\/strong><\/h3>\n<\/div>\n<\/div>\n<\/div>\n<\/div>\n<\/div>\n<div class=\"vc_row wpb_row vc_row-fluid\">\n<div class=\"wpb_column vc_column_container vc_col-sm-12\">\n<div class=\"vc_column-inner\">\n<div class=\"wpb_wrapper\">\n<div class=\"wpb_text_column wpb_content_element \">\n<div class=\"wpb_wrapper\">\n<ul>\n<li>Genie\u00dfen Sie das Schwimmen und Schnorcheln inmitten der einzigartigen Fischvielfalt entlang der K\u00fcste<\/li>\n<li>Erkunden Sie die fantastische Unterwasserwelt von Paradise Island<\/li>\n<li>Genie\u00dfen Sie Schnorchelstopps an verschiedenen Orten<\/li>\n<li>Entspannen Sie am Strand der Paradiesinsel<\/li>\n<li>Genie\u00dfen Sie das Mittagessen auf der Insel.<\/li>\n<li>Genie\u00dfen Sie ein verr\u00fccktes bananenf\u00f6rmiges Boot<\/li>\n<\/ul>\n<p>&nbsp;<\/p>\n<\/div>\n<\/div>\n<\/div>\n<\/div>\n<\/div>\n<\/div>\n<\/div>\n<\/div>\n<\/div>\n<\/div>\n<\/div>\n<div class=\"vc_row wpb_row vc_row-fluid\">\n<div class=\"wpb_column vc_column_container vc_col-sm-12\">\n<div class=\"vc_column-inner\">\n<div class=\"wpb_wrapper\">\n<div class=\"wpb_text_column wpb_content_element \">\n<div class=\"wpb_wrapper\">\n<div class=\"heading left\">\n<div class=\"heading left\">\n<h3><strong>Was soll ich mitnehmen?<\/strong><\/h3>\n<\/div>\n<div class=\"wpb_text_column wpb_content_element \">\n<div class=\"wpb_wrapper\">\n<ul>\n<li>Badetuch<\/li>\n<li>Sonnenbrille<\/li>\n<li>Sonnenschutz<\/li>\n<li>Bademode<\/li>\n<li>Foto-\/Videoausr\u00fcstung<\/li>\n<\/ul>\n<\/div>\n<\/div>\n<\/div>\n<div class=\"wpb_text_column wpb_content_element \">\n<div class=\"wpb_wrapper\">\n<h3><strong>Dauer<\/strong><\/h3>\n<p>Erste Reise:<\/p>\n<p>Abholung: Gegen 08:00 Uhr (abh\u00e4ngig vom Standort Ihres Hotels in Hurghada).<\/p>\n<p>Zweite Reise:<\/p>\n<p>Abholung: Gegen 10:00 Uhr (abh\u00e4ngig von der Lage Ihres Hotels in Hurghada)<\/p>\n<ul>\n<li>Bitte w\u00e4hlen Sie Ihre Abholzeit und teilen Sie uns diese in den Buchungshinweisen mit.<\/li>\n<\/ul>\n<h5>Bei Fragen kontaktieren Sie uns:<a href=\"https:\/\/wa.me\/+201069089904\" target=\"_blank\" rel=\"noopener\"><img decoding=\"async\" class=\"alignnone wp-image-13655\" src=\"https:\/\/alivoyage.com\/wp-content\/uploads\/2024\/03\/whatsapp-svgrepo-com.svg\" alt=\"\" width=\"42\" height=\"42\" \/><\/a><\/h5>\n<\/div>\n<\/div>\n<\/div>\n<\/div>\n<\/div>\n<\/div>\n<\/div>\n<\/div>\n<\/li>\n<\/ul>\n","protected":false},"excerpt":{"rendered":"<p>\u00dcberblick Paradiesinsel Lassen Sie sich morgens bequem von Ihrem Hotel abholen und fahren Sie zum Yachthafen f\u00fcr Ihre Bootsfahrt zur Paradiesinsel in der N\u00e4he von Hurghada. Genie\u00dfen Sie eine 45-min\u00fctige Fahrt mit einem Schnorchelstopp im klaren Wasser des Roten Meeres. Beobachten Sie Clownfische, Mantas, Delfine und farbenfrohe Korallen. Entspannen Sie am Strand von Paradise Island mit seinen Holzh\u00fctten und Sonnenschirmen \u2013 ideal zum Schwimmen und Fotografieren. Schnorcheln Sie anschlie\u00dfend in der N\u00e4he des Korallenriffs und genie\u00dfen Sie ein k\u00f6stliches Mittagessen an Bord mit Erfrischungsgetr\u00e4nken und Wasseraktivit\u00e4ten wie Bananen- und Sofafahrten. Kinderanimation wird am Strand ebenfalls angeboten. &nbsp; Highlights: Genie\u00dfen Sie das Schwimmen und Schnorcheln inmitten der einzigartigen Fischvielfalt entlang der K\u00fcste Erkunden Sie die fantastische Unterwasserwelt von Paradise Island Genie\u00dfen Sie Schnorchelstopps an verschiedenen Orten Entspannen Sie am Strand der Paradiesinsel Genie\u00dfen Sie das Mittagessen auf der Insel. Genie\u00dfen Sie ein verr\u00fccktes bananenf\u00f6rmiges Boot &nbsp; Was soll ich mitnehmen? Badetuch Sonnenbrille Sonnenschutz Bademode Foto-\/Videoausr\u00fcstung Dauer Erste Reise: Abholung: Gegen 08:00 Uhr (abh\u00e4ngig vom Standort Ihres Hotels in Hurghada). Zweite Reise: Abholung: Gegen 10:00 Uhr (abh\u00e4ngig von der Lage Ihres Hotels in Hurghada) Bitte w\u00e4hlen Sie Ihre Abholzeit und teilen Sie uns diese in den Buchungshinweisen mit. Bei Fragen kontaktieren Sie uns:<\/p>\n","protected":false},"featured_media":12869,"comment_status":"open","ping_status":"closed","template":"","meta":{"_monsterinsights_skip_tracking":false,"_monsterinsights_sitenote_active":false,"_monsterinsights_sitenote_note":"","_monsterinsights_sitenote_category":0},"product_brand":[],"product_cat":[91],"product_tag":[],"class_list":{"0":"post-12868","1":"product","2":"type-product","3":"status-publish","4":"has-post-thumbnail","6":"product_cat-seereisen","8":"first","9":"instock","10":"shipping-taxable","11":"purchasable","12":"product-type-ovabrw_car_rental"},"_links":{"self":[{"href":"https:\/\/get-aguide.com\/de\/wp-json\/wp\/v2\/product\/12868","targetHints":{"allow":["GET"]}}],"collection":[{"href":"https:\/\/get-aguide.com\/de\/wp-json\/wp\/v2\/product"}],"about":[{"href":"https:\/\/get-aguide.com\/de\/wp-json\/wp\/v2\/types\/product"}],"replies":[{"embeddable":true,"href":"https:\/\/get-aguide.com\/de\/wp-json\/wp\/v2\/comments?post=12868"}],"wp:featuredmedia":[{"embeddable":true,"href":"https:\/\/get-aguide.com\/de\/wp-json\/wp\/v2\/media\/12869"}],"wp:attachment":[{"href":"https:\/\/get-aguide.com\/de\/wp-json\/wp\/v2\/media?parent=12868"}],"wp:term":[{"taxonomy":"product_brand","embeddable":true,"href":"https:\/\/get-aguide.com\/de\/wp-json\/wp\/v2\/product_brand?post=12868"},{"taxonomy":"product_cat","embeddable":true,"href":"https:\/\/get-aguide.com\/de\/wp-json\/wp\/v2\/product_cat?post=12868"},{"taxonomy":"product_tag","embeddable":true,"href":"https:\/\/get-aguide.com\/de\/wp-json\/wp\/v2\/product_tag?post=12868"}],"curies":[{"name":"wp","href":"https:\/\/api.w.org\/{rel}","templated":true}]}}