{"id":12913,"date":"2025-05-29T13:36:44","date_gmt":"2025-05-29T13:36:44","guid":{"rendered":"https:\/\/get-aguide.com\/?post_type=product&#038;p=12913"},"modified":"2025-05-29T13:40:35","modified_gmt":"2025-05-29T13:40:35","slug":"mahmya-insel","status":"publish","type":"product","link":"https:\/\/get-aguide.com\/de\/produkt\/mahmya-insel\/","title":{"rendered":"Mahmya-Insel"},"content":{"rendered":"<ul>\n<li class=\"nonelist\">\n<h2><span>\u00dcberblick<\/span><\/h2>\n<h2><span>Mahmya-Insel<\/span><\/h2>\n<p><span>Erkunden Sie die farbenfrohen Korallenriffe und Unterwasserg\u00e4rten der Insel Mahmya im gesch\u00fctzten Giftun-Nationalpark. Begegnen Sie Delfinen, bunten Fischschw\u00e4rmen und mehr beim Schnorcheln im klaren Wasser. Entspannen Sie an unber\u00fchrten wei\u00dfen Sandstr\u00e4nden und schwimmen Sie im kristallklaren Meer.<\/span><\/p>\n<h3><strong><span>Highlights:<\/span><\/strong><\/h3>\n<div class=\"highlights\">\n<ul>\n<li><span>Erkunden Sie die Unterwasserwelt des Roten Meeres<\/span><\/li>\n<li><span>Segeln Sie zur gesch\u00fctzten Insel Mahmya<\/span><\/li>\n<li><span>Halten Sie Ausschau nach den verspielten Delfinen im Giftun Island Nationalpark<\/span><\/li>\n<li><span>Genie\u00dfen Sie ein Mittagessen mit Meeresfr\u00fcchten und italienischen Spezialit\u00e4ten<\/span><\/li>\n<li><span>Entspannen Sie an wei\u00dfen Sandstr\u00e4nden und schwimmen Sie im kristallklaren Meer<\/span><\/li>\n<\/ul>\n<h3><strong><span>Was Sie mitnehmen sollten:<\/span><\/strong><\/h3>\n<ul>\n<li><span>Badetuch<\/span><\/li>\n<li><span>Sonnenbrille<\/span><\/li>\n<li><span>Sonnenschutz<\/span><\/li>\n<li><span>Bademode<\/span><\/li>\n<li><span>Foto-\/Videoausr\u00fcstung<\/span><\/li>\n<\/ul>\n<\/div>\n<h3><strong><span>Dauer<\/span><\/strong><\/h3>\n<p><span>Abholung: Gegen 08:00 Uhr (abh\u00e4ngig vom Standort Ihres Hotels in Hurghada).<\/span><\/p>\n<h5><span>Bei Fragen kontaktieren Sie uns:<\/span><a href=\"https:\/\/wa.me\/+201069089904\" target=\"_blank\" rel=\"noopener\"><img decoding=\"async\" class=\"alignnone wp-image-13655\" src=\"https:\/\/alivoyage.com\/wp-content\/uploads\/2024\/03\/whatsapp-svgrepo-com.svg\" alt=\"\" width=\"42\" height=\"42\" \/><\/a><\/h5>\n<div class=\"vc_row wpb_row vc_row-fluid\">\n<div class=\"wpb_column vc_column_container vc_col-sm-12\">\n<div class=\"vc_column-inner\">\n<div class=\"wpb_wrapper\">\n<div class=\"wpb_text_column wpb_content_element \">\n<div class=\"wpb_wrapper\">\n<div class=\"wpb_text_column wpb_content_element \">\n<div class=\"wpb_wrapper\"><\/div>\n<\/div>\n<\/div>\n<\/div>\n<\/div>\n<\/div>\n<\/div>\n<\/div>\n<\/li>\n<\/ul>\n","protected":false},"excerpt":{"rendered":"<p>\u00dcberblick Mahmya-Insel Erkunden Sie die farbenfrohen Korallenriffe und Unterwasserg\u00e4rten der Insel Mahmya im gesch\u00fctzten Giftun-Nationalpark. Begegnen Sie Delfinen, bunten Fischschw\u00e4rmen und mehr beim Schnorcheln im klaren Wasser. Entspannen Sie an unber\u00fchrten wei\u00dfen Sandstr\u00e4nden und schwimmen Sie im kristallklaren Meer. Highlights: Erkunden Sie die Unterwasserwelt des Roten Meeres Segeln Sie zur gesch\u00fctzten Insel Mahmya Halten Sie Ausschau nach den verspielten Delfinen im Giftun Island Nationalpark Genie\u00dfen Sie ein Mittagessen mit Meeresfr\u00fcchten und italienischen Spezialit\u00e4ten Entspannen Sie an wei\u00dfen Sandstr\u00e4nden und schwimmen Sie im kristallklaren Meer Was Sie mitnehmen sollten: Badetuch Sonnenbrille Sonnenschutz Bademode Foto-\/Videoausr\u00fcstung Dauer Abholung: Gegen 08:00 Uhr (abh\u00e4ngig vom Standort Ihres Hotels in Hurghada). Bei Fragen kontaktieren Sie uns:<\/p>\n","protected":false},"featured_media":12914,"comment_status":"open","ping_status":"closed","template":"","meta":{"_monsterinsights_skip_tracking":false,"_monsterinsights_sitenote_active":false,"_monsterinsights_sitenote_note":"","_monsterinsights_sitenote_category":0},"product_brand":[],"product_cat":[91],"product_tag":[],"class_list":{"0":"post-12913","1":"product","2":"type-product","3":"status-publish","4":"has-post-thumbnail","6":"product_cat-seereisen","8":"first","9":"instock","10":"shipping-taxable","11":"purchasable","12":"product-type-ovabrw_car_rental"},"_links":{"self":[{"href":"https:\/\/get-aguide.com\/de\/wp-json\/wp\/v2\/product\/12913","targetHints":{"allow":["GET"]}}],"collection":[{"href":"https:\/\/get-aguide.com\/de\/wp-json\/wp\/v2\/product"}],"about":[{"href":"https:\/\/get-aguide.com\/de\/wp-json\/wp\/v2\/types\/product"}],"replies":[{"embeddable":true,"href":"https:\/\/get-aguide.com\/de\/wp-json\/wp\/v2\/comments?post=12913"}],"wp:featuredmedia":[{"embeddable":true,"href":"https:\/\/get-aguide.com\/de\/wp-json\/wp\/v2\/media\/12914"}],"wp:attachment":[{"href":"https:\/\/get-aguide.com\/de\/wp-json\/wp\/v2\/media?parent=12913"}],"wp:term":[{"taxonomy":"product_brand","embeddable":true,"href":"https:\/\/get-aguide.com\/de\/wp-json\/wp\/v2\/product_brand?post=12913"},{"taxonomy":"product_cat","embeddable":true,"href":"https:\/\/get-aguide.com\/de\/wp-json\/wp\/v2\/product_cat?post=12913"},{"taxonomy":"product_tag","embeddable":true,"href":"https:\/\/get-aguide.com\/de\/wp-json\/wp\/v2\/product_tag?post=12913"}],"curies":[{"name":"wp","href":"https:\/\/api.w.org\/{rel}","templated":true}]}}