{"id":12938,"date":"2025-05-29T13:55:30","date_gmt":"2025-05-29T13:55:30","guid":{"rendered":"https:\/\/get-aguide.com\/?post_type=product&#038;p=12938"},"modified":"2025-07-09T01:46:51","modified_gmt":"2025-07-09T01:46:51","slug":"3-stunden-quad-morgen-oder-sonnenuntergang","status":"publish","type":"product","link":"https:\/\/get-aguide.com\/de\/produkt\/3-stunden-quad-morgen-oder-sonnenuntergang\/","title":{"rendered":"3-Stunden-Quad (Morgen) oder (Sonnenuntergang)"},"content":{"rendered":"<ul>\n<li class=\"nonelist\">\n<h3>Highlights<\/h3>\n<ul class=\"hightlights-list\">\n<li>Spannende drei Stunden fantastische Quad-Action in der W\u00fcste<\/li>\n<li>Genie\u00dfen Sie die atemberaubende Landschaft bei einer aufregenden Quad-Fahrt durch die karge W\u00fcste<\/li>\n<li>In der Grundausbildung wird die Steuerung des Quads erkl\u00e4rt.<\/li>\n<li>Keine Erfahrung erforderlich<\/li>\n<li>Besuchen Sie ein Beduinendorf, um einen Stamm kennenzulernen<\/li>\n<li>Sie haben die M\u00f6glichkeit, einen Kamelritt zu unternehmen<\/li>\n<\/ul>\n<hr \/>\n<h3>Beschreibung<\/h3>\n<p>Erleben Sie ein einzigartiges Erlebnis und eine Safari der besonderen Art: Steigen Sie auf ein Quad und entdecken Sie die wilde Sch\u00f6nheit der \u00e4gyptischen W\u00fcste. Sie werden fr\u00fchmorgens von Ihrem Hotel abgeholt. In Begleitung eines englischsprachigen Guides werden Sie zur Quad-Station gebracht.<\/p>\n<p>Es sind keine Vorkenntnisse erforderlich, da unsere erfahrenen Instruktoren Ihnen die Steuerung des Quads erkl\u00e4ren. Nach einer Grundeinweisung kann es losgehen! Nach einer \u00dcbungseinheit, um sich an das Quad zu gew\u00f6hnen, haben Sie etwa eine Stunde Zeit, um Ihr aufregendes Quad-Erlebnis zu genie\u00dfen.<\/p>\n<p>Genie\u00dfen Sie die extreme Fahrt durch die W\u00fcste zu einem 45 Kilometer entfernten Beduinendorf. Hier erleben Sie das traditionelle Leben der Einheimischen und haben die M\u00f6glichkeit, auf einem Kamel zu reiten.<\/p>\n<p>Nach einem unvergesslichen W\u00fcstenabenteuer werden Sie zu Ihrem Hotel zur\u00fcckgebracht.<\/p>\n<p>&nbsp;<\/p>\n<div class=\"wpb_text_column wpb_content_element \">\n<div class=\"wpb_wrapper\">\n<h3><strong>Dauer<\/strong><\/h3>\n<p><strong>Erste Reise:<\/strong><\/p>\n<ul>\n<li>Abholung: Gegen 08:00 Uhr (abh\u00e4ngig vom Standort Ihres Hotels in Hurghada).<\/li>\n<\/ul>\n<p><strong>Zweite Reise:<\/strong><\/p>\n<ul>\n<li>Abholung: Gegen 14:00 Uhr (abh\u00e4ngig von der Lage Ihres Hotels in Hurghada)<\/li>\n<\/ul>\n<\/div>\n<\/div>\n<h5>Bitte w\u00e4hlen Sie Ihre Abholzeit und teilen Sie uns diese in den Buchungshinweisen mit.<\/h5>\n<h5>Bei Fragen kontaktieren Sie uns:<a href=\"https:\/\/wa.me\/+201069089904\" target=\"_blank\" rel=\"noopener\"><img decoding=\"async\" class=\"alignnone wp-image-13655\" src=\"https:\/\/alivoyage.com\/wp-content\/uploads\/2024\/03\/whatsapp-svgrepo-com.svg\" alt=\"\" width=\"42\" height=\"42\" \/><\/a><\/h5>\n<div id=\"tour-included-excluded\" class=\"content-product-item tour-included-excluded-wrapper\"><\/div>\n<\/li>\n<\/ul>\n","protected":false},"excerpt":{"rendered":"<p>Highlights Spannende drei Stunden fantastische Quad-Action in der W\u00fcste Genie\u00dfen Sie die atemberaubende Landschaft bei einer aufregenden Quad-Fahrt durch die karge W\u00fcste In der Grundausbildung wird die Steuerung des Quads erkl\u00e4rt. Keine Erfahrung erforderlich Besuchen Sie ein Beduinendorf, um einen Stamm kennenzulernen Sie haben die M\u00f6glichkeit, einen Kamelritt zu unternehmen Beschreibung Erleben Sie ein einzigartiges Erlebnis und eine Safari der besonderen Art: Steigen Sie auf ein Quad und entdecken Sie die wilde Sch\u00f6nheit der \u00e4gyptischen W\u00fcste. Sie werden fr\u00fchmorgens von Ihrem Hotel abgeholt. In Begleitung eines englischsprachigen Guides werden Sie zur Quad-Station gebracht. Es sind keine Vorkenntnisse erforderlich, da unsere erfahrenen Instruktoren Ihnen die Steuerung des Quads erkl\u00e4ren. Nach einer Grundeinweisung kann es losgehen! Nach einer \u00dcbungseinheit, um sich an das Quad zu gew\u00f6hnen, haben Sie etwa eine Stunde Zeit, um Ihr aufregendes Quad-Erlebnis zu genie\u00dfen. Genie\u00dfen Sie die extreme Fahrt durch die W\u00fcste zu einem 45 Kilometer entfernten Beduinendorf. Hier erleben Sie das traditionelle Leben der Einheimischen und haben die M\u00f6glichkeit, auf einem Kamel zu reiten. Nach einem unvergesslichen W\u00fcstenabenteuer werden Sie zu Ihrem Hotel zur\u00fcckgebracht. &nbsp; Dauer Erste Reise: Abholung: Gegen 08:00 Uhr (abh\u00e4ngig vom Standort Ihres Hotels in Hurghada). Zweite Reise: Abholung: Gegen 14:00 Uhr (abh\u00e4ngig von der Lage Ihres Hotels in Hurghada) Bitte w\u00e4hlen Sie Ihre Abholzeit und teilen Sie uns diese in den Buchungshinweisen mit. Bei Fragen kontaktieren Sie uns:<\/p>\n","protected":false},"featured_media":12939,"comment_status":"open","ping_status":"closed","template":"","meta":{"_monsterinsights_skip_tracking":false,"_monsterinsights_sitenote_active":false,"_monsterinsights_sitenote_note":"","_monsterinsights_sitenote_category":0},"product_brand":[],"product_cat":[92],"product_tag":[],"class_list":{"0":"post-12938","1":"product","2":"type-product","3":"status-publish","4":"has-post-thumbnail","6":"product_cat-safari-reisen","8":"first","9":"instock","10":"shipping-taxable","11":"purchasable","12":"product-type-ovabrw_car_rental"},"_links":{"self":[{"href":"https:\/\/get-aguide.com\/de\/wp-json\/wp\/v2\/product\/12938","targetHints":{"allow":["GET"]}}],"collection":[{"href":"https:\/\/get-aguide.com\/de\/wp-json\/wp\/v2\/product"}],"about":[{"href":"https:\/\/get-aguide.com\/de\/wp-json\/wp\/v2\/types\/product"}],"replies":[{"embeddable":true,"href":"https:\/\/get-aguide.com\/de\/wp-json\/wp\/v2\/comments?post=12938"}],"wp:featuredmedia":[{"embeddable":true,"href":"https:\/\/get-aguide.com\/de\/wp-json\/wp\/v2\/media\/12939"}],"wp:attachment":[{"href":"https:\/\/get-aguide.com\/de\/wp-json\/wp\/v2\/media?parent=12938"}],"wp:term":[{"taxonomy":"product_brand","embeddable":true,"href":"https:\/\/get-aguide.com\/de\/wp-json\/wp\/v2\/product_brand?post=12938"},{"taxonomy":"product_cat","embeddable":true,"href":"https:\/\/get-aguide.com\/de\/wp-json\/wp\/v2\/product_cat?post=12938"},{"taxonomy":"product_tag","embeddable":true,"href":"https:\/\/get-aguide.com\/de\/wp-json\/wp\/v2\/product_tag?post=12938"}],"curies":[{"name":"wp","href":"https:\/\/api.w.org\/{rel}","templated":true}]}}