{"id":13137,"date":"2025-05-29T15:52:15","date_gmt":"2025-05-29T15:52:15","guid":{"rendered":"https:\/\/get-aguide.com\/?post_type=product&#038;p=13137"},"modified":"2025-05-29T15:58:59","modified_gmt":"2025-05-29T15:58:59","slug":"tagesausflug-von-hurghada-nach-kairo-mit-dem-flugzeug","status":"publish","type":"product","link":"https:\/\/get-aguide.com\/de\/produkt\/tagesausflug-von-hurghada-nach-kairo-mit-dem-flugzeug\/","title":{"rendered":"Tagesausflug von Hurghada nach Kairo mit dem Flugzeug"},"content":{"rendered":"<ul>\n<li class=\"nonelist\">\n<div class=\"elementor-element elementor-element-f85dd7f elementor-widget elementor-widget-heading\" data-id=\"f85dd7f\" data-element_type=\"widget\" data-widget_type=\"heading.default\">\n<div class=\"elementor-widget-container\">\n<div class=\"elementor-element elementor-element-f85dd7f elementor-widget elementor-widget-heading\" data-id=\"f85dd7f\" data-element_type=\"widget\" data-widget_type=\"heading.default\">\n<div class=\"elementor-widget-container\">\n<div class=\"elementor-element elementor-element-f85dd7f elementor-widget elementor-widget-heading\" data-id=\"f85dd7f\" data-element_type=\"widget\" data-widget_type=\"heading.default\">\n<div class=\"elementor-widget-container\">\n<div class=\"ovabrw_product_title\">\n<div class=\"heading left\">\n<div class=\"heading left\">\n<div class=\"heading left\">\n<h2>\u00dcberblick<\/h2>\n<h3>Hurghada: Tagesausflug nach Kairo mit dem Flugzeug<\/h3>\n<p>Fliegen Sie in nur einer Stunde von Hurghada nach Kairo und tauchen Sie auf dieser Tagestour in die reiche Geschichte und Kultur \u00c4gyptens ein. Erkunden Sie die ber\u00fchmten Pyramiden von Gizeh, bestaunen Sie die Sphinx und entdecken Sie die Sch\u00e4tze des \u00c4gyptischen Museums. Genie\u00dfen Sie am Nachmittag einen Einkaufsbummel auf dem gesch\u00e4ftigen Khan el-Khalili-Basar.<\/p>\n<h3><strong>Highlights:<\/strong><\/h3>\n<div class=\"wpb_text_column wpb_content_element \">\n<div class=\"wpb_wrapper\">\n<ul>\n<li>Das \u00c4gyptische Museum<\/li>\n<li>Seltene Sammlung \u00e4gyptischer Kunst<\/li>\n<li>Tutanchamun-Raum mit seinem Schatz<\/li>\n<li>Schauen Sie sich die Sammlungen des Museums an, die \u00fcber 120.000 Objekte umfassen<\/li>\n<li>Bestaunen Sie Exponate, die \u00fcber 5.000 Jahre alt sind<\/li>\n<li>Die gro\u00dfen Pyramiden, eines der sieben Weltwunder der Antike<\/li>\n<li>Die Pyramiden von Cheops, Chephren und Mykerinus<\/li>\n<li>Die Gro\u00dfe Sphinx<\/li>\n<li>Der Taltempel<\/li>\n<li>Viele hervorragende Fotostopps<\/li>\n<li>Genie\u00dfen Sie ein k\u00f6stliches Mittagessen in einem lokalen Restaurant in Cair<\/li>\n<\/ul>\n<p>&nbsp;<\/p>\n<div class=\"activity-accordion-item-header\">\n<h3 class=\"activity-accordion-item__title\"><strong>Wichtige Informationen:<\/strong><\/h3>\n<div class=\"activity-important-information__content\" data-v-2a08770a=\"\">\n<p class=\"activity-important-information__title\" data-v-2a08770a=\"\"><strong>Was du mitbringen solltest<\/strong><\/p>\n<section class=\"toggle-content\" data-v-2a08770a=\"\" data-v-59485d64=\"\">\n<div class=\"toggle-content__content\" data-v-59485d64=\"\">\n<ul class=\"activity-important-information__list to-bring\" data-v-2a08770a=\"\">\n<li class=\"activity-important-information__item\" data-v-2a08770a=\"\">Reisepass oder Personalausweis<\/li>\n<li class=\"activity-important-information__item\" data-v-2a08770a=\"\">Bequeme Kleidung<\/li>\n<\/ul>\n<h2>\u00a0Dauer<\/h2>\n<p><strong>Abholung: Gegen 5:00 Uhr<\/strong><\/p>\n<\/div>\n<\/section>\n<\/div>\n<div class=\"activity-important-information__content\" data-v-2a08770a=\"\">\n<h5>Bei Fragen kontaktieren Sie uns:<a href=\"https:\/\/wa.me\/+201069089904\" target=\"_blank\" rel=\"noopener\"><img decoding=\"async\" class=\"alignnone wp-image-13655\" src=\"https:\/\/alivoyage.com\/wp-content\/uploads\/2024\/03\/whatsapp-svgrepo-com.svg\" alt=\"\" width=\"42\" height=\"42\" \/><\/a><\/h5>\n<\/div>\n<div class=\"activity-important-information__content\" data-v-2a08770a=\"\"><\/div>\n<\/div>\n<\/div>\n<\/div>\n<\/div>\n<\/div>\n<\/div>\n<\/div>\n<div class=\"wpb_wrapper\"><\/div>\n<\/div>\n<\/div>\n<\/div>\n<\/div>\n<\/div>\n<\/div>\n<\/li>\n<\/ul>\n","protected":false},"excerpt":{"rendered":"<p>\u00dcberblick Hurghada: Tagesausflug nach Kairo mit dem Flugzeug Fliegen Sie in nur einer Stunde von Hurghada nach Kairo und tauchen Sie auf dieser Tagestour in die reiche Geschichte und Kultur \u00c4gyptens ein. Erkunden Sie die ber\u00fchmten Pyramiden von Gizeh, bestaunen Sie die Sphinx und entdecken Sie die Sch\u00e4tze des \u00c4gyptischen Museums. Genie\u00dfen Sie am Nachmittag einen Einkaufsbummel auf dem gesch\u00e4ftigen Khan el-Khalili-Basar. Highlights: Das \u00c4gyptische Museum Seltene Sammlung \u00e4gyptischer Kunst Tutanchamun-Raum mit seinem Schatz Schauen Sie sich die Sammlungen des Museums an, die \u00fcber 120.000 Objekte umfassen Bestaunen Sie Exponate, die \u00fcber 5.000 Jahre alt sind Die gro\u00dfen Pyramiden, eines der sieben Weltwunder der Antike Die Pyramiden von Cheops, Chephren und Mykerinus Die Gro\u00dfe Sphinx Der Taltempel Viele hervorragende Fotostopps Genie\u00dfen Sie ein k\u00f6stliches Mittagessen in einem lokalen Restaurant in Cair &nbsp; Wichtige Informationen: Was du mitbringen solltest Reisepass oder Personalausweis Bequeme Kleidung \u00a0Dauer Abholung: Gegen 5:00 Uhr Bei Fragen kontaktieren Sie uns:<\/p>\n","protected":false},"featured_media":13119,"comment_status":"open","ping_status":"closed","template":"","meta":{"_monsterinsights_skip_tracking":false,"_monsterinsights_sitenote_active":false,"_monsterinsights_sitenote_note":"","_monsterinsights_sitenote_category":0},"product_brand":[],"product_cat":[93],"product_tag":[],"class_list":{"0":"post-13137","1":"product","2":"type-product","3":"status-publish","4":"has-post-thumbnail","6":"product_cat-historische-reisen","8":"first","9":"instock","10":"shipping-taxable","11":"purchasable","12":"product-type-ovabrw_car_rental"},"_links":{"self":[{"href":"https:\/\/get-aguide.com\/de\/wp-json\/wp\/v2\/product\/13137","targetHints":{"allow":["GET"]}}],"collection":[{"href":"https:\/\/get-aguide.com\/de\/wp-json\/wp\/v2\/product"}],"about":[{"href":"https:\/\/get-aguide.com\/de\/wp-json\/wp\/v2\/types\/product"}],"replies":[{"embeddable":true,"href":"https:\/\/get-aguide.com\/de\/wp-json\/wp\/v2\/comments?post=13137"}],"wp:featuredmedia":[{"embeddable":true,"href":"https:\/\/get-aguide.com\/de\/wp-json\/wp\/v2\/media\/13119"}],"wp:attachment":[{"href":"https:\/\/get-aguide.com\/de\/wp-json\/wp\/v2\/media?parent=13137"}],"wp:term":[{"taxonomy":"product_brand","embeddable":true,"href":"https:\/\/get-aguide.com\/de\/wp-json\/wp\/v2\/product_brand?post=13137"},{"taxonomy":"product_cat","embeddable":true,"href":"https:\/\/get-aguide.com\/de\/wp-json\/wp\/v2\/product_cat?post=13137"},{"taxonomy":"product_tag","embeddable":true,"href":"https:\/\/get-aguide.com\/de\/wp-json\/wp\/v2\/product_tag?post=13137"}],"curies":[{"name":"wp","href":"https:\/\/api.w.org\/{rel}","templated":true}]}}