{"id":13164,"date":"2025-05-29T16:06:43","date_gmt":"2025-05-29T16:06:43","guid":{"rendered":"https:\/\/get-aguide.com\/?post_type=product&#038;p=13164"},"modified":"2025-05-29T16:09:56","modified_gmt":"2025-05-29T16:09:56","slug":"hurghada-stadtrundfahrt","status":"publish","type":"product","link":"https:\/\/get-aguide.com\/de\/produkt\/hurghada-stadtrundfahrt\/","title":{"rendered":"Hurghada Stadtrundfahrt"},"content":{"rendered":"<ul>\n<li class=\"nonelist\">\n<div class=\"elementor-element elementor-element-f85dd7f elementor-widget elementor-widget-heading\" data-id=\"f85dd7f\" data-element_type=\"widget\" data-widget_type=\"heading.default\">\n<div class=\"elementor-widget-container\">\n<div class=\"elementor-element elementor-element-f85dd7f elementor-widget elementor-widget-heading\" data-id=\"f85dd7f\" data-element_type=\"widget\" data-widget_type=\"heading.default\">\n<div class=\"elementor-widget-container\">\n<div class=\"elementor-element elementor-element-f85dd7f elementor-widget elementor-widget-heading\" data-id=\"f85dd7f\" data-element_type=\"widget\" data-widget_type=\"heading.default\">\n<div class=\"elementor-widget-container\">\n<h2><span>\u00dcberblick<\/span><\/h2>\n<h2><span>Hurghada Stadtrundfahrt<\/span><\/h2>\n<p><span>Genie\u00dfen Sie eine dreist\u00fcndige gef\u00fchrte Stadtrundfahrt in Hurghada. Erkunden Sie die Innenstadt von El Dahar mit ihrem lebhaften Markt und der koptischen Kirche. Erfahren Sie mehr \u00fcber das koptische Christentum und fahren Sie anschlie\u00dfend zur Gro\u00dfen Moschee, wo Sie mehr \u00fcber den Islam und muslimische Traditionen erfahren. Erleben Sie den Fischmarkt und spazieren Sie zum Fischereihafen. Entspannen Sie sich anschlie\u00dfend in der neuen Hurghada Marina.<\/span><\/p>\n<div class=\"vc_row wpb_row vc_row-fluid\">\n<div class=\"wpb_column vc_column_container vc_col-sm-12\">\n<div class=\"vc_column-inner\">\n<div class=\"wpb_wrapper\">\n<div class=\"heading left\">\n<div class=\"vc_row wpb_row vc_row-fluid\">\n<div class=\"wpb_column vc_column_container vc_col-sm-12\">\n<div class=\"vc_column-inner\">\n<div class=\"wpb_wrapper\">\n<div class=\"wpb_text_column wpb_content_element \">\n<div class=\"wpb_wrapper\">\n<p><strong><span>Hurghada Stadtrundfahrt<\/span><\/strong><\/p>\n<ul>\n<li><span>W\u00e4hlen Sie die Startzeit und die Dauer der Tour<\/span><\/li>\n<li><span>Sehen Sie die koptische Kirche<\/span><\/li>\n<li><span>Erkunden Sie die Gro\u00dfe Moschee, die gr\u00f6\u00dfte Moschee in der Provinz am Roten Meer<\/span><\/li>\n<li><span>Gehen Sie zum Fischmarkt<\/span><\/li>\n<li><span>Genie\u00dfen Sie Hurghadas Restaurants, Caf\u00e9s und Gesch\u00e4fte<\/span><\/li>\n<li><span>Besuchen Sie den gro\u00dfen Obst- und Gem\u00fcsemarkt<\/span><\/li>\n<\/ul>\n<p>&nbsp;<\/p>\n<\/div>\n<\/div>\n<\/div>\n<\/div>\n<\/div>\n<\/div>\n<\/div>\n<\/div>\n<\/div>\n<\/div>\n<\/div>\n<div class=\"vc_row wpb_row vc_row-fluid\">\n<div class=\"wpb_column vc_column_container vc_col-sm-12\">\n<div class=\"vc_column-inner\">\n<div class=\"wpb_wrapper\">\n<div class=\"wpb_text_column wpb_content_element \">\n<div class=\"wpb_wrapper\">\n<div class=\"heading left\">\n<div class=\"heading left\">\n<h3><strong><span>Was soll ich mitnehmen?<\/span><\/strong><\/h3>\n<\/div>\n<div class=\"wpb_text_column wpb_content_element \">\n<div class=\"wpb_wrapper\">\n<ul>\n<li><span>Sonnenbrille<\/span><\/li>\n<li><span>Sonnenhut<\/span><\/li>\n<li><span>Kamera<\/span><\/li>\n<li><span>Sonnencreme<\/span><\/li>\n<li><span>Taschengeld<\/span><\/li>\n<li><span>Passende Kleidung f\u00fcr die Moschee und die Kirche<\/span><\/li>\n<\/ul>\n<h3><strong><span>Dauer<\/span><\/strong><\/h3>\n<p><span>Abholung: Gegen 16:00 Uhr (abh\u00e4ngig von der Lage Ihres Hotels in Hurghada) Voraussichtlich Samstag<\/span><\/p>\n<h5><span>Bei Fragen kontaktieren Sie uns:<\/span><a href=\"https:\/\/wa.me\/+201069089904\" target=\"_blank\" rel=\"noopener\"><img decoding=\"async\" class=\"alignnone wp-image-13655\" src=\"https:\/\/alivoyage.com\/wp-content\/uploads\/2024\/03\/whatsapp-svgrepo-com.svg\" alt=\"\" width=\"42\" height=\"42\" \/><\/a><\/h5>\n<\/div>\n<\/div>\n<\/div>\n<\/div>\n<\/div>\n<\/div>\n<\/div>\n<\/div>\n<\/div>\n<\/div>\n<\/div>\n<\/div>\n<\/div>\n<\/div>\n<\/div>\n<\/li>\n<\/ul>\n","protected":false},"excerpt":{"rendered":"<p>\u00dcberblick Hurghada Stadtrundfahrt Genie\u00dfen Sie eine dreist\u00fcndige gef\u00fchrte Stadtrundfahrt in Hurghada. Erkunden Sie die Innenstadt von El Dahar mit ihrem lebhaften Markt und der koptischen Kirche. Erfahren Sie mehr \u00fcber das koptische Christentum und fahren Sie anschlie\u00dfend zur Gro\u00dfen Moschee, wo Sie mehr \u00fcber den Islam und muslimische Traditionen erfahren. Erleben Sie den Fischmarkt und spazieren Sie zum Fischereihafen. Entspannen Sie sich anschlie\u00dfend in der neuen Hurghada Marina. Hurghada Stadtrundfahrt W\u00e4hlen Sie die Startzeit und die Dauer der Tour Sehen Sie die koptische Kirche Erkunden Sie die Gro\u00dfe Moschee, die gr\u00f6\u00dfte Moschee in der Provinz am Roten Meer Gehen Sie zum Fischmarkt Genie\u00dfen Sie Hurghadas Restaurants, Caf\u00e9s und Gesch\u00e4fte Besuchen Sie den gro\u00dfen Obst- und Gem\u00fcsemarkt &nbsp; Was soll ich mitnehmen? Sonnenbrille Sonnenhut Kamera Sonnencreme Taschengeld Passende Kleidung f\u00fcr die Moschee und die Kirche Dauer Abholung: Gegen 16:00 Uhr (abh\u00e4ngig von der Lage Ihres Hotels in Hurghada) Voraussichtlich Samstag Bei Fragen kontaktieren Sie uns:<\/p>\n","protected":false},"featured_media":13165,"comment_status":"open","ping_status":"closed","template":"","meta":{"_monsterinsights_skip_tracking":false,"_monsterinsights_sitenote_active":false,"_monsterinsights_sitenote_note":"","_monsterinsights_sitenote_category":0},"product_brand":[],"product_cat":[94],"product_tag":[],"class_list":{"0":"post-13164","1":"product","2":"type-product","3":"status-publish","4":"has-post-thumbnail","6":"product_cat-familienausfluege","8":"first","9":"instock","10":"shipping-taxable","11":"purchasable","12":"product-type-ovabrw_car_rental"},"_links":{"self":[{"href":"https:\/\/get-aguide.com\/de\/wp-json\/wp\/v2\/product\/13164","targetHints":{"allow":["GET"]}}],"collection":[{"href":"https:\/\/get-aguide.com\/de\/wp-json\/wp\/v2\/product"}],"about":[{"href":"https:\/\/get-aguide.com\/de\/wp-json\/wp\/v2\/types\/product"}],"replies":[{"embeddable":true,"href":"https:\/\/get-aguide.com\/de\/wp-json\/wp\/v2\/comments?post=13164"}],"wp:featuredmedia":[{"embeddable":true,"href":"https:\/\/get-aguide.com\/de\/wp-json\/wp\/v2\/media\/13165"}],"wp:attachment":[{"href":"https:\/\/get-aguide.com\/de\/wp-json\/wp\/v2\/media?parent=13164"}],"wp:term":[{"taxonomy":"product_brand","embeddable":true,"href":"https:\/\/get-aguide.com\/de\/wp-json\/wp\/v2\/product_brand?post=13164"},{"taxonomy":"product_cat","embeddable":true,"href":"https:\/\/get-aguide.com\/de\/wp-json\/wp\/v2\/product_cat?post=13164"},{"taxonomy":"product_tag","embeddable":true,"href":"https:\/\/get-aguide.com\/de\/wp-json\/wp\/v2\/product_tag?post=13164"}],"curies":[{"name":"wp","href":"https:\/\/api.w.org\/{rel}","templated":true}]}}