{"id":11575,"date":"2025-05-25T17:33:28","date_gmt":"2025-05-25T17:33:28","guid":{"rendered":"https:\/\/get-aguide.com\/airport-transfers\/"},"modified":"2025-05-27T08:31:17","modified_gmt":"2025-05-27T08:31:17","slug":"airport-transfers","status":"publish","type":"page","link":"https:\/\/get-aguide.com\/fr\/airport-transfers\/","title":{"rendered":"Transferts a\u00e9roport"},"content":{"rendered":"\t\t<div data-elementor-type=\"wp-page\" data-elementor-id=\"11575\" class=\"elementor elementor-11575 elementor-9864\" data-elementor-post-type=\"page\">\n\t\t\t\t\t\t<section class=\"elementor-section elementor-top-section elementor-element elementor-element-78cdad8d elementor-section-boxed elementor-section-height-default elementor-section-height-default wpr-particle-no wpr-jarallax-no wpr-parallax-no wpr-sticky-section-no\" data-id=\"78cdad8d\" data-element_type=\"section\">\n\t\t\t\t\t\t<div class=\"elementor-container elementor-column-gap-default\">\n\t\t\t\t\t<div class=\"elementor-column elementor-col-50 elementor-top-column elementor-element elementor-element-46b8e95a\" data-id=\"46b8e95a\" data-element_type=\"column\">\n\t\t\t<div class=\"elementor-widget-wrap elementor-element-populated\">\n\t\t\t\t\t\t<div class=\"elementor-element elementor-element-7ba4328 elementor-widget elementor-widget-heading\" data-id=\"7ba4328\" data-element_type=\"widget\" data-widget_type=\"heading.default\">\n\t\t\t\t<div class=\"elementor-widget-container\">\n\t\t\t\t\t<h2 class=\"elementor-heading-title elementor-size-default\">Transfer de la\/la aeroport <\/h2>\t\t\t\t<\/div>\n\t\t\t\t<\/div>\n\t\t\t\t<div class=\"elementor-element elementor-element-7f382746 elementor-button-align-stretch elementor-widget elementor-widget-form\" data-id=\"7f382746\" data-element_type=\"widget\" data-settings=\"{&quot;step_next_label&quot;:&quot;Next&quot;,&quot;step_previous_label&quot;:&quot;Previous&quot;,&quot;button_width&quot;:&quot;100&quot;,&quot;step_type&quot;:&quot;number_text&quot;,&quot;step_icon_shape&quot;:&quot;circle&quot;}\" data-widget_type=\"form.default\">\n\t\t\t\t<div class=\"elementor-widget-container\">\n\t\t\t\t\t\t\t<form class=\"elementor-form\" method=\"post\" name=\"New Form\">\n\t\t\t<input type=\"hidden\" name=\"post_id\" value=\"11575\"\/>\n\t\t\t<input type=\"hidden\" name=\"form_id\" value=\"7f382746\"\/>\n\t\t\t<input type=\"hidden\" name=\"referer_title\" value=\"Transferts a\u00e9roport - Get aguide\" \/>\n\n\t\t\t\t\t\t\t<input type=\"hidden\" name=\"queried_id\" value=\"11575\"\/>\n\t\t\t\n\t\t\t<div class=\"elementor-form-fields-wrapper elementor-labels-above\">\n\t\t\t\t\t\t\t\t<div class=\"elementor-field-type-text elementor-field-group elementor-column elementor-field-group-name elementor-col-100\">\n\t\t\t\t\t\t\t\t\t\t\t\t<label for=\"form-field-name\" class=\"elementor-field-label\">\n\t\t\t\t\t\t\t\tNume\t\t\t\t\t\t\t<\/label>\n\t\t\t\t\t\t\t\t\t\t\t\t\t\t<input size=\"1\" type=\"text\" name=\"form_fields[name]\" id=\"form-field-name\" class=\"elementor-field elementor-size-sm  elementor-field-textual\">\n\t\t\t\t\t\t\t\t\t\t\t<\/div>\n\t\t\t\t\t\t\t\t<div class=\"elementor-field-type-email elementor-field-group elementor-column elementor-field-group-email elementor-col-50 elementor-field-required\">\n\t\t\t\t\t\t\t\t\t\t\t\t<label for=\"form-field-email\" class=\"elementor-field-label\">\n\t\t\t\t\t\t\t\tEmail\t\t\t\t\t\t\t<\/label>\n\t\t\t\t\t\t\t\t\t\t\t\t\t\t<input size=\"1\" type=\"email\" name=\"form_fields[email]\" id=\"form-field-email\" class=\"elementor-field elementor-size-sm  elementor-field-textual\" required=\"required\">\n\t\t\t\t\t\t\t\t\t\t\t<\/div>\n\t\t\t\t\t\t\t\t<div class=\"elementor-field-type-number elementor-field-group elementor-column elementor-field-group-field_3bf0fa2 elementor-col-50\">\n\t\t\t\t\t\t\t\t\t\t\t\t<label for=\"form-field-field_3bf0fa2\" class=\"elementor-field-label\">\n\t\t\t\t\t\t\t\tNum\u0103r\t\t\t\t\t\t\t<\/label>\n\t\t\t\t\t\t\t\t\t<input type=\"number\" name=\"form_fields[field_3bf0fa2]\" id=\"form-field-field_3bf0fa2\" class=\"elementor-field elementor-size-sm  elementor-field-textual\" min=\"\" max=\"\" >\n\t\t\t\t\t\t<\/div>\n\t\t\t\t\t\t\t\t<div class=\"elementor-field-type-number elementor-field-group elementor-column elementor-field-group-field_5399b19 elementor-col-50\">\n\t\t\t\t\t\t\t\t\t\t\t\t<label for=\"form-field-field_5399b19\" class=\"elementor-field-label\">\n\t\t\t\t\t\t\t\tAdul\u021bi\t\t\t\t\t\t\t<\/label>\n\t\t\t\t\t\t\t\t\t<input type=\"number\" name=\"form_fields[field_5399b19]\" id=\"form-field-field_5399b19\" class=\"elementor-field elementor-size-sm  elementor-field-textual\" min=\"\" max=\"\" >\n\t\t\t\t\t\t<\/div>\n\t\t\t\t\t\t\t\t<div class=\"elementor-field-type-number elementor-field-group elementor-column elementor-field-group-field_5dd3598 elementor-col-50\">\n\t\t\t\t\t\t\t\t\t\t\t\t<label for=\"form-field-field_5dd3598\" class=\"elementor-field-label\">\n\t\t\t\t\t\t\t\tChild\t\t\t\t\t\t\t<\/label>\n\t\t\t\t\t\t\t\t\t<input type=\"number\" name=\"form_fields[field_5dd3598]\" id=\"form-field-field_5dd3598\" class=\"elementor-field elementor-size-sm  elementor-field-textual\" min=\"\" max=\"\" >\n\t\t\t\t\t\t<\/div>\n\t\t\t\t\t\t\t\t<div class=\"elementor-field-type-text elementor-field-group elementor-column elementor-field-group-field_ccb72a3 elementor-col-50\">\n\t\t\t\t\t\t\t\t\t\t\t\t<label for=\"form-field-field_ccb72a3\" class=\"elementor-field-label\">\n\t\t\t\t\t\t\t\tPick Up Point\t\t\t\t\t\t\t<\/label>\n\t\t\t\t\t\t\t\t\t\t\t\t\t\t<input size=\"1\" type=\"text\" name=\"form_fields[field_ccb72a3]\" id=\"form-field-field_ccb72a3\" class=\"elementor-field elementor-size-sm  elementor-field-textual\">\n\t\t\t\t\t\t\t\t\t\t\t<\/div>\n\t\t\t\t\t\t\t\t<div class=\"elementor-field-type-text elementor-field-group elementor-column elementor-field-group-field_506879d elementor-col-50\">\n\t\t\t\t\t\t\t\t\t\t\t\t<label for=\"form-field-field_506879d\" class=\"elementor-field-label\">\n\t\t\t\t\t\t\t\tDrop off point\t\t\t\t\t\t\t<\/label>\n\t\t\t\t\t\t\t\t\t\t\t\t\t\t<input size=\"1\" type=\"text\" name=\"form_fields[field_506879d]\" id=\"form-field-field_506879d\" class=\"elementor-field elementor-size-sm  elementor-field-textual\">\n\t\t\t\t\t\t\t\t\t\t\t<\/div>\n\t\t\t\t\t\t\t\t<div class=\"elementor-field-type-date elementor-field-group elementor-column elementor-field-group-field_8719255 elementor-col-50\">\n\t\t\t\t\t\t\t\t\t\t\t\t<label for=\"form-field-field_8719255\" class=\"elementor-field-label\">\n\t\t\t\t\t\t\t\tDatei Transferului\t\t\t\t\t\t\t<\/label>\n\t\t\t\t\t\t\n\t\t<input type=\"date\" name=\"form_fields[field_8719255]\" id=\"form-field-field_8719255\" class=\"elementor-field elementor-size-sm  elementor-field-textual elementor-date-field\" pattern=\"[0-9]{4}-[0-9]{2}-[0-9]{2}\">\n\t\t\t\t\t\t<\/div>\n\t\t\t\t\t\t\t\t<div class=\"elementor-field-type-time elementor-field-group elementor-column elementor-field-group-field_ede42fc elementor-col-50\">\n\t\t\t\t\t\t\t\t\t\t\t\t<label for=\"form-field-field_ede42fc\" class=\"elementor-field-label\">\n\t\t\t\t\t\t\t\ttimpul de transfer\t\t\t\t\t\t\t<\/label>\n\t\t\t\t\t\t\t\t<input type=\"time\" name=\"form_fields[field_ede42fc]\" id=\"form-field-field_ede42fc\" class=\"elementor-field elementor-size-sm  elementor-field-textual elementor-time-field\">\n\t\t\t\t\t\t<\/div>\n\t\t\t\t\t\t\t\t<div class=\"elementor-field-type-textarea elementor-field-group elementor-column elementor-field-group-message elementor-col-100\">\n\t\t\t\t\t\t\t\t\t\t\t\t<label for=\"form-field-message\" class=\"elementor-field-label\">\n\t\t\t\t\t\t\t\tComentariu\t\t\t\t\t\t\t<\/label>\n\t\t\t\t\t\t<textarea class=\"elementor-field-textual elementor-field  elementor-size-sm\" name=\"form_fields[message]\" id=\"form-field-message\" rows=\"4\"><\/textarea>\t\t\t\t<\/div>\n\t\t\t\t\t\t\t\t<div class=\"elementor-field-group elementor-column elementor-field-type-submit elementor-col-100 e-form__buttons\">\n\t\t\t\t\t<button class=\"elementor-button elementor-size-sm\" type=\"submit\">\n\t\t\t\t\t\t<span class=\"elementor-button-content-wrapper\">\n\t\t\t\t\t\t\t\t\t\t\t\t\t\t\t\t\t\t\t\t\t\t<span class=\"elementor-button-text\">Send<\/span>\n\t\t\t\t\t\t\t\t\t\t\t\t\t<\/span>\n\t\t\t\t\t<\/button>\n\t\t\t\t<\/div>\n\t\t\t<\/div>\n\t\t<\/form>\n\t\t\t\t\t\t<\/div>\n\t\t\t\t<\/div>\n\t\t\t\t\t<\/div>\n\t\t<\/div>\n\t\t\t\t<div class=\"elementor-column elementor-col-50 elementor-top-column elementor-element elementor-element-5184adce\" data-id=\"5184adce\" data-element_type=\"column\">\n\t\t\t<div class=\"elementor-widget-wrap elementor-element-populated\">\n\t\t\t\t\t\t<div class=\"elementor-element elementor-element-31819629 elementor-widget elementor-widget-heading\" data-id=\"31819629\" data-element_type=\"widget\" data-widget_type=\"heading.default\">\n\t\t\t\t<div class=\"elementor-widget-container\">\n\t\t\t\t\t<h2 class=\"elementor-heading-title elementor-size-default\">Pre\u021burile transferurilor Aeroport<\/h2>\t\t\t\t<\/div>\n\t\t\t\t<\/div>\n\t\t\t\t<div class=\"elementor-element elementor-element-3a4aca98 elementor-widget elementor-widget-text-editor\" data-id=\"3a4aca98\" data-element_type=\"widget\" data-widget_type=\"text-editor.default\">\n\t\t\t\t<div class=\"elementor-widget-container\">\n\t\t\t\t\t\t\t\t\t<p dir=\"auto\">Voici le tableau traduit en fran\u00e7ais avec le m\u00eame format :<\/p><div dir=\"auto\"><button type=\"button\" aria-label=\"\u0646\u0633\u062e\" data-state=\"closed\"><\/button><table dir=\"auto\"><thead><tr><th>De l&rsquo;a\u00e9roport \u00e0<\/th><th>1-3 pax<\/th><th>4-8 pax<\/th><th>9-16 pax<\/th><\/tr><\/thead><tbody><tr><td>H\u00f4tel \u00e0 Hurghada<\/td><td>15,00 \u20ac<\/td><td>25,00 \u20ac<\/td><td>40,00 \u20ac<\/td><\/tr><tr><td>Makadi Bay<\/td><td>20,00 \u20ac<\/td><td>30,00 \u20ac<\/td><td>50,00 \u20ac<\/td><\/tr><tr><td>El Gouna<\/td><td>20,00 \u20ac<\/td><td>30,00 \u20ac<\/td><td>50,00 \u20ac<\/td><\/tr><tr><td>Sahl Hasheesh<\/td><td>20,00 \u20ac<\/td><td>30,00 \u20ac<\/td><td>50,00 \u20ac<\/td><\/tr><tr><td>Safaga<\/td><td>25,00 \u20ac<\/td><td>35,00 \u20ac<\/td><td>70,00 \u20ac<\/td><\/tr><tr><td>Soma Bay<\/td><td>25,00 \u20ac<\/td><td>35,00 \u20ac<\/td><td>70,00 \u20ac<\/td><\/tr><tr><td>Magic Life Kalawy<\/td><td>35,00 \u20ac<\/td><td>45,00 \u20ac<\/td><td>80,00 \u20ac<\/td><\/tr><tr><td>El Quseir<\/td><td>50,00 \u20ac<\/td><td>70,00 \u20ac<\/td><td>120,00 \u20ac<\/td><\/tr><tr><td>Port Ghalib<\/td><td>70,00 \u20ac<\/td><td>100,00 \u20ac<\/td><td>150,00 \u20ac<\/td><\/tr><tr><td>Marsa Alam<\/td><td>80,00 \u20ac<\/td><td>110,00 \u20ac<\/td><td>165,00 \u20ac<\/td><\/tr><tr><td>Lahami Bay<\/td><td>125,00 \u20ac<\/td><td>175,00 \u20ac<\/td><td>250,00 \u20ac<\/td><\/tr><tr><td>Louxor<\/td><td>120,00 \u20ac<\/td><td>150,00 \u20ac<\/td><td>220,00 \u20ac<\/td><\/tr><tr><td>Assouan<\/td><td>200,00 \u20ac<\/td><td>250,00 \u20ac<\/td><td>350,00 \u20ac<\/td><\/tr><tr><td>Le Caire<\/td><td>145,00 \u20ac<\/td><td>185,00 \u20ac<\/td><td>270,00 \u20ac<\/td><\/tr><tr><td>Alexandrie<\/td><td>190,00 \u20ac<\/td><td>250,00 \u20ac<\/td><td>310,00 \u20ac<\/td><\/tr><\/tbody><\/table><\/div><p>\u00a0<\/p>\t\t\t\t\t\t\t\t<\/div>\n\t\t\t\t<\/div>\n\t\t\t\t\t<\/div>\n\t\t<\/div>\n\t\t\t\t\t<\/div>\n\t\t<\/section>\n\t\t<div class=\"elementor-element elementor-element-60f4082 e-flex e-con-boxed wpr-particle-no wpr-jarallax-no wpr-parallax-no wpr-sticky-section-no e-con e-parent\" data-id=\"60f4082\" data-element_type=\"container\">\n\t\t\t\t\t<div class=\"e-con-inner\">\n\t\t\t\t\t<\/div>\n\t\t\t\t<\/div>\n\t\t\t\t<\/div>\n\t\t","protected":false},"excerpt":{"rendered":"<p>Transfer de la\/la aeroport Pre\u021burile transferurilor Aeroport Voici le tableau traduit en fran\u00e7ais avec le m\u00eame format : De l&rsquo;a\u00e9roport \u00e0 1-3 pax 4-8 pax 9-16 pax H\u00f4tel \u00e0 Hurghada 15,00 \u20ac 25,00 \u20ac 40,00 \u20ac Makadi Bay 20,00 \u20ac 30,00 \u20ac 50,00 \u20ac El Gouna 20,00 \u20ac 30,00 \u20ac 50,00 \u20ac Sahl Hasheesh 20,00 \u20ac 30,00 \u20ac 50,00 \u20ac Safaga 25,00 \u20ac 35,00 \u20ac 70,00 \u20ac Soma Bay 25,00 \u20ac 35,00 \u20ac 70,00 \u20ac Magic Life Kalawy 35,00 \u20ac 45,00 \u20ac 80,00 \u20ac El Quseir 50,00 \u20ac 70,00 \u20ac 120,00 \u20ac Port Ghalib 70,00 \u20ac 100,00 \u20ac 150,00 \u20ac Marsa Alam 80,00 \u20ac 110,00 \u20ac 165,00 \u20ac Lahami Bay 125,00 \u20ac 175,00 \u20ac 250,00 \u20ac Louxor 120,00 \u20ac 150,00 \u20ac 220,00 \u20ac Assouan 200,00 \u20ac 250,00 \u20ac 350,00 \u20ac Le Caire 145,00 \u20ac 185,00 \u20ac 270,00 \u20ac Alexandrie 190,00 \u20ac 250,00 \u20ac 310,00 \u20ac \u00a0<\/p>\n","protected":false},"author":1,"featured_media":0,"parent":0,"menu_order":0,"comment_status":"closed","ping_status":"closed","template":"elementor_header_footer","meta":{"_monsterinsights_skip_tracking":false,"_monsterinsights_sitenote_active":false,"_monsterinsights_sitenote_note":"","_monsterinsights_sitenote_category":0,"footnotes":""},"class_list":["post-11575","page","type-page","status-publish","hentry"],"_links":{"self":[{"href":"https:\/\/get-aguide.com\/fr\/wp-json\/wp\/v2\/pages\/11575","targetHints":{"allow":["GET"]}}],"collection":[{"href":"https:\/\/get-aguide.com\/fr\/wp-json\/wp\/v2\/pages"}],"about":[{"href":"https:\/\/get-aguide.com\/fr\/wp-json\/wp\/v2\/types\/page"}],"author":[{"embeddable":true,"href":"https:\/\/get-aguide.com\/fr\/wp-json\/wp\/v2\/users\/1"}],"replies":[{"embeddable":true,"href":"https:\/\/get-aguide.com\/fr\/wp-json\/wp\/v2\/comments?post=11575"}],"version-history":[{"count":6,"href":"https:\/\/get-aguide.com\/fr\/wp-json\/wp\/v2\/pages\/11575\/revisions"}],"predecessor-version":[{"id":11846,"href":"https:\/\/get-aguide.com\/fr\/wp-json\/wp\/v2\/pages\/11575\/revisions\/11846"}],"wp:attachment":[{"href":"https:\/\/get-aguide.com\/fr\/wp-json\/wp\/v2\/media?parent=11575"}],"curies":[{"name":"wp","href":"https:\/\/api.w.org\/{rel}","templated":true}]}}