{"id":12302,"date":"2025-05-29T00:01:08","date_gmt":"2025-05-29T00:01:08","guid":{"rendered":"https:\/\/get-aguide.com\/?post_type=product&#038;p=12302"},"modified":"2025-05-29T12:50:37","modified_gmt":"2025-05-29T12:50:37","slug":"quad-de-3-heures-matin-ou-coucher-de-soleil","status":"publish","type":"product","link":"https:\/\/get-aguide.com\/fr\/produit\/quad-de-3-heures-matin-ou-coucher-de-soleil\/","title":{"rendered":"Quad de 3 heures (matin) ou (coucher de soleil)"},"content":{"rendered":"<blockquote>\n<h3>Points forts<\/h3>\n<ul class=\"hightlights-list\">\n<li>Trois heures palpitantes d&rsquo;action en quad dans le d\u00e9sert<\/li>\n<li>Profitez de paysages \u00e0 couper le souffle lors d&rsquo;une balade palpitante en quad dans le d\u00e9sert aride<\/li>\n<li>Une formation de base est donn\u00e9e pour expliquer comment contr\u00f4ler le Quad Bike<\/li>\n<li>Aucune exp\u00e9rience n\u00e9cessaire<\/li>\n<li>Visitez un village b\u00e9douin pour rencontrer une tribu<\/li>\n<li>Vous avez la possibilit\u00e9 de faire une promenade \u00e0 dos de chameau<\/li>\n<\/ul>\n<hr \/>\n<h3>Description<\/h3>\n<p>Pour une exp\u00e9rience unique et un safari hors du commun, enfourchez un quad et d\u00e9couvrez la beaut\u00e9 sauvage du d\u00e9sert \u00e9gyptien. Vous serez pris en charge t\u00f4t le matin \u00e0 votre h\u00f4tel. Accompagn\u00e9 d&rsquo;un guide anglophone, vous serez conduit \u00e0 la station quad.<\/p>\n<p>Aucune exp\u00e9rience n&rsquo;est requise\u00a0: nos instructeurs experts vous expliqueront les commandes du quad. Vous recevrez une formation de base et c&rsquo;est parti\u00a0! Apr\u00e8s une s\u00e9ance d&rsquo;entra\u00eenement pour vous familiariser avec la machine, vous disposerez d&rsquo;environ une heure pour profiter pleinement de cette exp\u00e9rience exaltante en quad.<\/p>\n<p>Profitez d&rsquo;une travers\u00e9e extr\u00eame du d\u00e9sert jusqu&rsquo;\u00e0 un village b\u00e9douin, situ\u00e9 \u00e0 45 kilom\u00e8tres. Vous d\u00e9couvrirez la vie traditionnelle des habitants de la r\u00e9gion. Vous aurez \u00e9galement l&rsquo;occasion de monter \u00e0 dos de chameau.<\/p>\n<p>Apr\u00e8s une aventure m\u00e9morable d&rsquo;exploration du d\u00e9sert, vous serez ramen\u00e9 \u00e0 votre h\u00f4tel.<\/p>\n<p>&nbsp;<\/p>\n<div class=\"wpb_text_column wpb_content_element \">\n<div class=\"wpb_wrapper\">\n<h3><strong>Dur\u00e9e<\/strong><\/h3>\n<p><strong>Premier voyage :<\/strong><\/p>\n<ul>\n<li>Prise en charge : vers 08h00 (selon l&#8217;emplacement de votre h\u00f4tel \u00e0 Hurghada).<\/li>\n<\/ul>\n<p><strong>Deuxi\u00e8me voyage :<\/strong><\/p>\n<ul>\n<li>Prise en charge : vers 14h00 (selon l&#8217;emplacement de votre h\u00f4tel \u00e0 Hurghada)<\/li>\n<\/ul>\n<\/div>\n<\/div>\n<\/blockquote>\n<h5>Veuillez choisir votre heure de prise en charge et nous en informer sur les notes de r\u00e9servation.<\/h5>\n<h4>Pour toute demande de renseignements, contactez-nous :\u00a0 <a href=\"https:\/\/wa.me\/+201069089904\" target=\"_blank\" rel=\"noopener\"><img decoding=\"async\" class=\"alignnone wp-image-13655\" src=\"https:\/\/alivoyage.com\/wp-content\/uploads\/2024\/03\/whatsapp-svgrepo-com.svg\" alt=\"\" width=\"42\" height=\"42\" \/><\/a><\/h4>\n","protected":false},"excerpt":{"rendered":"<p>Points forts Trois heures palpitantes d&rsquo;action en quad dans le d\u00e9sert Profitez de paysages \u00e0 couper le souffle lors d&rsquo;une balade palpitante en quad dans le d\u00e9sert aride Une formation de base est donn\u00e9e pour expliquer comment contr\u00f4ler le Quad Bike Aucune exp\u00e9rience n\u00e9cessaire Visitez un village b\u00e9douin pour rencontrer une tribu Vous avez la possibilit\u00e9 de faire une promenade \u00e0 dos de chameau Description Pour une exp\u00e9rience unique et un safari hors du commun, enfourchez un quad et d\u00e9couvrez la beaut\u00e9 sauvage du d\u00e9sert \u00e9gyptien. Vous serez pris en charge t\u00f4t le matin \u00e0 votre h\u00f4tel. Accompagn\u00e9 d&rsquo;un guide anglophone, vous serez conduit \u00e0 la station quad. Aucune exp\u00e9rience n&rsquo;est requise\u00a0: nos instructeurs experts vous expliqueront les commandes du quad. Vous recevrez une formation de base et c&rsquo;est parti\u00a0! Apr\u00e8s une s\u00e9ance d&rsquo;entra\u00eenement pour vous familiariser avec la machine, vous disposerez d&rsquo;environ une heure pour profiter pleinement de cette exp\u00e9rience exaltante en quad. Profitez d&rsquo;une travers\u00e9e extr\u00eame du d\u00e9sert jusqu&rsquo;\u00e0 un village b\u00e9douin, situ\u00e9 \u00e0 45 kilom\u00e8tres. Vous d\u00e9couvrirez la vie traditionnelle des habitants de la r\u00e9gion. Vous aurez \u00e9galement l&rsquo;occasion de monter \u00e0 dos de chameau. Apr\u00e8s une aventure m\u00e9morable d&rsquo;exploration du d\u00e9sert, vous serez ramen\u00e9 \u00e0 votre h\u00f4tel. &nbsp; Dur\u00e9e Premier voyage : Prise en charge : vers 08h00 (selon l&#8217;emplacement de votre h\u00f4tel \u00e0 Hurghada). Deuxi\u00e8me voyage : Prise en charge : vers 14h00 (selon l&#8217;emplacement de votre h\u00f4tel \u00e0 Hurghada) Veuillez choisir votre heure de prise en charge et nous en informer sur les notes de r\u00e9servation. Pour toute demande de renseignements, contactez-nous :\u00a0<\/p>\n","protected":false},"featured_media":12303,"comment_status":"open","ping_status":"closed","template":"","meta":{"_monsterinsights_skip_tracking":false,"_monsterinsights_sitenote_active":false,"_monsterinsights_sitenote_note":"","_monsterinsights_sitenote_category":0},"product_brand":[],"product_cat":[88],"product_tag":[],"class_list":{"0":"post-12302","1":"product","2":"type-product","3":"status-publish","4":"has-post-thumbnail","6":"product_cat-voyages-safari","8":"first","9":"instock","10":"shipping-taxable","11":"purchasable","12":"product-type-ovabrw_car_rental"},"_links":{"self":[{"href":"https:\/\/get-aguide.com\/fr\/wp-json\/wp\/v2\/product\/12302","targetHints":{"allow":["GET"]}}],"collection":[{"href":"https:\/\/get-aguide.com\/fr\/wp-json\/wp\/v2\/product"}],"about":[{"href":"https:\/\/get-aguide.com\/fr\/wp-json\/wp\/v2\/types\/product"}],"replies":[{"embeddable":true,"href":"https:\/\/get-aguide.com\/fr\/wp-json\/wp\/v2\/comments?post=12302"}],"wp:featuredmedia":[{"embeddable":true,"href":"https:\/\/get-aguide.com\/fr\/wp-json\/wp\/v2\/media\/12303"}],"wp:attachment":[{"href":"https:\/\/get-aguide.com\/fr\/wp-json\/wp\/v2\/media?parent=12302"}],"wp:term":[{"taxonomy":"product_brand","embeddable":true,"href":"https:\/\/get-aguide.com\/fr\/wp-json\/wp\/v2\/product_brand?post=12302"},{"taxonomy":"product_cat","embeddable":true,"href":"https:\/\/get-aguide.com\/fr\/wp-json\/wp\/v2\/product_cat?post=12302"},{"taxonomy":"product_tag","embeddable":true,"href":"https:\/\/get-aguide.com\/fr\/wp-json\/wp\/v2\/product_tag?post=12302"}],"curies":[{"name":"wp","href":"https:\/\/api.w.org\/{rel}","templated":true}]}}