{"id":12435,"date":"2025-05-29T00:18:13","date_gmt":"2025-05-29T00:18:13","guid":{"rendered":"https:\/\/get-aguide.com\/?post_type=product&#038;p=12435"},"modified":"2026-04-07T09:18:05","modified_gmt":"2026-04-07T09:18:05","slug":"equitation","status":"publish","type":"product","link":"https:\/\/get-aguide.com\/fr\/produit\/equitation\/","title":{"rendered":"\u00c9quitation"},"content":{"rendered":"<div class=\"elementor-element elementor-element-f85dd7f elementor-widget elementor-widget-heading\" data-id=\"f85dd7f\" data-element_type=\"widget\" data-widget_type=\"heading.default\">\n<div class=\"elementor-widget-container\">\n<div class=\"elementor-element elementor-element-f85dd7f elementor-widget elementor-widget-heading\" data-id=\"f85dd7f\" data-element_type=\"widget\" data-widget_type=\"heading.default\">\n<div class=\"elementor-widget-container\">\n<div class=\"elementor-element elementor-element-f85dd7f elementor-widget elementor-widget-heading\" data-id=\"f85dd7f\" data-element_type=\"widget\" data-widget_type=\"heading.default\">\n<div class=\"elementor-widget-container\">\n<h2 class=\"elementor-heading-title elementor-size-default\">Aper\u00e7u<\/h2>\n<\/div>\n<\/div>\n<p><strong>2 heures d&rsquo;\u00e9quitation \u00e0 Hurghada dans le d\u00e9sert et aussi en mer ou sur la plage<\/strong><\/p>\n<p><strong>(tout est possible et vous d\u00e9cidez exactement ce que vous voulez)<\/strong><\/p>\n<p>&nbsp;<\/p>\n<h3><strong>Dur\u00e9e : selon demande<\/strong><\/h3>\n<ul>\n<li>Veuillez choisir votre heure de prise en charge et nous en informer sur les notes de r\u00e9servation.<\/li>\n<\/ul>\n<h4>Pour toute demande de renseignements, contactez-nous :\u00a0 <a href=\"https:\/\/wa.me\/+201069089904\" target=\"_blank\" rel=\"noopener\"><img decoding=\"async\" class=\"alignnone wp-image-13655\" src=\"https:\/\/alivoyage.com\/wp-content\/uploads\/2024\/03\/whatsapp-svgrepo-com.svg\" alt=\"\" width=\"42\" height=\"42\" \/><\/a><\/h4>\n<\/div>\n<\/div>\n<\/div>\n<\/div>\n","protected":false},"excerpt":{"rendered":"<p>Aper\u00e7u 2 heures d&rsquo;\u00e9quitation \u00e0 Hurghada dans le d\u00e9sert et aussi en mer ou sur la plage (tout est possible et vous d\u00e9cidez exactement ce que vous voulez) &nbsp; Dur\u00e9e : selon demande Veuillez choisir votre heure de prise en charge et nous en informer sur les notes de r\u00e9servation. Pour toute demande de renseignements, contactez-nous :\u00a0<\/p>\n","protected":false},"featured_media":12436,"comment_status":"open","ping_status":"closed","template":"","meta":{"_monsterinsights_skip_tracking":false,"_monsterinsights_sitenote_active":false,"_monsterinsights_sitenote_note":"","_monsterinsights_sitenote_category":0},"product_brand":[],"product_cat":[88],"product_tag":[],"class_list":{"0":"post-12435","1":"product","2":"type-product","3":"status-publish","4":"has-post-thumbnail","6":"product_cat-voyages-safari","8":"first","9":"instock","10":"shipping-taxable","11":"purchasable","12":"product-type-ovabrw_car_rental"},"_links":{"self":[{"href":"https:\/\/get-aguide.com\/fr\/wp-json\/wp\/v2\/product\/12435","targetHints":{"allow":["GET"]}}],"collection":[{"href":"https:\/\/get-aguide.com\/fr\/wp-json\/wp\/v2\/product"}],"about":[{"href":"https:\/\/get-aguide.com\/fr\/wp-json\/wp\/v2\/types\/product"}],"replies":[{"embeddable":true,"href":"https:\/\/get-aguide.com\/fr\/wp-json\/wp\/v2\/comments?post=12435"}],"wp:featuredmedia":[{"embeddable":true,"href":"https:\/\/get-aguide.com\/fr\/wp-json\/wp\/v2\/media\/12436"}],"wp:attachment":[{"href":"https:\/\/get-aguide.com\/fr\/wp-json\/wp\/v2\/media?parent=12435"}],"wp:term":[{"taxonomy":"product_brand","embeddable":true,"href":"https:\/\/get-aguide.com\/fr\/wp-json\/wp\/v2\/product_brand?post=12435"},{"taxonomy":"product_cat","embeddable":true,"href":"https:\/\/get-aguide.com\/fr\/wp-json\/wp\/v2\/product_cat?post=12435"},{"taxonomy":"product_tag","embeddable":true,"href":"https:\/\/get-aguide.com\/fr\/wp-json\/wp\/v2\/product_tag?post=12435"}],"curies":[{"name":"wp","href":"https:\/\/api.w.org\/{rel}","templated":true}]}}