{"id":11574,"date":"2023-06-06T02:10:33","date_gmt":"2023-06-06T02:10:33","guid":{"rendered":"https:\/\/get-aguide.com\/offer-page\/"},"modified":"2025-05-27T09:28:08","modified_gmt":"2025-05-27T09:28:08","slug":"offer-page","status":"publish","type":"page","link":"https:\/\/get-aguide.com\/pl\/offer-page\/","title":{"rendered":"Stronie Oferty"},"content":{"rendered":"\t\t<div data-elementor-type=\"wp-page\" data-elementor-id=\"11574\" class=\"elementor elementor-11574 elementor-7293\" data-elementor-post-type=\"page\">\n\t\t\t\t\t\t<section class=\"elementor-section elementor-top-section elementor-element elementor-element-7cb0c6e elementor-section-boxed elementor-section-height-default elementor-section-height-default wpr-particle-no wpr-jarallax-no wpr-parallax-no wpr-sticky-section-no\" data-id=\"7cb0c6e\" data-element_type=\"section\">\n\t\t\t\t\t\t<div class=\"elementor-container elementor-column-gap-default\">\n\t\t\t\t\t<div class=\"elementor-column elementor-col-100 elementor-top-column elementor-element elementor-element-448268e\" data-id=\"448268e\" data-element_type=\"column\">\n\t\t\t<div class=\"elementor-widget-wrap elementor-element-populated\">\n\t\t\t\t\t\t<div class=\"elementor-element elementor-element-f60e1b5 elementor-widget elementor-widget-ovabrw_product_filter_ajax\" data-id=\"f60e1b5\" data-element_type=\"widget\" data-settings=\"{&quot;pause_on_hover&quot;:&quot;yes&quot;,&quot;infinite&quot;:&quot;false&quot;,&quot;autoplay&quot;:&quot;false&quot;,&quot;nav_control&quot;:&quot;yes&quot;,&quot;dots_control&quot;:&quot;no&quot;}\" data-widget_type=\"ovabrw_product_filter_ajax.default\">\n\t\t\t\t<div class=\"elementor-widget-container\">\n\t\t\t\t\t\n<div class=\"ova-product-filter-ajax\"\n    data-show_on_sale=\"yes\"\n    data-args_show=\"{&quot;show_featured&quot;:&quot;yes&quot;,&quot;show_wishlist&quot;:&quot;yes&quot;,&quot;show_duration&quot;:&quot;yes&quot;,&quot;show_title&quot;:&quot;yes&quot;,&quot;show_location&quot;:&quot;yes&quot;,&quot;show_rating&quot;:&quot;yes&quot;,&quot;show_price&quot;:&quot;yes&quot;,&quot;show_button&quot;:&quot;yes&quot;}\"\n    data-posts_per_page=\"4\"\n    data-orderby=\"ID\"\n    data-order=\"ASC\"\n>\n\n    <ul class=\"product-filter-category\">\n\n                \t<li class=\"filter-title\">\n                Popularnych kategorii            <\/li>\n                \n        <li class=\"product-filter-button active-category\" data-slug=\"all\">\n            <span class=\"category\">Wszystek<\/span>\n            <i aria-hidden=\"true\" class=\"icomoon icomoon-angle-right\"><\/i>\n        <\/li>\n        \n        \n            \n                \n            \n                \n            \n                \n            \n                \n            \n        \n    <\/ul>\n\n\n   \n    <div class=\"content-item slide-product owl-carousel owl-theme\" data-options=\"{&quot;items&quot;:1,&quot;slideBy&quot;:1,&quot;margin&quot;:0,&quot;autoplayTimeout&quot;:3000,&quot;smartSpeed&quot;:1000,&quot;autoplayHoverPause&quot;:true,&quot;loop&quot;:false,&quot;autoplay&quot;:false,&quot;nav&quot;:true,&quot;dots&quot;:false,&quot;rtl&quot;:false}\">\n        \n    <\/div>  \n\n<\/div>\t\t\t\t<\/div>\n\t\t\t\t<\/div>\n\t\t\t\t\t<\/div>\n\t\t<\/div>\n\t\t\t\t\t<\/div>\n\t\t<\/section>\n\t\t\t\t<section class=\"elementor-section elementor-top-section elementor-element elementor-element-71998ff elementor-section-boxed elementor-section-height-default elementor-section-height-default wpr-particle-no wpr-jarallax-no wpr-parallax-no wpr-sticky-section-no\" data-id=\"71998ff\" data-element_type=\"section\">\n\t\t\t\t\t\t<div class=\"elementor-container elementor-column-gap-default\">\n\t\t\t\t\t<div class=\"elementor-column elementor-col-50 elementor-top-column elementor-element elementor-element-b9bd3fb\" data-id=\"b9bd3fb\" data-element_type=\"column\">\n\t\t\t<div class=\"elementor-widget-wrap elementor-element-populated\">\n\t\t\t\t\t\t<div class=\"elementor-element elementor-element-9dc9e3e elementor-widget elementor-widget-tripgo_elementor_special_offer_2\" data-id=\"9dc9e3e\" data-element_type=\"widget\" data-widget_type=\"tripgo_elementor_special_offer_2.default\">\n\t\t\t\t<div class=\"elementor-widget-container\">\n\t\t\t\t\t\t\t<div class=\"ova-special-offer-2\">\n\t\t\t\n\t\t\t<div class=\"background-image\" style=\"background-image: url('https:\/\/get-aguide.com\/wp-content\/uploads\/2025\/05\/front-view-young-woman-with-black-mask-holding-travel-ticket_179666-42063.jpg');\"><\/div>\n\n\t\t\t<div class=\"content\">\n\n\t\t\t\t\n\t\t\t\t\n\t\t\t\t\t\n\t\t\t\t\t\t<h3 class=\"title\">Tygodniowy\nOferty Flash\nDo 30% zni\u017cki<\/h3>\n\n\t\t\t\t\t\t\t\t\t\t\n\t\t\t\t\n\t\t\t\t\n\t\t\t\t\n\t\t\t\t\t<a href=\"\" class=\"link\"  >\n\t\t\t\t\t\tRezerwuj teraz\t\t\t\t\t<\/a>\n\n\t\t\t\t\n\t\t\t<\/div>\n\t\t<\/div>\n\t\t\t\t\t\t<\/div>\n\t\t\t\t<\/div>\n\t\t\t\t\t<\/div>\n\t\t<\/div>\n\t\t\t\t<div class=\"elementor-column elementor-col-50 elementor-top-column elementor-element elementor-element-69b1e31\" data-id=\"69b1e31\" data-element_type=\"column\">\n\t\t\t<div class=\"elementor-widget-wrap elementor-element-populated\">\n\t\t\t\t\t\t<div class=\"elementor-element elementor-element-180a799 elementor-widget elementor-widget-tripgo_elementor_special_offer_2\" data-id=\"180a799\" data-element_type=\"widget\" data-widget_type=\"tripgo_elementor_special_offer_2.default\">\n\t\t\t\t<div class=\"elementor-widget-container\">\n\t\t\t\t\t\t\t<div class=\"ova-special-offer-2\">\n\t\t\t\n\t\t\t<div class=\"background-image\" style=\"background-image: url('https:\/\/get-aguide.com\/wp-content\/uploads\/2025\/05\/female-tourists-hand-have-happy-travel-map_1150-7427.jpg');\"><\/div>\n\n\t\t\t<div class=\"content\">\n\n\t\t\t\t\n\t\t\t\t\n\t\t\t\t\t\n\t\t\t\t\t\t<h3 class=\"title\">Ekskluzywny\nOferty\nChcesz zaoszcz\u0119dzi\u0107 do 50%<\/h3>\n\n\t\t\t\t\t\t\t\t\t\t\n\t\t\t\t\n\t\t\t\t\n\t\t\t\t\n\t\t\t\t\t<a href=\"\" class=\"link\"  >\n\t\t\t\t\t\tRezerwuj teraz\t\t\t\t\t<\/a>\n\n\t\t\t\t\n\t\t\t<\/div>\n\t\t<\/div>\n\t\t\t\t\t\t<\/div>\n\t\t\t\t<\/div>\n\t\t\t\t\t<\/div>\n\t\t<\/div>\n\t\t\t\t\t<\/div>\n\t\t<\/section>\n\t\t\t\t<\/div>\n\t\t","protected":false},"excerpt":{"rendered":"<p>Popularnych kategorii Wszystek Tygodniowy Oferty Flash Do 30% zni\u017cki Rezerwuj teraz Ekskluzywny Oferty Chcesz zaoszcz\u0119dzi\u0107 do 50% Rezerwuj teraz<\/p>\n","protected":false},"author":1,"featured_media":0,"parent":0,"menu_order":0,"comment_status":"closed","ping_status":"closed","template":"elementor_header_footer","meta":{"_monsterinsights_skip_tracking":false,"_monsterinsights_sitenote_active":false,"_monsterinsights_sitenote_note":"","_monsterinsights_sitenote_category":0,"footnotes":""},"class_list":["post-11574","page","type-page","status-publish","hentry"],"_links":{"self":[{"href":"https:\/\/get-aguide.com\/pl\/wp-json\/wp\/v2\/pages\/11574","targetHints":{"allow":["GET"]}}],"collection":[{"href":"https:\/\/get-aguide.com\/pl\/wp-json\/wp\/v2\/pages"}],"about":[{"href":"https:\/\/get-aguide.com\/pl\/wp-json\/wp\/v2\/types\/page"}],"author":[{"embeddable":true,"href":"https:\/\/get-aguide.com\/pl\/wp-json\/wp\/v2\/users\/1"}],"replies":[{"embeddable":true,"href":"https:\/\/get-aguide.com\/pl\/wp-json\/wp\/v2\/comments?post=11574"}],"version-history":[{"count":6,"href":"https:\/\/get-aguide.com\/pl\/wp-json\/wp\/v2\/pages\/11574\/revisions"}],"predecessor-version":[{"id":11914,"href":"https:\/\/get-aguide.com\/pl\/wp-json\/wp\/v2\/pages\/11574\/revisions\/11914"}],"wp:attachment":[{"href":"https:\/\/get-aguide.com\/pl\/wp-json\/wp\/v2\/media?parent=11574"}],"curies":[{"name":"wp","href":"https:\/\/api.w.org\/{rel}","templated":true}]}}