{"id":13362,"date":"2025-05-29T17:01:28","date_gmt":"2025-05-29T17:01:28","guid":{"rendered":"https:\/\/get-aguide.com\/?post_type=product&#038;p=13362"},"modified":"2025-05-29T17:05:34","modified_gmt":"2025-05-29T17:05:34","slug":"dom-delfinow","status":"publish","type":"product","link":"https:\/\/get-aguide.com\/pl\/produkt\/dom-delfinow\/","title":{"rendered":"Dom Delfin\u00f3w"},"content":{"rendered":"<ul>\n<li class=\"nonelist\">\n<h2>Wycieczka do Dolphin House Hurghada (Dzie\u0144 z Delfinami na Morzu)<\/h2>\n<ul>\n<li class=\"nonelist\"><em class=\"fa-green fa-solid fa-circle-info\">\u00a0<\/em><strong>Zapraszamy<\/strong>\u00a0\u00a0na niepowtarzaln\u0105 przygod\u0119 p\u0142ywania z delfinami w ich naturalnym \u015brodowisku, eksploracji raf koralowych i podziwiania bogatego \u017cycia morskiego Morza Czerwonego.<\/li>\n<li class=\"nonelist\"><em class=\"fa-green fa-solid fa-circle-info\">\u00a0<\/em>Dzie\u0144 w Dolphin House Sea Hurghada: 1 przystanek na p\u0142ywanie i\/lub obserwacj\u0119 delfin\u00f3w + 2 przystanki na nurkowanie w r\u00f3\u017cnych miejscach + lunch w formie bufetu + nieograniczona liczba napoj\u00f3w, aby zapewni\u0107 niezapomniany dzie\u0144.<\/li>\n<li class=\"nonelist\"><em class=\"fa-green fa-solid fa-circle-info\">\u00a0<\/em>Program ten oferuje idealn\u0105 r\u00f3wnowag\u0119 mi\u0119dzy przygod\u0105, odkrywaniem \u015bwiata i relaksem w krystalicznie czystych wodach Morza Czerwonego.<\/li>\n<\/ul>\n<p>&nbsp;<\/p>\n<ul>\n<li class=\"nonelist\">\n<h3><em class=\"fa-green fa-regular fa-calendar-days\">\u00a0<\/em><strong>Dni tygodnia i czas trwania:<\/strong><\/h3>\n<ul>\n<li class=\"nonelist\">Codziennie.<\/li>\n<li class=\"nonelist\">Od 8:00 do 15:00 (godziny wyjazdu i powrotu zale\u017c\u0105 od lokalizacji hotelu w Hurghadzie i zostan\u0105 potwierdzone po dokonaniu rezerwacji).<\/li>\n<li class=\"nonelist\">Wycieczka ca\u0142odniowa (oko\u0142o 6-7 godzin, wliczaj\u0105c transfery).<\/li>\n<\/ul>\n<\/li>\n<\/ul>\n<p>&nbsp;<\/p>\n<ul>\n<li class=\"nonelist\">\n<h3><em class=\"fa-green fa-solid fa-rectangle-list\">\u00a0<\/em><strong>Program:<\/strong><\/h3>\n<ul>\n<li class=\"nonelist\"><strong>Odbi\u00f3r z hotelu:\u00a0<\/strong>\u00a0Pomi\u0119dzy 7:30 a 8:30 (w zale\u017cno\u015bci od lokalizacji hotelu).<\/li>\n<li class=\"nonelist\"><strong>Wyp\u0142yni\u0119cie z mariny:\u00a0<\/strong>\u00a0\u0141\u00f3d\u017a wyrusza oko\u0142o godziny 10:00 rano.<\/li>\n<li class=\"nonelist\"><strong>Poszukiwanie delfin\u00f3w:\u00a0<\/strong>\u00a0Wypraw\u0119 organizuj\u0105 profesjonali\u015bci, kt\u00f3rzy do\u0142o\u017c\u0105 wszelkich stara\u0144, aby zlokalizowa\u0107 i zbli\u017cy\u0107 si\u0119 do delfin\u00f3w w najlepszych warunkach, co pozwoli Ci pop\u0142ywa\u0107 z nimi, jednocze\u015bnie szanuj\u0105c \u015brodowisko i zwierz\u0119ta.<\/li>\n<li class=\"nonelist\"><strong>Uwagi:\u00a0<\/strong>\u00a0Po instrukta\u017cu, na kt\u00f3rym wyja\u015bnione zostanie, jak zachowywa\u0107 si\u0119 w wodzie, uczestnicy b\u0119d\u0105 pod nadzorem dw\u00f3ch do\u015bwiadczonych przewodnik\u00f3w.<\/li>\n<li class=\"nonelist\"><strong>Uwagi:\u00a0<\/strong>\u00a0Zatrzymasz si\u0119 w kilku miejscach, w zale\u017cno\u015bci od tego, gdzie znajduj\u0105 si\u0119 delfiny.<\/li>\n<li class=\"nonelist\"><strong>Uwagi:\u00a0<\/strong>\u00a0Nale\u017cy pami\u0119ta\u0107, \u017ce spotkania z delfinami nie s\u0105 gwarantowane, poniewa\u017c znajduj\u0105 si\u0119 one w swoim naturalnym \u015brodowisku. Nie b\u0119dzie zwrotu pieni\u0119dzy, je\u015bli ich nie znajdziemy.<\/li>\n<li class=\"nonelist\"><strong>Snorkeling:\u00a0<\/strong>\u00a0Snorkeling odbywa si\u0119 na terenie t\u0119tni\u0105cej \u017cyciem rafy koralowej, gdzie mo\u017cna odkrywa\u0107 podwodny \u015bwiat pe\u0142en kolorowych ryb, koralowc\u00f3w i innych stworze\u0144 morskich.<\/li>\n<li class=\"nonelist\"><strong>Lunch (bufet) i napoje:\u00a0<\/strong>\u00a0Lunch jest zazwyczaj serwowany w formie bufetu, dostosowanego do r\u00f3\u017cnych preferencji dietetycznych.<\/li>\n<li class=\"nonelist\"><strong>Powr\u00f3t do mariny:\u00a0<\/strong>\u00a0Oko\u0142o godziny 15:00 \u0142\u00f3d\u017a powr\u00f3ci do mariny, gdzie kierowcy b\u0119d\u0105 na ni\u0105 czeka\u0107, aby odwie\u017a\u0107 Ci\u0119 do hotelu.<\/li>\n<\/ul>\n<\/li>\n<\/ul>\n<\/li>\n<\/ul>\n<h3><strong>Czas trwania<\/strong><\/h3>\n<p>Odbi\u00f3r: Oko\u0142o godziny 8:00 rano (w zale\u017cno\u015bci od lokalizacji hotelu w Hurghadzie).<\/p>\n<h5>W razie pyta\u0144 prosimy o kontakt:<a href=\"https:\/\/wa.me\/+201069089904\" target=\"_blank\" rel=\"noopener\"><img decoding=\"async\" class=\"alignnone wp-image-13655\" src=\"https:\/\/alivoyage.com\/wp-content\/uploads\/2024\/03\/whatsapp-svgrepo-com.svg\" alt=\"\" width=\"42\" height=\"42\" \/><\/a><\/h5>\n<div class=\"desc-p havezic-single-content\">\n<div class=\"elementor-element elementor-element-6d80088b ba-content__one elementor-widget elementor-widget-gva_ba_item_content\" data-id=\"6d80088b\" data-element_type=\"widget\" data-widget_type=\"gva_ba_item_content.default\">\n<div class=\"elementor-widget-container\">\n<div class=\"gowilds-gva_ba_item_content gowilds-element\">\n<div class=\"gowilds-single-content\"><\/div>\n<\/div>\n<\/div>\n<\/div>\n<\/div>\n","protected":false},"excerpt":{"rendered":"<p>Wycieczka do Dolphin House Hurghada (Dzie\u0144 z Delfinami na Morzu) \u00a0Zapraszamy\u00a0\u00a0na niepowtarzaln\u0105 przygod\u0119 p\u0142ywania z delfinami w ich naturalnym \u015brodowisku, eksploracji raf koralowych i podziwiania bogatego \u017cycia morskiego Morza Czerwonego. \u00a0Dzie\u0144 w Dolphin House Sea Hurghada: 1 przystanek na p\u0142ywanie i\/lub obserwacj\u0119 delfin\u00f3w + 2 przystanki na nurkowanie w r\u00f3\u017cnych miejscach + lunch w formie bufetu + nieograniczona liczba napoj\u00f3w, aby zapewni\u0107 niezapomniany dzie\u0144. \u00a0Program ten oferuje idealn\u0105 r\u00f3wnowag\u0119 mi\u0119dzy przygod\u0105, odkrywaniem \u015bwiata i relaksem w krystalicznie czystych wodach Morza Czerwonego. &nbsp; \u00a0Dni tygodnia i czas trwania: Codziennie. Od 8:00 do 15:00 (godziny wyjazdu i powrotu zale\u017c\u0105 od lokalizacji hotelu w Hurghadzie i zostan\u0105 potwierdzone po dokonaniu rezerwacji). Wycieczka ca\u0142odniowa (oko\u0142o 6-7 godzin, wliczaj\u0105c transfery). &nbsp; \u00a0Program: Odbi\u00f3r z hotelu:\u00a0\u00a0Pomi\u0119dzy 7:30 a 8:30 (w zale\u017cno\u015bci od lokalizacji hotelu). Wyp\u0142yni\u0119cie z mariny:\u00a0\u00a0\u0141\u00f3d\u017a wyrusza oko\u0142o godziny 10:00 rano. Poszukiwanie delfin\u00f3w:\u00a0\u00a0Wypraw\u0119 organizuj\u0105 profesjonali\u015bci, kt\u00f3rzy do\u0142o\u017c\u0105 wszelkich stara\u0144, aby zlokalizowa\u0107 i zbli\u017cy\u0107 si\u0119 do delfin\u00f3w w najlepszych warunkach, co pozwoli Ci pop\u0142ywa\u0107 z nimi, jednocze\u015bnie szanuj\u0105c \u015brodowisko i zwierz\u0119ta. Uwagi:\u00a0\u00a0Po instrukta\u017cu, na kt\u00f3rym wyja\u015bnione zostanie, jak zachowywa\u0107 si\u0119 w wodzie, uczestnicy b\u0119d\u0105 pod nadzorem dw\u00f3ch do\u015bwiadczonych przewodnik\u00f3w. Uwagi:\u00a0\u00a0Zatrzymasz si\u0119 w kilku miejscach, w zale\u017cno\u015bci od tego, gdzie znajduj\u0105 si\u0119 delfiny. Uwagi:\u00a0\u00a0Nale\u017cy pami\u0119ta\u0107, \u017ce spotkania z delfinami nie s\u0105 gwarantowane, poniewa\u017c znajduj\u0105 si\u0119 one w swoim naturalnym \u015brodowisku. Nie b\u0119dzie zwrotu pieni\u0119dzy, je\u015bli ich nie znajdziemy. Snorkeling:\u00a0\u00a0Snorkeling odbywa si\u0119 na terenie t\u0119tni\u0105cej \u017cyciem rafy koralowej, gdzie mo\u017cna odkrywa\u0107 podwodny \u015bwiat pe\u0142en kolorowych ryb, koralowc\u00f3w i innych stworze\u0144 morskich. Lunch (bufet) i napoje:\u00a0\u00a0Lunch jest zazwyczaj serwowany w formie bufetu, dostosowanego do r\u00f3\u017cnych preferencji dietetycznych. Powr\u00f3t do mariny:\u00a0\u00a0Oko\u0142o godziny 15:00 \u0142\u00f3d\u017a powr\u00f3ci do mariny, gdzie kierowcy b\u0119d\u0105 na ni\u0105 czeka\u0107, aby odwie\u017a\u0107 Ci\u0119 do hotelu. Czas trwania Odbi\u00f3r: Oko\u0142o godziny 8:00 rano (w zale\u017cno\u015bci od lokalizacji hotelu w Hurghadzie). W razie pyta\u0144 prosimy o kontakt:<\/p>\n","protected":false},"featured_media":13363,"comment_status":"open","ping_status":"closed","template":"","meta":{"_monsterinsights_skip_tracking":false,"_monsterinsights_sitenote_active":false,"_monsterinsights_sitenote_note":"","_monsterinsights_sitenote_category":0},"product_brand":[],"product_cat":[95],"product_tag":[],"class_list":{"0":"post-13362","1":"product","2":"type-product","3":"status-publish","4":"has-post-thumbnail","6":"product_cat-rejsy-morskie","8":"first","9":"instock","10":"shipping-taxable","11":"purchasable","12":"product-type-ovabrw_car_rental"},"_links":{"self":[{"href":"https:\/\/get-aguide.com\/pl\/wp-json\/wp\/v2\/product\/13362","targetHints":{"allow":["GET"]}}],"collection":[{"href":"https:\/\/get-aguide.com\/pl\/wp-json\/wp\/v2\/product"}],"about":[{"href":"https:\/\/get-aguide.com\/pl\/wp-json\/wp\/v2\/types\/product"}],"replies":[{"embeddable":true,"href":"https:\/\/get-aguide.com\/pl\/wp-json\/wp\/v2\/comments?post=13362"}],"wp:featuredmedia":[{"embeddable":true,"href":"https:\/\/get-aguide.com\/pl\/wp-json\/wp\/v2\/media\/13363"}],"wp:attachment":[{"href":"https:\/\/get-aguide.com\/pl\/wp-json\/wp\/v2\/media?parent=13362"}],"wp:term":[{"taxonomy":"product_brand","embeddable":true,"href":"https:\/\/get-aguide.com\/pl\/wp-json\/wp\/v2\/product_brand?post=13362"},{"taxonomy":"product_cat","embeddable":true,"href":"https:\/\/get-aguide.com\/pl\/wp-json\/wp\/v2\/product_cat?post=13362"},{"taxonomy":"product_tag","embeddable":true,"href":"https:\/\/get-aguide.com\/pl\/wp-json\/wp\/v2\/product_tag?post=13362"}],"curies":[{"name":"wp","href":"https:\/\/api.w.org\/{rel}","templated":true}]}}