{"id":13407,"date":"2025-05-29T17:06:02","date_gmt":"2025-05-29T17:06:02","guid":{"rendered":"https:\/\/get-aguide.com\/?post_type=product&#038;p=13407"},"modified":"2025-05-29T17:08:31","modified_gmt":"2025-05-29T17:08:31","slug":"parasailing","status":"publish","type":"product","link":"https:\/\/get-aguide.com\/pl\/produkt\/parasailing\/","title":{"rendered":"Parasailing"},"content":{"rendered":"<ul>\n<li class=\"nonelist\">\n<h2><span>Przegl\u0105d<\/span><\/h2>\n<ul>\n<li><span>Odbierzemy Ci\u0119 z hotelu i zawieziemy na miejsce wydarzenia.<\/span><\/li>\n<li><span>Prze\u017cyj nowe doznania dzi\u0119ki naszej przygodzie na parasailingu.<\/span><\/li>\n<li><span>Pozw\u00f3l, aby przez oko\u0142o 5 minut adrenalina miesza\u0142a si\u0119 z zachwytem, \u200b\u200bjaki wzbudza widok l\u015bni\u0105cych turkusowych w\u00f3d.<\/span><\/li>\n<li><span>Podczas tej przygody b\u0119dziesz m\u00f3g\u0142 podziwia\u0107 zapieraj\u0105ce dech w piersiach widoki i podziwia\u0107 krajobraz wybrze\u017ca z wyj\u0105tkowej perspektywy.<\/span><\/li>\n<li><span>Kierowca b\u0119dzie czeka\u0107, aby odwie\u017a\u0107 Ci\u0119 do hotelu<\/span><\/li>\n<\/ul>\n<p><span>SGL 30 UE<\/span><\/p>\n<p><span>DBL 40 UE<\/span><\/p>\n<p>&nbsp;<\/p>\n<h3><strong><span>Czas trwania: na \u017c\u0105danie<\/span><\/strong><\/h3>\n<ul>\n<li><span>Prosimy o wybranie godziny odbioru i podanie jej w uwagach do rezerwacji.<\/span><\/li>\n<\/ul>\n<h5><span>W razie pyta\u0144 prosimy o kontakt:<\/span><a href=\"https:\/\/wa.me\/+201069089904\" target=\"_blank\" rel=\"noopener\"><img decoding=\"async\" class=\"alignnone wp-image-13655\" src=\"https:\/\/alivoyage.com\/wp-content\/uploads\/2024\/03\/whatsapp-svgrepo-com.svg\" alt=\"\" width=\"42\" height=\"42\" \/><\/a><\/h5>\n<\/li>\n<\/ul>\n","protected":false},"excerpt":{"rendered":"<p>Przegl\u0105d Odbierzemy Ci\u0119 z hotelu i zawieziemy na miejsce wydarzenia. Prze\u017cyj nowe doznania dzi\u0119ki naszej przygodzie na parasailingu. Pozw\u00f3l, aby przez oko\u0142o 5 minut adrenalina miesza\u0142a si\u0119 z zachwytem, \u200b\u200bjaki wzbudza widok l\u015bni\u0105cych turkusowych w\u00f3d. Podczas tej przygody b\u0119dziesz m\u00f3g\u0142 podziwia\u0107 zapieraj\u0105ce dech w piersiach widoki i podziwia\u0107 krajobraz wybrze\u017ca z wyj\u0105tkowej perspektywy. Kierowca b\u0119dzie czeka\u0107, aby odwie\u017a\u0107 Ci\u0119 do hotelu SGL 30 UE DBL 40 UE &nbsp; Czas trwania: na \u017c\u0105danie Prosimy o wybranie godziny odbioru i podanie jej w uwagach do rezerwacji. W razie pyta\u0144 prosimy o kontakt:<\/p>\n","protected":false},"featured_media":13408,"comment_status":"open","ping_status":"closed","template":"","meta":{"_monsterinsights_skip_tracking":false,"_monsterinsights_sitenote_active":false,"_monsterinsights_sitenote_note":"","_monsterinsights_sitenote_category":0},"product_brand":[],"product_cat":[95],"product_tag":[],"class_list":{"0":"post-13407","1":"product","2":"type-product","3":"status-publish","4":"has-post-thumbnail","6":"product_cat-rejsy-morskie","8":"first","9":"instock","10":"shipping-taxable","11":"purchasable","12":"product-type-ovabrw_car_rental"},"_links":{"self":[{"href":"https:\/\/get-aguide.com\/pl\/wp-json\/wp\/v2\/product\/13407","targetHints":{"allow":["GET"]}}],"collection":[{"href":"https:\/\/get-aguide.com\/pl\/wp-json\/wp\/v2\/product"}],"about":[{"href":"https:\/\/get-aguide.com\/pl\/wp-json\/wp\/v2\/types\/product"}],"replies":[{"embeddable":true,"href":"https:\/\/get-aguide.com\/pl\/wp-json\/wp\/v2\/comments?post=13407"}],"wp:featuredmedia":[{"embeddable":true,"href":"https:\/\/get-aguide.com\/pl\/wp-json\/wp\/v2\/media\/13408"}],"wp:attachment":[{"href":"https:\/\/get-aguide.com\/pl\/wp-json\/wp\/v2\/media?parent=13407"}],"wp:term":[{"taxonomy":"product_brand","embeddable":true,"href":"https:\/\/get-aguide.com\/pl\/wp-json\/wp\/v2\/product_brand?post=13407"},{"taxonomy":"product_cat","embeddable":true,"href":"https:\/\/get-aguide.com\/pl\/wp-json\/wp\/v2\/product_cat?post=13407"},{"taxonomy":"product_tag","embeddable":true,"href":"https:\/\/get-aguide.com\/pl\/wp-json\/wp\/v2\/product_tag?post=13407"}],"curies":[{"name":"wp","href":"https:\/\/api.w.org\/{rel}","templated":true}]}}