{"id":13428,"date":"2025-05-29T17:08:56","date_gmt":"2025-05-29T17:08:56","guid":{"rendered":"https:\/\/get-aguide.com\/?post_type=product&#038;p=13428"},"modified":"2025-05-29T17:12:21","modified_gmt":"2025-05-29T17:12:21","slug":"wyspa-hula-hula","status":"publish","type":"product","link":"https:\/\/get-aguide.com\/pl\/produkt\/wyspa-hula-hula\/","title":{"rendered":"Wyspa Hula Hula"},"content":{"rendered":"<ul>\n<li class=\"nonelist\">\n<h2><span>Wycieczka na wysp\u0119 Hula Hula w Hurghadzie<\/span><\/h2>\n<ul>\n<li class=\"nonelist\"><em class=\"fa-green fa-solid fa-circle-info\">\u00a0<\/em><strong><span>Do\u0142\u0105cz do nas<\/span><\/strong><span>\u00a0\u00a0w niezapomnianej podr\u00f3\u017cy na egipskie Karaiby! P\u0142ywaj, nurkuj w krystalicznie czystych wodach Morza Czerwonego i odkryj jego zapieraj\u0105ce dech w piersiach \u017cycie morskie.<\/span><\/li>\n<li class=\"nonelist\"><em class=\"fa-green fa-solid fa-circle-info\">\u00a0<\/em><span>Hula Hula Island Hurghada: 1,5 godziny na wyspie + 1 przystanek na nurkowanie + lunch w formie bufetu + nieograniczona liczba napoj\u00f3w + zaj\u0119cia wodne \u2013 idealny dzie\u0144 pe\u0142en zabawy i relaksu.<\/span><\/li>\n<li class=\"nonelist\"><em class=\"fa-green fa-solid fa-circle-info\">\u00a0<\/em><span>Wycieczka ta oferuje idealne po\u0142\u0105czenie przygody, relaksu i eksploracji w jednym z najpi\u0119kniejszych miejsc w pobli\u017cu Hurghady.<\/span><\/li>\n<\/ul>\n<div class=\"vc_row wpb_row vc_row-fluid\">\n<div class=\"wpb_column vc_column_container vc_col-sm-12\">\n<div class=\"vc_column-inner\">\n<div class=\"wpb_wrapper\">\n<div class=\"wpb_text_column wpb_content_element \">\n<div class=\"wpb_wrapper\">\n<div class=\"wpb_wrapper\">\n<h3><em class=\"fa-green fa-regular fa-calendar-days\">\u00a0<\/em><strong><span>Harmonogram i czas trwania:<\/span><\/strong><\/h3>\n<ul>\n<li><span>Dost\u0119pne codziennie.<\/span><\/li>\n<li><span>Od 8:00 do 16:00 (godziny mog\u0105 si\u0119 r\u00f3\u017cni\u0107 w zale\u017cno\u015bci od lokalizacji hotelu i zostan\u0105 potwierdzone po dokonaniu rezerwacji).<\/span><\/li>\n<li><span>Wycieczka ca\u0142odniowa (oko\u0142o 7-8 godzin, wliczaj\u0105c transfery).<\/span><\/li>\n<\/ul>\n<h3><em class=\"fa-green fa-solid fa-rectangle-list\">\u00a0<\/em><strong><span>Program wycieczki:<\/span><\/strong><\/h3>\n<ul>\n<li><strong><span>Odbi\u00f3r z hotelu:<\/span><\/strong><span>\u00a0\u00a0Mi\u0119dzy 7:30 a 8:30 (w zale\u017cno\u015bci od lokalizacji hotelu).<\/span><\/li>\n<li><strong><span>Odp\u0142yni\u0119cie z mariny:<\/span><\/strong><span>\u00a0\u00a0\u0141\u00f3d\u017a odp\u0142ywa oko\u0142o godziny 10:00 rano.<\/span><\/li>\n<li><strong><span>Przystanek na nurkowanie:<\/span><\/strong><span>\u00a0\u00a0Odkryj kolorow\u0105 raf\u0119 koralow\u0105 pe\u0142n\u0105 tropikalnych ryb i \u017cycia morskiego.<\/span><\/li>\n<li><strong><span>Lunch w formie bufetu i napoje:<\/span><\/strong><span>\u00a0\u00a0Ciesz si\u0119 r\u00f3\u017cnorodno\u015bci\u0105 pysznych da\u0144 i nieograniczon\u0105 ilo\u015bci\u0105 napoj\u00f3w bezalkoholowych.<\/span><\/li>\n<li><strong><span>Aktywno\u015bci wodne:<\/span><\/strong><span>\u00a0\u00a0Skorzystaj z ekscytuj\u0105cych przeja\u017cd\u017cek, np. na bananie lub na sofie.<\/span><\/li>\n<li><strong><span>Przybycie na wysp\u0119 Hula Hula:<\/span><\/strong><span>\u00a0\u00a0Zrelaksuj si\u0119 na piaszczystej pla\u017cy, pop\u0142ywaj w krystalicznie czystej wodzie lub we\u017a udzia\u0142 w pla\u017cowych aktywno\u015bciach.<\/span><\/li>\n<li><strong><span>Czas wolny na wyspie:<\/span><\/strong><span>\u00a0\u00a0Ciesz si\u0119 1,5 godziny na zwiedzanie, opalanie si\u0119 lub oddawanie si\u0119 aktywno\u015bciom.<\/span><\/li>\n<li><strong><span>Powr\u00f3t do mariny:<\/span><\/strong><span>\u00a0\u00a0Oko\u0142o godziny 15:30 \u0142\u00f3d\u017a wyruszy w drog\u0119 powrotn\u0105, a nast\u0119pnie transport zabierze Ci\u0119 do hotelu.<\/span><\/li>\n<\/ul>\n<h3><strong><span>Co zabra\u0107:<\/span><\/strong><\/h3>\n<ul>\n<li><span>R\u0119cznik.<\/span><\/li>\n<li><span>Krem przeciws\u0142oneczny.<\/span><\/li>\n<li><span>Okulary przeciws\u0142oneczne i kapelusz.<\/span><\/li>\n<li><span>Kamera lub GoPro.<\/span><\/li>\n<li><span>Zdj\u0119cie paszportowe w Twoim telefonie.<\/span><\/li>\n<li><span>Got\u00f3wka za opcjonalne dodatki.<\/span><\/li>\n<\/ul>\n<h3><strong><span>Czas trwania<\/span><\/strong><\/h3>\n<p><span>Pierwsza podr\u00f3\u017c:<\/span><\/p>\n<p><span>Odbi\u00f3r: Oko\u0142o godziny 8:00 rano (w zale\u017cno\u015bci od lokalizacji hotelu w Hurghadzie).<\/span><\/p>\n<p><span>Druga podr\u00f3\u017c:<\/span><\/p>\n<p><span>Odbi\u00f3r: Oko\u0142o 10:00 rano (w zale\u017cno\u015bci od lokalizacji hotelu w Hurghadzie)<\/span><\/p>\n<ul>\n<li><span>Prosimy o wybranie godziny odbioru i podanie jej w uwagach do rezerwacji.<\/span><\/li>\n<\/ul>\n<h5><span>W razie pyta\u0144 prosimy o kontakt:<\/span><a href=\"https:\/\/wa.me\/+201069089904\" target=\"_blank\" rel=\"noopener\"><img decoding=\"async\" class=\"alignnone wp-image-13655\" src=\"https:\/\/alivoyage.com\/wp-content\/uploads\/2024\/03\/whatsapp-svgrepo-com.svg\" alt=\"\" width=\"42\" height=\"42\" \/><\/a><\/h5>\n<\/div>\n<\/div>\n<\/div>\n<\/div>\n<\/div>\n<\/div>\n<\/div>\n<\/li>\n<\/ul>\n","protected":false},"excerpt":{"rendered":"<p>Wycieczka na wysp\u0119 Hula Hula w Hurghadzie \u00a0Do\u0142\u0105cz do nas\u00a0\u00a0w niezapomnianej podr\u00f3\u017cy na egipskie Karaiby! P\u0142ywaj, nurkuj w krystalicznie czystych wodach Morza Czerwonego i odkryj jego zapieraj\u0105ce dech w piersiach \u017cycie morskie. \u00a0Hula Hula Island Hurghada: 1,5 godziny na wyspie + 1 przystanek na nurkowanie + lunch w formie bufetu + nieograniczona liczba napoj\u00f3w + zaj\u0119cia wodne \u2013 idealny dzie\u0144 pe\u0142en zabawy i relaksu. \u00a0Wycieczka ta oferuje idealne po\u0142\u0105czenie przygody, relaksu i eksploracji w jednym z najpi\u0119kniejszych miejsc w pobli\u017cu Hurghady. \u00a0Harmonogram i czas trwania: Dost\u0119pne codziennie. Od 8:00 do 16:00 (godziny mog\u0105 si\u0119 r\u00f3\u017cni\u0107 w zale\u017cno\u015bci od lokalizacji hotelu i zostan\u0105 potwierdzone po dokonaniu rezerwacji). Wycieczka ca\u0142odniowa (oko\u0142o 7-8 godzin, wliczaj\u0105c transfery). \u00a0Program wycieczki: Odbi\u00f3r z hotelu:\u00a0\u00a0Mi\u0119dzy 7:30 a 8:30 (w zale\u017cno\u015bci od lokalizacji hotelu). Odp\u0142yni\u0119cie z mariny:\u00a0\u00a0\u0141\u00f3d\u017a odp\u0142ywa oko\u0142o godziny 10:00 rano. Przystanek na nurkowanie:\u00a0\u00a0Odkryj kolorow\u0105 raf\u0119 koralow\u0105 pe\u0142n\u0105 tropikalnych ryb i \u017cycia morskiego. Lunch w formie bufetu i napoje:\u00a0\u00a0Ciesz si\u0119 r\u00f3\u017cnorodno\u015bci\u0105 pysznych da\u0144 i nieograniczon\u0105 ilo\u015bci\u0105 napoj\u00f3w bezalkoholowych. Aktywno\u015bci wodne:\u00a0\u00a0Skorzystaj z ekscytuj\u0105cych przeja\u017cd\u017cek, np. na bananie lub na sofie. Przybycie na wysp\u0119 Hula Hula:\u00a0\u00a0Zrelaksuj si\u0119 na piaszczystej pla\u017cy, pop\u0142ywaj w krystalicznie czystej wodzie lub we\u017a udzia\u0142 w pla\u017cowych aktywno\u015bciach. Czas wolny na wyspie:\u00a0\u00a0Ciesz si\u0119 1,5 godziny na zwiedzanie, opalanie si\u0119 lub oddawanie si\u0119 aktywno\u015bciom. Powr\u00f3t do mariny:\u00a0\u00a0Oko\u0142o godziny 15:30 \u0142\u00f3d\u017a wyruszy w drog\u0119 powrotn\u0105, a nast\u0119pnie transport zabierze Ci\u0119 do hotelu. Co zabra\u0107: R\u0119cznik. Krem przeciws\u0142oneczny. Okulary przeciws\u0142oneczne i kapelusz. Kamera lub GoPro. Zdj\u0119cie paszportowe w Twoim telefonie. Got\u00f3wka za opcjonalne dodatki. Czas trwania Pierwsza podr\u00f3\u017c: Odbi\u00f3r: Oko\u0142o godziny 8:00 rano (w zale\u017cno\u015bci od lokalizacji hotelu w Hurghadzie). Druga podr\u00f3\u017c: Odbi\u00f3r: Oko\u0142o 10:00 rano (w zale\u017cno\u015bci od lokalizacji hotelu w Hurghadzie) Prosimy o wybranie godziny odbioru i podanie jej w uwagach do rezerwacji. W razie pyta\u0144 prosimy o kontakt:<\/p>\n","protected":false},"featured_media":13429,"comment_status":"open","ping_status":"closed","template":"","meta":{"_monsterinsights_skip_tracking":false,"_monsterinsights_sitenote_active":false,"_monsterinsights_sitenote_note":"","_monsterinsights_sitenote_category":0},"product_brand":[],"product_cat":[95],"product_tag":[],"class_list":{"0":"post-13428","1":"product","2":"type-product","3":"status-publish","4":"has-post-thumbnail","6":"product_cat-rejsy-morskie","8":"first","9":"instock","10":"shipping-taxable","11":"purchasable","12":"product-type-ovabrw_car_rental"},"_links":{"self":[{"href":"https:\/\/get-aguide.com\/pl\/wp-json\/wp\/v2\/product\/13428","targetHints":{"allow":["GET"]}}],"collection":[{"href":"https:\/\/get-aguide.com\/pl\/wp-json\/wp\/v2\/product"}],"about":[{"href":"https:\/\/get-aguide.com\/pl\/wp-json\/wp\/v2\/types\/product"}],"replies":[{"embeddable":true,"href":"https:\/\/get-aguide.com\/pl\/wp-json\/wp\/v2\/comments?post=13428"}],"wp:featuredmedia":[{"embeddable":true,"href":"https:\/\/get-aguide.com\/pl\/wp-json\/wp\/v2\/media\/13429"}],"wp:attachment":[{"href":"https:\/\/get-aguide.com\/pl\/wp-json\/wp\/v2\/media?parent=13428"}],"wp:term":[{"taxonomy":"product_brand","embeddable":true,"href":"https:\/\/get-aguide.com\/pl\/wp-json\/wp\/v2\/product_brand?post=13428"},{"taxonomy":"product_cat","embeddable":true,"href":"https:\/\/get-aguide.com\/pl\/wp-json\/wp\/v2\/product_cat?post=13428"},{"taxonomy":"product_tag","embeddable":true,"href":"https:\/\/get-aguide.com\/pl\/wp-json\/wp\/v2\/product_tag?post=13428"}],"curies":[{"name":"wp","href":"https:\/\/api.w.org\/{rel}","templated":true}]}}