{"id":13510,"date":"2025-05-29T17:18:44","date_gmt":"2025-05-29T17:18:44","guid":{"rendered":"https:\/\/get-aguide.com\/?post_type=product&#038;p=13510"},"modified":"2025-05-29T17:23:25","modified_gmt":"2025-05-29T17:23:25","slug":"wyspa-mahmya","status":"publish","type":"product","link":"https:\/\/get-aguide.com\/pl\/produkt\/wyspa-mahmya\/","title":{"rendered":"Wyspa Mahmya"},"content":{"rendered":"<ul>\n<li class=\"nonelist\">\n<h2>Przegl\u0105d<\/h2>\n<h2>Wyspa Mahmya<\/h2>\n<p>Odkryj t\u0119tni\u0105ce \u017cyciem rafy koralowe i podwodne ogrody wyspy Mahmya w chronionym Giftun Island National Park. Spotkaj delfiny, kolorowe \u0142awice ryb i wiele wi\u0119cej, nurkuj\u0105c w czystych wodach. Zrelaksuj si\u0119 na dziewiczych, bia\u0142ych piaszczystych pla\u017cach i pop\u0142ywaj w krystalicznie czystym morzu.<\/p>\n<h3><strong>Przegl\u0105d najwa\u017cniejszych wydarze\u0144:<\/strong><\/h3>\n<div class=\"highlights\">\n<ul>\n<li>Odkryj podwodny \u015bwiat Morza Czerwonego<\/li>\n<li>Pop\u0142y\u0144 na chronion\u0105 wysp\u0119 Mahmya<\/li>\n<li>Poszukaj weso\u0142ych delfin\u00f3w w Parku Narodowym Wyspy Giftun<\/li>\n<li>Ciesz si\u0119 lunchem sk\u0142adaj\u0105cym si\u0119 z owoc\u00f3w morza i w\u0142oskich specja\u0142\u00f3w<\/li>\n<li>Zrelaksuj si\u0119 na bia\u0142ych piaszczystych pla\u017cach i pop\u0142ywaj w krystalicznie czystym morzu<\/li>\n<\/ul>\n<h3><strong>Co zabra\u0107 ze sob\u0105:<\/strong><\/h3>\n<ul>\n<li>R\u0119cznik k\u0105pielowy<\/li>\n<li>Okulary przeciws\u0142oneczne<\/li>\n<li>Krem z filtrem przeciws\u0142onecznym<\/li>\n<li>Str\u00f3j k\u0105pielowy<\/li>\n<li>Sprz\u0119t fotograficzny\/wideo<\/li>\n<\/ul>\n<\/div>\n<h3><strong>Czas trwania<\/strong><\/h3>\n<p>Odbi\u00f3r: Oko\u0142o godziny 8:00 rano (w zale\u017cno\u015bci od lokalizacji hotelu w Hurghadzie).<\/p>\n<h5>W razie pyta\u0144 prosimy o kontakt:<a href=\"https:\/\/wa.me\/+201069089904\" target=\"_blank\" rel=\"noopener\"><img decoding=\"async\" class=\"alignnone wp-image-13655\" src=\"https:\/\/alivoyage.com\/wp-content\/uploads\/2024\/03\/whatsapp-svgrepo-com.svg\" alt=\"\" width=\"42\" height=\"42\" \/><\/a><\/h5>\n<\/li>\n<\/ul>\n","protected":false},"excerpt":{"rendered":"<p>Przegl\u0105d Wyspa Mahmya Odkryj t\u0119tni\u0105ce \u017cyciem rafy koralowe i podwodne ogrody wyspy Mahmya w chronionym Giftun Island National Park. Spotkaj delfiny, kolorowe \u0142awice ryb i wiele wi\u0119cej, nurkuj\u0105c w czystych wodach. Zrelaksuj si\u0119 na dziewiczych, bia\u0142ych piaszczystych pla\u017cach i pop\u0142ywaj w krystalicznie czystym morzu. Przegl\u0105d najwa\u017cniejszych wydarze\u0144: Odkryj podwodny \u015bwiat Morza Czerwonego Pop\u0142y\u0144 na chronion\u0105 wysp\u0119 Mahmya Poszukaj weso\u0142ych delfin\u00f3w w Parku Narodowym Wyspy Giftun Ciesz si\u0119 lunchem sk\u0142adaj\u0105cym si\u0119 z owoc\u00f3w morza i w\u0142oskich specja\u0142\u00f3w Zrelaksuj si\u0119 na bia\u0142ych piaszczystych pla\u017cach i pop\u0142ywaj w krystalicznie czystym morzu Co zabra\u0107 ze sob\u0105: R\u0119cznik k\u0105pielowy Okulary przeciws\u0142oneczne Krem z filtrem przeciws\u0142onecznym Str\u00f3j k\u0105pielowy Sprz\u0119t fotograficzny\/wideo Czas trwania Odbi\u00f3r: Oko\u0142o godziny 8:00 rano (w zale\u017cno\u015bci od lokalizacji hotelu w Hurghadzie). W razie pyta\u0144 prosimy o kontakt:<\/p>\n","protected":false},"featured_media":13511,"comment_status":"open","ping_status":"closed","template":"","meta":{"_monsterinsights_skip_tracking":false,"_monsterinsights_sitenote_active":false,"_monsterinsights_sitenote_note":"","_monsterinsights_sitenote_category":0},"product_brand":[],"product_cat":[95],"product_tag":[],"class_list":{"0":"post-13510","1":"product","2":"type-product","3":"status-publish","4":"has-post-thumbnail","6":"product_cat-rejsy-morskie","8":"first","9":"instock","10":"shipping-taxable","11":"purchasable","12":"product-type-ovabrw_car_rental"},"_links":{"self":[{"href":"https:\/\/get-aguide.com\/pl\/wp-json\/wp\/v2\/product\/13510","targetHints":{"allow":["GET"]}}],"collection":[{"href":"https:\/\/get-aguide.com\/pl\/wp-json\/wp\/v2\/product"}],"about":[{"href":"https:\/\/get-aguide.com\/pl\/wp-json\/wp\/v2\/types\/product"}],"replies":[{"embeddable":true,"href":"https:\/\/get-aguide.com\/pl\/wp-json\/wp\/v2\/comments?post=13510"}],"wp:featuredmedia":[{"embeddable":true,"href":"https:\/\/get-aguide.com\/pl\/wp-json\/wp\/v2\/media\/13511"}],"wp:attachment":[{"href":"https:\/\/get-aguide.com\/pl\/wp-json\/wp\/v2\/media?parent=13510"}],"wp:term":[{"taxonomy":"product_brand","embeddable":true,"href":"https:\/\/get-aguide.com\/pl\/wp-json\/wp\/v2\/product_brand?post=13510"},{"taxonomy":"product_cat","embeddable":true,"href":"https:\/\/get-aguide.com\/pl\/wp-json\/wp\/v2\/product_cat?post=13510"},{"taxonomy":"product_tag","embeddable":true,"href":"https:\/\/get-aguide.com\/pl\/wp-json\/wp\/v2\/product_tag?post=13510"}],"curies":[{"name":"wp","href":"https:\/\/api.w.org\/{rel}","templated":true}]}}