{"id":13592,"date":"2025-05-29T17:51:16","date_gmt":"2025-05-29T17:51:16","guid":{"rendered":"https:\/\/get-aguide.com\/?post_type=product&#038;p=13592"},"modified":"2026-04-07T06:28:49","modified_gmt":"2026-04-07T06:28:49","slug":"supersafari","status":"publish","type":"product","link":"https:\/\/get-aguide.com\/pl\/produkt\/supersafari\/","title":{"rendered":"Supersafari"},"content":{"rendered":"<ul>\n<li class=\"nonelist\">\n<div class=\"elementor-element elementor-element-f85dd7f elementor-widget elementor-widget-heading\" data-id=\"f85dd7f\" data-element_type=\"widget\" data-widget_type=\"heading.default\">\n<div class=\"elementor-widget-container\">\n<h2 class=\"elementor-heading-title elementor-size-default\">Przegl\u0105d<\/h2>\n<\/div>\n<\/div>\n<div class=\"elementor-element elementor-element-23592fac elementor-widget elementor-widget-babe-item-content\" data-id=\"23592fac\" data-element_type=\"widget\" data-widget_type=\"babe-item-content.default\">\n<div class=\"elementor-widget-container\">\n<div class=\"elementor-widget-inner\">\n<div class=\"triply-single-content\">\n<h2>Safari na Saharze \u2013 Quad, Buggy, Jeep i Show<\/h2>\n<p>Odkryj pustyni\u0119 Sahary w towarzystwie Beduin\u00f3w: przeja\u017cd\u017cka quadem, bryczk\u0105, jeepem, wizyta w wiosce oraz tradycyjny pokaz z bufetem \u201ezjedz, ile chcesz\u201d.<\/p>\n<p>&nbsp;<\/p>\n<h3><strong>Dni tygodnia i czas trwania:<\/strong><\/h3>\n<p>Dost\u0119pne codziennie.<\/p>\n<p>Aktywno\u015b\u0107 tylko po po\u0142udniu \u2013 powr\u00f3t jest spodziewany oko\u0142o 19:00.<\/p>\n<div class=\"container\">\n<div class=\"trip-insight \">\n<div class=\"insight-list-wrap row owl-carousel owl-theme owl-responsive-700 owl-loaded\">\n<div class=\"owl-controls\">\n<div class=\"owl-nav\">\n<div class=\"flex max-w-full flex-col flex-grow\">\n<div class=\"min-h-[20px] text-message flex w-full flex-col items-end gap-2 whitespace-normal break-words [.text-message+&amp;]:mt-5\" dir=\"auto\" data-message-author-role=\"assistant\" data-message-id=\"5481a9d7-d2f8-4d62-b5fb-ea77b05a7844\">\n<div class=\"flex w-full flex-col gap-1 empty:hidden first:pt-[3px]\">\n<div class=\"markdown prose w-full break-words dark:prose-invert light\">\n<p>&nbsp;<\/p>\n<div id=\"carousel\" class=\"main-img carousel slide carousel-fade full-height with-overlay\" data-ride=\"carousel\">\n<div class=\"vc_row wpb_row vc_row-fluid\">\n<div class=\"wpb_column vc_column_container vc_col-sm-12\">\n<div class=\"vc_column-inner\">\n<div class=\"wpb_wrapper\">\n<div class=\"wpb_text_column wpb_content_element \">\n<div class=\"wpb_wrapper\">\n<h3><strong>Przegl\u0105d najwa\u017cniejszych wydarze\u0144:<\/strong><\/h3>\n<div class=\"std\">\n<div class=\"std\">\n<ul>\n<li class=\"nonelist\">Transfer z hotelu w Hurghadzie do miejsca safari.<\/li>\n<li class=\"nonelist\">30 minut jazdy quadem po pustyni.<\/li>\n<li class=\"nonelist\">20 minut jazdy podw\u00f3jnym buggy dla dodatkowych emocji.<\/li>\n<li class=\"nonelist\">25-kilometrowa wyprawa jeepem z przewodnikiem, podczas kt\u00f3rej mo\u017cna podziwia\u0107 panoramiczne widoki.<\/li>\n<li class=\"nonelist\">Odwied\u017a wiosk\u0119 Beduin\u00f3w i zanurz si\u0119 w jej kulturze.<\/li>\n<li class=\"nonelist\">Bufet \u201ezjedz, ile chcesz\u201d i tradycyjny pokaz na zako\u0144czenie dnia.<\/li>\n<li class=\"nonelist\">Powr\u00f3t do hotelu z naszym kierowc\u0105.<\/li>\n<\/ul>\n<p>&nbsp;<\/p>\n<\/div>\n<h3 class=\"tour-item-title list-font\"><strong>Co zabra\u0107:<\/strong><\/h3>\n<div class=\"tour-item-description list-font\">\n<ul>\n<li><i class=\"fas fa-check-circle\"><\/i>Wygodne buty sportowe na pustyni\u0119<\/li>\n<li><i class=\"fas fa-check-circle\"><\/i>Nakrycie g\u0142owy \u2013 chusta bedui\u0144ska<\/li>\n<li><i class=\"fas fa-check-circle\"><\/i>Okulary przeciws\u0142oneczne<\/li>\n<li><i class=\"fas fa-check-circle\"><\/i>Woda<\/li>\n<\/ul>\n<h3><strong>Czas trwania<\/strong><\/h3>\n<p><strong>Pierwsza podr\u00f3\u017c:<\/strong><\/p>\n<ul>\n<li>Odbi\u00f3r: Oko\u0142o godziny 11:00 (w zale\u017cno\u015bci od lokalizacji hotelu w Hurghadzie).<\/li>\n<\/ul>\n<p><strong>Druga podr\u00f3\u017c:<\/strong><\/p>\n<ul>\n<li>Odbi\u00f3r: Oko\u0142o 13:30 (w zale\u017cno\u015bci od lokalizacji hotelu w Hurghadzie)<\/li>\n<\/ul>\n<p><strong>Prosimy o wybranie godziny odbioru i podanie jej w uwagach do rezerwacji.<\/strong><\/p>\n<h5>W razie pyta\u0144 prosimy o kontakt:<a href=\"https:\/\/wa.me\/+201069089904\" target=\"_blank\" rel=\"noopener\"><img decoding=\"async\" class=\"alignnone wp-image-13655\" src=\"https:\/\/alivoyage.com\/wp-content\/uploads\/2024\/03\/whatsapp-svgrepo-com.svg\" alt=\"\" width=\"42\" height=\"42\" \/><\/a><\/h5>\n<\/div>\n<\/div>\n<\/div>\n<\/div>\n<\/div>\n<\/div>\n<\/div>\n<\/div>\n<\/div>\n<\/div>\n<\/div>\n<\/div>\n<\/div>\n<\/div>\n<\/div>\n<\/div>\n<\/div>\n<\/div>\n<\/div>\n<\/div>\n<\/div>\n<\/div>\n<\/li>\n<\/ul>\n","protected":false},"excerpt":{"rendered":"<p>Przegl\u0105d Safari na Saharze \u2013 Quad, Buggy, Jeep i Show Odkryj pustyni\u0119 Sahary w towarzystwie Beduin\u00f3w: przeja\u017cd\u017cka quadem, bryczk\u0105, jeepem, wizyta w wiosce oraz tradycyjny pokaz z bufetem \u201ezjedz, ile chcesz\u201d. &nbsp; Dni tygodnia i czas trwania: Dost\u0119pne codziennie. Aktywno\u015b\u0107 tylko po po\u0142udniu \u2013 powr\u00f3t jest spodziewany oko\u0142o 19:00. &nbsp; Przegl\u0105d najwa\u017cniejszych wydarze\u0144: Transfer z hotelu w Hurghadzie do miejsca safari. 30 minut jazdy quadem po pustyni. 20 minut jazdy podw\u00f3jnym buggy dla dodatkowych emocji. 25-kilometrowa wyprawa jeepem z przewodnikiem, podczas kt\u00f3rej mo\u017cna podziwia\u0107 panoramiczne widoki. Odwied\u017a wiosk\u0119 Beduin\u00f3w i zanurz si\u0119 w jej kulturze. Bufet \u201ezjedz, ile chcesz\u201d i tradycyjny pokaz na zako\u0144czenie dnia. Powr\u00f3t do hotelu z naszym kierowc\u0105. &nbsp; Co zabra\u0107: Wygodne buty sportowe na pustyni\u0119 Nakrycie g\u0142owy \u2013 chusta bedui\u0144ska Okulary przeciws\u0142oneczne Woda Czas trwania Pierwsza podr\u00f3\u017c: Odbi\u00f3r: Oko\u0142o godziny 11:00 (w zale\u017cno\u015bci od lokalizacji hotelu w Hurghadzie). Druga podr\u00f3\u017c: Odbi\u00f3r: Oko\u0142o 13:30 (w zale\u017cno\u015bci od lokalizacji hotelu w Hurghadzie) Prosimy o wybranie godziny odbioru i podanie jej w uwagach do rezerwacji. W razie pyta\u0144 prosimy o kontakt:<\/p>\n","protected":false},"featured_media":13593,"comment_status":"open","ping_status":"closed","template":"","meta":{"_monsterinsights_skip_tracking":false,"_monsterinsights_sitenote_active":false,"_monsterinsights_sitenote_note":"","_monsterinsights_sitenote_category":0},"product_brand":[],"product_cat":[96],"product_tag":[],"class_list":{"0":"post-13592","1":"product","2":"type-product","3":"status-publish","4":"has-post-thumbnail","6":"product_cat-wycieczki-safari","8":"first","9":"instock","10":"shipping-taxable","11":"purchasable","12":"product-type-ovabrw_car_rental"},"_links":{"self":[{"href":"https:\/\/get-aguide.com\/pl\/wp-json\/wp\/v2\/product\/13592","targetHints":{"allow":["GET"]}}],"collection":[{"href":"https:\/\/get-aguide.com\/pl\/wp-json\/wp\/v2\/product"}],"about":[{"href":"https:\/\/get-aguide.com\/pl\/wp-json\/wp\/v2\/types\/product"}],"replies":[{"embeddable":true,"href":"https:\/\/get-aguide.com\/pl\/wp-json\/wp\/v2\/comments?post=13592"}],"wp:featuredmedia":[{"embeddable":true,"href":"https:\/\/get-aguide.com\/pl\/wp-json\/wp\/v2\/media\/13593"}],"wp:attachment":[{"href":"https:\/\/get-aguide.com\/pl\/wp-json\/wp\/v2\/media?parent=13592"}],"wp:term":[{"taxonomy":"product_brand","embeddable":true,"href":"https:\/\/get-aguide.com\/pl\/wp-json\/wp\/v2\/product_brand?post=13592"},{"taxonomy":"product_cat","embeddable":true,"href":"https:\/\/get-aguide.com\/pl\/wp-json\/wp\/v2\/product_cat?post=13592"},{"taxonomy":"product_tag","embeddable":true,"href":"https:\/\/get-aguide.com\/pl\/wp-json\/wp\/v2\/product_tag?post=13592"}],"curies":[{"name":"wp","href":"https:\/\/api.w.org\/{rel}","templated":true}]}}