{"id":13629,"date":"2025-05-29T17:58:16","date_gmt":"2025-05-29T17:58:16","guid":{"rendered":"https:\/\/get-aguide.com\/?post_type=product&#038;p=13629"},"modified":"2025-05-29T18:02:33","modified_gmt":"2025-05-29T18:02:33","slug":"safari-rodzinne-rano-lub-zachod-slonca","status":"publish","type":"product","link":"https:\/\/get-aguide.com\/pl\/produkt\/safari-rodzinne-rano-lub-zachod-slonca\/","title":{"rendered":"Safari rodzinne (rano) lub (zach\u00f3d s\u0142o\u0144ca)"},"content":{"rendered":"<ul>\n<li class=\"nonelist\">\n<div class=\"elementor-element elementor-element-f85dd7f elementor-widget elementor-widget-heading\" data-id=\"f85dd7f\" data-element_type=\"widget\" data-widget_type=\"heading.default\">\n<div class=\"elementor-widget-container\">\n<div class=\"elementor-element elementor-element-f85dd7f elementor-widget elementor-widget-heading\" data-id=\"f85dd7f\" data-element_type=\"widget\" data-widget_type=\"heading.default\">\n<div class=\"elementor-widget-container\">\n<div class=\"elementor-element elementor-element-f85dd7f elementor-widget elementor-widget-heading\" data-id=\"f85dd7f\" data-element_type=\"widget\" data-widget_type=\"heading.default\">\n<div class=\"elementor-widget-container\">\n<h2 class=\"elementor-heading-title elementor-size-default\"><span>Przegl\u0105d<\/span><\/h2>\n<\/div>\n<\/div>\n<div class=\"elementor-element elementor-element-23592fac elementor-widget elementor-widget-babe-item-content\" data-id=\"23592fac\" data-element_type=\"widget\" data-widget_type=\"babe-item-content.default\">\n<div class=\"elementor-widget-container\">\n<div class=\"elementor-widget-inner\">\n<div class=\"triply-single-content\">\n<h3 class=\"main-header\"><span>\u00a0Poranne 3-godzinne safari quadami z Hurghady<\/span><\/h3>\n<div class=\"flex max-w-full flex-col flex-grow\">\n<div class=\"min-h-[20px] text-message flex w-full flex-col items-end gap-2 whitespace-normal break-words [.text-message+&amp;]:mt-5\" dir=\"auto\" data-message-author-role=\"assistant\" data-message-id=\"3ddb6f01-46b3-4d29-b598-a765631fdef2\">\n<div class=\"flex w-full flex-col gap-1 empty:hidden first:pt-[3px]\">\n<div class=\"markdown prose w-full break-words dark:prose-invert light\">\n<p><span>Wycieczka rozpoczyna si\u0119 odbiorem z hotelu i przejazdem do stacji Safari oko\u0142o godziny 8:00<\/span><\/p>\n<p><span>Nasz program rozpoczniemy od 45-minutowej przeja\u017cd\u017cki quadem marki Honda, podczas kt\u00f3rej odkryjemy z\u0142ot\u0105 pustyni\u0119. Zatrzymamy si\u0119 te\u017c na kilka zdj\u0119\u0107 na niesamowitej pustyni HURGHADA.<\/span><\/p>\n<p><span>po drugie, przez 15 minut b\u0119dziemy je\u017adzi\u0107 samochodem typu spider car (buggy) rodzinnym buggy lub podw\u00f3jnym buggy<\/span><\/p>\n<p><span>Nast\u0119pnie prze\u017cyj ekscytuj\u0105ce safari jeepem przez pustyni\u0119, wspinaj\u0105c si\u0119 na wydmy w drodze do wioski Beduin\u00f3w.<\/span><\/p>\n<p><span>Po oko\u0142o 25 km safari jeepem dotrzesz do celu (wioski Beduin\u00f3w). Tutaj mo\u017cesz odpocz\u0105\u0107, poje\u017adzi\u0107 na wielb\u0142\u0105dzie, przejecha\u0107 si\u0119 samochodem Spider, napi\u0107 si\u0119 herbaty bedui\u0144skiej i dowiedzie\u0107 si\u0119 wi\u0119cej o tradycyjnym \u017cyciu Beduin\u00f3w.<\/span><\/p>\n<p><span>Powr\u00f3t z wioski Beduin\u00f3w do hotelu oko\u0142o 12:30.<\/span><\/p>\n<p>&nbsp;<\/p>\n<\/div>\n<\/div>\n<\/div>\n<\/div>\n<div class=\"mb-2 flex gap-3 empty:hidden -ml-2\">\n<div class=\"items-center justify-start rounded-xl p-1 flex\">\n<div class=\"flex items-center\">\n<div class=\"vc_row wpb_row vc_row-fluid\">\n<div class=\"wpb_column vc_column_container vc_col-sm-12\">\n<div class=\"vc_column-inner\">\n<div class=\"wpb_wrapper\">\n<div class=\"heading left\">\n<h3><strong><span>Przegl\u0105d najwa\u017cniejszych wydarze\u0144:<\/span><\/strong><\/h3>\n<\/div>\n<\/div>\n<\/div>\n<\/div>\n<\/div>\n<div class=\"vc_row wpb_row vc_row-fluid\">\n<div class=\"wpb_column vc_column_container vc_col-sm-12\">\n<div class=\"vc_column-inner\">\n<div class=\"wpb_wrapper\">\n<div class=\"wpb_text_column wpb_content_element \">\n<div class=\"wpb_wrapper\">\n<ul>\n<li><span>Przejed\u017a si\u0119 quadem po wschodniej pustyni Egiptu<\/span><\/li>\n<li><span>Odkryj wspania\u0142\u0105 pustyni\u0119.<\/span><\/li>\n<li><span>Odwied\u017a tradycyjn\u0105 wiosk\u0119 Beduin\u00f3w<\/span><\/li>\n<li><span>Je\u017adzi\u0107 na wielb\u0142\u0105dzie<\/span><\/li>\n<li><span>Zatrzymaj si\u0119 na drinka i herbat\u0119 w namiocie Beduin\u00f3w<\/span><\/li>\n<li><span>Poznaj przyjaznych Beduin\u00f3w w ich namiotach<\/span><\/li>\n<li><span>Prywatny przewodnik turystyczny przez ca\u0142y dzie\u0144 z Tob\u0105<\/span><\/li>\n<li><span>Odbi\u00f3r i dow\u00f3z do hotelu w Hurghadzie obejmuje:<\/span><\/li>\n<\/ul>\n<div class=\"heading left\">\n<h2><span>Co zabra\u0107 ze sob\u0105?<\/span><\/h2>\n<\/div>\n<div class=\"wpb_text_column wpb_content_element \">\n<div class=\"wpb_wrapper\">\n<ul>\n<li><span>Sprz\u0119t fotograficzny i wideo<\/span><\/li>\n<li><span>Nakrycie g\u0142owy (chustka)<\/span><\/li>\n<li><span>Krem przeciws\u0142oneczny<\/span><\/li>\n<li><span>Okulary przeciws\u0142oneczne<\/span><\/li>\n<li><span>Wygodne buty<\/span><\/li>\n<li><span>ciep\u0142e ubrania zim\u0105 lub lu\u017ane ubrania latem.<\/span><\/li>\n<\/ul>\n<h3><strong><span>\u00a0Czas trwania<\/span><\/strong><\/h3>\n<p><strong><span>Pierwsza podr\u00f3\u017c:<\/span><\/strong><\/p>\n<ul>\n<li><span>Odbi\u00f3r: Oko\u0142o godziny 8:00 rano (w zale\u017cno\u015bci od lokalizacji hotelu w Hurghadzie).<\/span><\/li>\n<\/ul>\n<p><strong><span>Druga podr\u00f3\u017c:<\/span><\/strong><\/p>\n<ul>\n<li><span>Odbi\u00f3r: Oko\u0142o 14:00 (w zale\u017cno\u015bci od lokalizacji hotelu w Hurghadzie)<\/span><\/li>\n<\/ul>\n<\/div>\n<\/div>\n<\/div>\n<h5><span>Prosimy o wybranie godziny odbioru i podanie jej w uwagach do rezerwacji.<\/span><\/h5>\n<h5><span>W razie pyta\u0144 prosimy o kontakt:<\/span><a href=\"https:\/\/wa.me\/+201069089904\" target=\"_blank\" rel=\"noopener\"><img decoding=\"async\" class=\"alignnone wp-image-13655\" src=\"https:\/\/alivoyage.com\/wp-content\/uploads\/2024\/03\/whatsapp-svgrepo-com.svg\" alt=\"\" width=\"42\" height=\"42\" \/><\/a><\/h5>\n<\/div>\n<\/div>\n<\/div>\n<\/div>\n<\/div>\n<\/div>\n<\/div>\n<\/div>\n<\/div>\n<\/div>\n<\/div>\n<\/div>\n<\/div>\n<\/div>\n<\/div>\n<\/div>\n<\/li>\n<\/ul>\n","protected":false},"excerpt":{"rendered":"<p>Przegl\u0105d \u00a0Poranne 3-godzinne safari quadami z Hurghady Wycieczka rozpoczyna si\u0119 odbiorem z hotelu i przejazdem do stacji Safari oko\u0142o godziny 8:00 Nasz program rozpoczniemy od 45-minutowej przeja\u017cd\u017cki quadem marki Honda, podczas kt\u00f3rej odkryjemy z\u0142ot\u0105 pustyni\u0119. Zatrzymamy si\u0119 te\u017c na kilka zdj\u0119\u0107 na niesamowitej pustyni HURGHADA. po drugie, przez 15 minut b\u0119dziemy je\u017adzi\u0107 samochodem typu spider car (buggy) rodzinnym buggy lub podw\u00f3jnym buggy Nast\u0119pnie prze\u017cyj ekscytuj\u0105ce safari jeepem przez pustyni\u0119, wspinaj\u0105c si\u0119 na wydmy w drodze do wioski Beduin\u00f3w. Po oko\u0142o 25 km safari jeepem dotrzesz do celu (wioski Beduin\u00f3w). Tutaj mo\u017cesz odpocz\u0105\u0107, poje\u017adzi\u0107 na wielb\u0142\u0105dzie, przejecha\u0107 si\u0119 samochodem Spider, napi\u0107 si\u0119 herbaty bedui\u0144skiej i dowiedzie\u0107 si\u0119 wi\u0119cej o tradycyjnym \u017cyciu Beduin\u00f3w. Powr\u00f3t z wioski Beduin\u00f3w do hotelu oko\u0142o 12:30. &nbsp; Przegl\u0105d najwa\u017cniejszych wydarze\u0144: Przejed\u017a si\u0119 quadem po wschodniej pustyni Egiptu Odkryj wspania\u0142\u0105 pustyni\u0119. Odwied\u017a tradycyjn\u0105 wiosk\u0119 Beduin\u00f3w Je\u017adzi\u0107 na wielb\u0142\u0105dzie Zatrzymaj si\u0119 na drinka i herbat\u0119 w namiocie Beduin\u00f3w Poznaj przyjaznych Beduin\u00f3w w ich namiotach Prywatny przewodnik turystyczny przez ca\u0142y dzie\u0144 z Tob\u0105 Odbi\u00f3r i dow\u00f3z do hotelu w Hurghadzie obejmuje: Co zabra\u0107 ze sob\u0105? Sprz\u0119t fotograficzny i wideo Nakrycie g\u0142owy (chustka) Krem przeciws\u0142oneczny Okulary przeciws\u0142oneczne Wygodne buty ciep\u0142e ubrania zim\u0105 lub lu\u017ane ubrania latem. \u00a0Czas trwania Pierwsza podr\u00f3\u017c: Odbi\u00f3r: Oko\u0142o godziny 8:00 rano (w zale\u017cno\u015bci od lokalizacji hotelu w Hurghadzie). Druga podr\u00f3\u017c: Odbi\u00f3r: Oko\u0142o 14:00 (w zale\u017cno\u015bci od lokalizacji hotelu w Hurghadzie) Prosimy o wybranie godziny odbioru i podanie jej w uwagach do rezerwacji. W razie pyta\u0144 prosimy o kontakt:<\/p>\n","protected":false},"featured_media":13630,"comment_status":"open","ping_status":"closed","template":"","meta":{"_monsterinsights_skip_tracking":false,"_monsterinsights_sitenote_active":false,"_monsterinsights_sitenote_note":"","_monsterinsights_sitenote_category":0},"product_brand":[],"product_cat":[96,98],"product_tag":[],"class_list":{"0":"post-13629","1":"product","2":"type-product","3":"status-publish","4":"has-post-thumbnail","6":"product_cat-wycieczki-safari","7":"product_cat-wycieczki-rodzinne","9":"first","10":"instock","11":"shipping-taxable","12":"purchasable","13":"product-type-ovabrw_car_rental"},"_links":{"self":[{"href":"https:\/\/get-aguide.com\/pl\/wp-json\/wp\/v2\/product\/13629","targetHints":{"allow":["GET"]}}],"collection":[{"href":"https:\/\/get-aguide.com\/pl\/wp-json\/wp\/v2\/product"}],"about":[{"href":"https:\/\/get-aguide.com\/pl\/wp-json\/wp\/v2\/types\/product"}],"replies":[{"embeddable":true,"href":"https:\/\/get-aguide.com\/pl\/wp-json\/wp\/v2\/comments?post=13629"}],"wp:featuredmedia":[{"embeddable":true,"href":"https:\/\/get-aguide.com\/pl\/wp-json\/wp\/v2\/media\/13630"}],"wp:attachment":[{"href":"https:\/\/get-aguide.com\/pl\/wp-json\/wp\/v2\/media?parent=13629"}],"wp:term":[{"taxonomy":"product_brand","embeddable":true,"href":"https:\/\/get-aguide.com\/pl\/wp-json\/wp\/v2\/product_brand?post=13629"},{"taxonomy":"product_cat","embeddable":true,"href":"https:\/\/get-aguide.com\/pl\/wp-json\/wp\/v2\/product_cat?post=13629"},{"taxonomy":"product_tag","embeddable":true,"href":"https:\/\/get-aguide.com\/pl\/wp-json\/wp\/v2\/product_tag?post=13629"}],"curies":[{"name":"wp","href":"https:\/\/api.w.org\/{rel}","templated":true}]}}