{"id":13734,"date":"2025-05-29T18:22:20","date_gmt":"2025-05-29T18:22:20","guid":{"rendered":"https:\/\/get-aguide.com\/?post_type=product&#038;p=13734"},"modified":"2025-05-29T18:25:09","modified_gmt":"2025-05-29T18:25:09","slug":"luksor-1-dzien-autobusem","status":"publish","type":"product","link":"https:\/\/get-aguide.com\/pl\/produkt\/luksor-1-dzien-autobusem\/","title":{"rendered":"Luksor 1 dzie\u0144 autobusem"},"content":{"rendered":"<ul>\n<li class=\"nonelist\">\n<div class=\"elementor-element elementor-element-f85dd7f elementor-widget elementor-widget-heading\" data-id=\"f85dd7f\" data-element_type=\"widget\" data-widget_type=\"heading.default\">\n<div class=\"elementor-widget-container\">\n<div class=\"elementor-element elementor-element-f85dd7f elementor-widget elementor-widget-heading\" data-id=\"f85dd7f\" data-element_type=\"widget\" data-widget_type=\"heading.default\">\n<div class=\"elementor-widget-container\">\n<div class=\"elementor-element elementor-element-f85dd7f elementor-widget elementor-widget-heading\" data-id=\"f85dd7f\" data-element_type=\"widget\" data-widget_type=\"heading.default\">\n<div class=\"elementor-widget-container\">\n<div class=\"elementor-element elementor-element-f85dd7f elementor-widget elementor-widget-heading\" data-id=\"f85dd7f\" data-element_type=\"widget\" data-widget_type=\"heading.default\">\n<div class=\"elementor-widget-container\">\n<div class=\"ovabrw_product_title\">\n<div class=\"heading left\">\n<div class=\"heading left\">\n<div class=\"heading left\">\n<div class=\"heading left\">\n<div class=\"heading left\">\n<div class=\"heading left\">\n<div class=\"heading left\">\n<h2><span>Przegl\u0105d<\/span><\/h2>\n<p><span>Z populacj\u0105 oko\u0142o 500 000 Luksor jest najwi\u0119kszym miastem w G\u00f3rnym Egipcie i pe\u0142ni funkcj\u0119 stolicy administracyjnej gubernatorstwa Luksor. Rzeka Nil dzieli miasto na dwie cz\u0119\u015bci.<\/span><\/p>\n<p><span>W p\u00f3\u0142nocno-wschodniej cz\u0119\u015bci Luksoru znajduje si\u0119 s\u0142ynna \u015bwi\u0105tynia Karnak, niegdy\u015b najwa\u017cniejsza \u015bwi\u0105tynia staro\u017cytnego Egiptu, z jej wysokimi kolumnami, obeliskami i pos\u0105gami, kt\u00f3re robi\u0105 wra\u017cenie swoimi rozmiarami. Dalej na po\u0142udnie znajdziesz Muzeum Luksorskie, w kt\u00f3rym znajduj\u0105 si\u0119 niedawne odkrycia archeologiczne z tego regionu, a nast\u0119pnie \u015awi\u0105tyni\u0119 Luksorsk\u0105. Zbudowana przez Amenhotepa III i Ramzesa II \u015bwi\u0105tynia ta zosta\u0142a po\u015bwi\u0119cona Amonowi-Ra, kr\u00f3lowi bog\u00f3w.<\/span><\/p>\n<p><span>Po drugiej stronie Nilu, na zachodnim brzegu, stoi \u015bwi\u0105tynia kr\u00f3lowej Hatszepsut, jedna z najlepiej zachowanych \u015bwi\u0105ty\u0144 Teb, pochodz\u0105ca z XVIII dynastii. Niedaleko znajduje si\u0119 Dolina Kr\u00f3l\u00f3w, gdzie w 1922 r. Howard Carter odkry\u0142 niemal nienaruszony grobowiec Tutanchamona. Na zachodnim brzegu znajduj\u0105 si\u0119 r\u00f3wnie\u017c imponuj\u0105ce Kolosy Memnona, kt\u00f3re przedstawiaj\u0105 faraona Amenhotepa III.<\/span><\/p>\n<p><span>Dolina Kr\u00f3l\u00f3w jest szczeg\u00f3lnie znana ze swoich grobowc\u00f3w najs\u0142ynniejszych w\u0142adc\u00f3w Nowego Pa\u0144stwa. Podr\u00f3\u017c autobusem z Hurghady do Luksoru jest obowi\u0105zkowa dla ka\u017cdego, kto chce pozna\u0107 bogat\u0105 histori\u0119 Egiptu.<\/span><\/p>\n<h3><strong><span>Dni tygodnia i czas trwania:<\/span><\/strong><\/h3>\n<p><span>Wtorek i czwartek.<\/span><\/p>\n<p><span>Od 4:00 rano do 9:00 wieczorem (dok\u0142adne godziny zostan\u0105 potwierdzone po dokonaniu rezerwacji).<\/span><\/p>\n<p><span>Wycieczka ca\u0142odniowa (oko\u0142o 17 godzin, wliczaj\u0105c transfery).<\/span><\/p>\n<p><strong>\u00a0<\/strong><\/p>\n<h3><strong><span>Co ze sob\u0105 zabra\u0107:<\/span><\/strong><\/h3>\n<p><span>Butelka wody.<\/span><\/p>\n<p><span>Krem przeciws\u0142oneczny.<\/span><\/p>\n<p><span>Okulary przeciws\u0142oneczne i kapelusz.<\/span><\/p>\n<p><span>Kamera.<\/span><\/p>\n<p><span>Zdj\u0119cie paszportu w telefonie.<\/span><\/p>\n<p><span>Got\u00f3wka, je\u015bli chcesz kupi\u0107 dodatkowe rzeczy.<\/span><\/p>\n<h2><span>\u00a0Czas trwania<\/span><\/h2>\n<p><strong><span>Odbi\u00f3r: Oko\u0142o 4:00 rano<\/span><\/strong><\/p>\n<h5><span>W razie pyta\u0144 prosimy o kontakt:<\/span><a href=\"https:\/\/wa.me\/+201069089904\" target=\"_blank\" rel=\"noopener\"><img decoding=\"async\" class=\"alignnone wp-image-13655\" src=\"https:\/\/alivoyage.com\/wp-content\/uploads\/2024\/03\/whatsapp-svgrepo-com.svg\" alt=\"\" width=\"42\" height=\"42\" \/><\/a><\/h5>\n<div class=\"wpb_text_column wpb_content_element \">\n<div class=\"wpb_wrapper\">\n<div class=\"activity-accordion-item-header\">\n<div class=\"activity-important-information__content\" data-v-2a08770a=\"\"><\/div>\n<\/div>\n<\/div>\n<\/div>\n<\/div>\n<\/div>\n<\/div>\n<\/div>\n<\/div>\n<\/div>\n<\/div>\n<\/div>\n<\/div>\n<\/div>\n<\/div>\n<\/div>\n<\/div>\n<\/div>\n<\/div>\n<\/div>\n<\/li>\n<\/ul>\n","protected":false},"excerpt":{"rendered":"<p>Przegl\u0105d Z populacj\u0105 oko\u0142o 500 000 Luksor jest najwi\u0119kszym miastem w G\u00f3rnym Egipcie i pe\u0142ni funkcj\u0119 stolicy administracyjnej gubernatorstwa Luksor. Rzeka Nil dzieli miasto na dwie cz\u0119\u015bci. W p\u00f3\u0142nocno-wschodniej cz\u0119\u015bci Luksoru znajduje si\u0119 s\u0142ynna \u015bwi\u0105tynia Karnak, niegdy\u015b najwa\u017cniejsza \u015bwi\u0105tynia staro\u017cytnego Egiptu, z jej wysokimi kolumnami, obeliskami i pos\u0105gami, kt\u00f3re robi\u0105 wra\u017cenie swoimi rozmiarami. Dalej na po\u0142udnie znajdziesz Muzeum Luksorskie, w kt\u00f3rym znajduj\u0105 si\u0119 niedawne odkrycia archeologiczne z tego regionu, a nast\u0119pnie \u015awi\u0105tyni\u0119 Luksorsk\u0105. Zbudowana przez Amenhotepa III i Ramzesa II \u015bwi\u0105tynia ta zosta\u0142a po\u015bwi\u0119cona Amonowi-Ra, kr\u00f3lowi bog\u00f3w. Po drugiej stronie Nilu, na zachodnim brzegu, stoi \u015bwi\u0105tynia kr\u00f3lowej Hatszepsut, jedna z najlepiej zachowanych \u015bwi\u0105ty\u0144 Teb, pochodz\u0105ca z XVIII dynastii. Niedaleko znajduje si\u0119 Dolina Kr\u00f3l\u00f3w, gdzie w 1922 r. Howard Carter odkry\u0142 niemal nienaruszony grobowiec Tutanchamona. Na zachodnim brzegu znajduj\u0105 si\u0119 r\u00f3wnie\u017c imponuj\u0105ce Kolosy Memnona, kt\u00f3re przedstawiaj\u0105 faraona Amenhotepa III. Dolina Kr\u00f3l\u00f3w jest szczeg\u00f3lnie znana ze swoich grobowc\u00f3w najs\u0142ynniejszych w\u0142adc\u00f3w Nowego Pa\u0144stwa. Podr\u00f3\u017c autobusem z Hurghady do Luksoru jest obowi\u0105zkowa dla ka\u017cdego, kto chce pozna\u0107 bogat\u0105 histori\u0119 Egiptu. Dni tygodnia i czas trwania: Wtorek i czwartek. Od 4:00 rano do 9:00 wieczorem (dok\u0142adne godziny zostan\u0105 potwierdzone po dokonaniu rezerwacji). Wycieczka ca\u0142odniowa (oko\u0142o 17 godzin, wliczaj\u0105c transfery). \u00a0 Co ze sob\u0105 zabra\u0107: Butelka wody. Krem przeciws\u0142oneczny. Okulary przeciws\u0142oneczne i kapelusz. Kamera. Zdj\u0119cie paszportu w telefonie. Got\u00f3wka, je\u015bli chcesz kupi\u0107 dodatkowe rzeczy. \u00a0Czas trwania Odbi\u00f3r: Oko\u0142o 4:00 rano W razie pyta\u0144 prosimy o kontakt:<\/p>\n","protected":false},"featured_media":13735,"comment_status":"open","ping_status":"closed","template":"","meta":{"_monsterinsights_skip_tracking":false,"_monsterinsights_sitenote_active":false,"_monsterinsights_sitenote_note":"","_monsterinsights_sitenote_category":0},"product_brand":[],"product_cat":[97],"product_tag":[],"class_list":{"0":"post-13734","1":"product","2":"type-product","3":"status-publish","4":"has-post-thumbnail","6":"product_cat-podroze-historyczne","8":"first","9":"instock","10":"shipping-taxable","11":"purchasable","12":"product-type-ovabrw_car_rental"},"_links":{"self":[{"href":"https:\/\/get-aguide.com\/pl\/wp-json\/wp\/v2\/product\/13734","targetHints":{"allow":["GET"]}}],"collection":[{"href":"https:\/\/get-aguide.com\/pl\/wp-json\/wp\/v2\/product"}],"about":[{"href":"https:\/\/get-aguide.com\/pl\/wp-json\/wp\/v2\/types\/product"}],"replies":[{"embeddable":true,"href":"https:\/\/get-aguide.com\/pl\/wp-json\/wp\/v2\/comments?post=13734"}],"wp:featuredmedia":[{"embeddable":true,"href":"https:\/\/get-aguide.com\/pl\/wp-json\/wp\/v2\/media\/13735"}],"wp:attachment":[{"href":"https:\/\/get-aguide.com\/pl\/wp-json\/wp\/v2\/media?parent=13734"}],"wp:term":[{"taxonomy":"product_brand","embeddable":true,"href":"https:\/\/get-aguide.com\/pl\/wp-json\/wp\/v2\/product_brand?post=13734"},{"taxonomy":"product_cat","embeddable":true,"href":"https:\/\/get-aguide.com\/pl\/wp-json\/wp\/v2\/product_cat?post=13734"},{"taxonomy":"product_tag","embeddable":true,"href":"https:\/\/get-aguide.com\/pl\/wp-json\/wp\/v2\/product_tag?post=13734"}],"curies":[{"name":"wp","href":"https:\/\/api.w.org\/{rel}","templated":true}]}}