{"id":13760,"date":"2025-05-29T18:42:54","date_gmt":"2025-05-29T18:42:54","guid":{"rendered":"https:\/\/get-aguide.com\/?post_type=product&#038;p=13760"},"modified":"2025-05-29T18:46:19","modified_gmt":"2025-05-29T18:46:19","slug":"wycieczka-po-miescie-hurghada","status":"publish","type":"product","link":"https:\/\/get-aguide.com\/pl\/produkt\/wycieczka-po-miescie-hurghada\/","title":{"rendered":"Wycieczka po mie\u015bcie Hurghada"},"content":{"rendered":"<ul>\n<li class=\"nonelist\">\n<div class=\"elementor-element elementor-element-f85dd7f elementor-widget elementor-widget-heading\" data-id=\"f85dd7f\" data-element_type=\"widget\" data-widget_type=\"heading.default\">\n<div class=\"elementor-widget-container\">\n<div class=\"elementor-element elementor-element-f85dd7f elementor-widget elementor-widget-heading\" data-id=\"f85dd7f\" data-element_type=\"widget\" data-widget_type=\"heading.default\">\n<div class=\"elementor-widget-container\">\n<div class=\"elementor-element elementor-element-f85dd7f elementor-widget elementor-widget-heading\" data-id=\"f85dd7f\" data-element_type=\"widget\" data-widget_type=\"heading.default\">\n<div class=\"elementor-widget-container\">\n<div class=\"elementor-element elementor-element-f85dd7f elementor-widget elementor-widget-heading\" data-id=\"f85dd7f\" data-element_type=\"widget\" data-widget_type=\"heading.default\">\n<div class=\"elementor-widget-container\">\n<div class=\"ovabrw_product_title\">\n<div class=\"heading left\">\n<div class=\"heading left\">\n<div class=\"heading left\">\n<div class=\"heading left\">\n<div class=\"heading left\">\n<div class=\"heading left\">\n<div class=\"heading left\">\n<h2><span>Przegl\u0105d<\/span><\/h2>\n<h2><span>Wycieczka po mie\u015bcie Hurghada<\/span><\/h2>\n<p><span>Ciesz si\u0119 3-godzinn\u0105 wycieczk\u0105 z przewodnikiem po Hurghadzie. Odkryj \u015br\u00f3dmie\u015bcie El Dahar z jego t\u0119tni\u0105cym \u017cyciem targiem i ko\u015bcio\u0142em koptyjskim. Dowiedz si\u0119 wi\u0119cej o chrze\u015bcija\u0144stwie koptyjskim, a nast\u0119pnie jed\u017a do Wielkiego Meczetu, gdzie dowiesz si\u0119 kilku informacji o islamie i tradycjach muzu\u0142ma\u0144skich. Odwied\u017a targ rybny i przejd\u017a si\u0119 do portu rybackiego. Zako\u0144cz wycieczk\u0119 relaksem w nowej marinie Hurghada.<\/span><\/p>\n<div class=\"vc_row wpb_row vc_row-fluid\">\n<div class=\"wpb_column vc_column_container vc_col-sm-12\">\n<div class=\"vc_column-inner\">\n<div class=\"wpb_wrapper\">\n<div class=\"heading left\">\n<div class=\"vc_row wpb_row vc_row-fluid\">\n<div class=\"wpb_column vc_column_container vc_col-sm-12\">\n<div class=\"vc_column-inner\">\n<div class=\"wpb_wrapper\">\n<div class=\"wpb_text_column wpb_content_element \">\n<div class=\"wpb_wrapper\">\n<p><strong><span>Wycieczka po mie\u015bcie Hurghada<\/span><\/strong><\/p>\n<ul>\n<li><span>Wybierz godzin\u0119 rozpocz\u0119cia i czas trwania wycieczki<\/span><\/li>\n<li><span>Zobacz ko\u015bci\u00f3\u0142 koptyjski<\/span><\/li>\n<li><span>Odkryj Wielki Meczet, najwi\u0119kszy meczet w prowincji Morza Czerwonego<\/span><\/li>\n<li><span>Id\u017a na targ rybny<\/span><\/li>\n<li><span>Ciesz si\u0119 restauracjami, kawiarniami i sklepami Hurghady<\/span><\/li>\n<li><span>Odwied\u017a du\u017cy targ owoc\u00f3w i warzyw<\/span><\/li>\n<\/ul>\n<p>&nbsp;<\/p>\n<\/div>\n<\/div>\n<\/div>\n<\/div>\n<\/div>\n<\/div>\n<\/div>\n<\/div>\n<\/div>\n<\/div>\n<\/div>\n<div class=\"vc_row wpb_row vc_row-fluid\">\n<div class=\"wpb_column vc_column_container vc_col-sm-12\">\n<div class=\"vc_column-inner\">\n<div class=\"wpb_wrapper\">\n<div class=\"wpb_text_column wpb_content_element \">\n<div class=\"wpb_wrapper\">\n<div class=\"heading left\">\n<div class=\"heading left\">\n<h3><strong><span>Co zabra\u0107 ze sob\u0105?<\/span><\/strong><\/h3>\n<\/div>\n<div class=\"wpb_text_column wpb_content_element \">\n<div class=\"wpb_wrapper\">\n<ul>\n<li><span>Okulary przeciws\u0142oneczne<\/span><\/li>\n<li><span>Kapelusz przeciws\u0142oneczny<\/span><\/li>\n<li><span>Kamera<\/span><\/li>\n<li><span>Krem przeciws\u0142oneczny<\/span><\/li>\n<li><span>Kieszonkowe<\/span><\/li>\n<li><span>Odpowiedni ubi\u00f3r do meczetu i ko\u015bcio\u0142a<\/span><\/li>\n<\/ul>\n<h3><strong><span>Czas trwania<\/span><\/strong><\/h3>\n<p><span>Odbi\u00f3r: Oko\u0142o 16:00 rano (w zale\u017cno\u015bci od lokalizacji hotelu w Hurghadzie) Ekspedycja w sobot\u0119<\/span><\/p>\n<h5><span>W razie pyta\u0144 prosimy o kontakt:<\/span><a href=\"https:\/\/wa.me\/+201069089904\" target=\"_blank\" rel=\"noopener\"><img decoding=\"async\" class=\"alignnone wp-image-13655\" src=\"https:\/\/alivoyage.com\/wp-content\/uploads\/2024\/03\/whatsapp-svgrepo-com.svg\" alt=\"\" width=\"42\" height=\"42\" \/><\/a><\/h5>\n<\/div>\n<\/div>\n<\/div>\n<\/div>\n<\/div>\n<\/div>\n<\/div>\n<\/div>\n<\/div>\n<\/div>\n<\/div>\n<\/div>\n<\/div>\n<\/div>\n<\/div>\n<\/div>\n<\/div>\n<\/div>\n<\/div>\n<\/div>\n<\/div>\n<\/div>\n<\/div>\n<\/div>\n<\/div>\n<\/li>\n<\/ul>\n","protected":false},"excerpt":{"rendered":"<p>Przegl\u0105d Wycieczka po mie\u015bcie Hurghada Ciesz si\u0119 3-godzinn\u0105 wycieczk\u0105 z przewodnikiem po Hurghadzie. Odkryj \u015br\u00f3dmie\u015bcie El Dahar z jego t\u0119tni\u0105cym \u017cyciem targiem i ko\u015bcio\u0142em koptyjskim. Dowiedz si\u0119 wi\u0119cej o chrze\u015bcija\u0144stwie koptyjskim, a nast\u0119pnie jed\u017a do Wielkiego Meczetu, gdzie dowiesz si\u0119 kilku informacji o islamie i tradycjach muzu\u0142ma\u0144skich. Odwied\u017a targ rybny i przejd\u017a si\u0119 do portu rybackiego. Zako\u0144cz wycieczk\u0119 relaksem w nowej marinie Hurghada. Wycieczka po mie\u015bcie Hurghada Wybierz godzin\u0119 rozpocz\u0119cia i czas trwania wycieczki Zobacz ko\u015bci\u00f3\u0142 koptyjski Odkryj Wielki Meczet, najwi\u0119kszy meczet w prowincji Morza Czerwonego Id\u017a na targ rybny Ciesz si\u0119 restauracjami, kawiarniami i sklepami Hurghady Odwied\u017a du\u017cy targ owoc\u00f3w i warzyw &nbsp; Co zabra\u0107 ze sob\u0105? Okulary przeciws\u0142oneczne Kapelusz przeciws\u0142oneczny Kamera Krem przeciws\u0142oneczny Kieszonkowe Odpowiedni ubi\u00f3r do meczetu i ko\u015bcio\u0142a Czas trwania Odbi\u00f3r: Oko\u0142o 16:00 rano (w zale\u017cno\u015bci od lokalizacji hotelu w Hurghadzie) Ekspedycja w sobot\u0119 W razie pyta\u0144 prosimy o kontakt:<\/p>\n","protected":false},"featured_media":13761,"comment_status":"open","ping_status":"closed","template":"","meta":{"_monsterinsights_skip_tracking":false,"_monsterinsights_sitenote_active":false,"_monsterinsights_sitenote_note":"","_monsterinsights_sitenote_category":0},"product_brand":[],"product_cat":[98],"product_tag":[],"class_list":{"0":"post-13760","1":"product","2":"type-product","3":"status-publish","4":"has-post-thumbnail","6":"product_cat-wycieczki-rodzinne","8":"first","9":"instock","10":"shipping-taxable","11":"purchasable","12":"product-type-ovabrw_car_rental"},"_links":{"self":[{"href":"https:\/\/get-aguide.com\/pl\/wp-json\/wp\/v2\/product\/13760","targetHints":{"allow":["GET"]}}],"collection":[{"href":"https:\/\/get-aguide.com\/pl\/wp-json\/wp\/v2\/product"}],"about":[{"href":"https:\/\/get-aguide.com\/pl\/wp-json\/wp\/v2\/types\/product"}],"replies":[{"embeddable":true,"href":"https:\/\/get-aguide.com\/pl\/wp-json\/wp\/v2\/comments?post=13760"}],"wp:featuredmedia":[{"embeddable":true,"href":"https:\/\/get-aguide.com\/pl\/wp-json\/wp\/v2\/media\/13761"}],"wp:attachment":[{"href":"https:\/\/get-aguide.com\/pl\/wp-json\/wp\/v2\/media?parent=13760"}],"wp:term":[{"taxonomy":"product_brand","embeddable":true,"href":"https:\/\/get-aguide.com\/pl\/wp-json\/wp\/v2\/product_brand?post=13760"},{"taxonomy":"product_cat","embeddable":true,"href":"https:\/\/get-aguide.com\/pl\/wp-json\/wp\/v2\/product_cat?post=13760"},{"taxonomy":"product_tag","embeddable":true,"href":"https:\/\/get-aguide.com\/pl\/wp-json\/wp\/v2\/product_tag?post=13760"}],"curies":[{"name":"wp","href":"https:\/\/api.w.org\/{rel}","templated":true}]}}