{"id":13815,"date":"2025-05-29T18:50:59","date_gmt":"2025-05-29T18:50:59","guid":{"rendered":"https:\/\/get-aguide.com\/?post_type=product&#038;p=13815"},"modified":"2025-05-29T18:54:26","modified_gmt":"2025-05-29T18:54:26","slug":"muzeum-narodowe-w-hurghadzie","status":"publish","type":"product","link":"https:\/\/get-aguide.com\/pl\/produkt\/muzeum-narodowe-w-hurghadzie\/","title":{"rendered":"Muzeum Narodowe w Hurghadzie"},"content":{"rendered":"<ul>\n<li class=\"nonelist\">\n<div class=\"elementor-element elementor-element-f85dd7f elementor-widget elementor-widget-heading\" data-id=\"f85dd7f\" data-element_type=\"widget\" data-widget_type=\"heading.default\">\n<div class=\"elementor-widget-container\">\n<div class=\"elementor-element elementor-element-f85dd7f elementor-widget elementor-widget-heading\" data-id=\"f85dd7f\" data-element_type=\"widget\" data-widget_type=\"heading.default\">\n<div class=\"elementor-widget-container\">\n<div class=\"elementor-element elementor-element-f85dd7f elementor-widget elementor-widget-heading\" data-id=\"f85dd7f\" data-element_type=\"widget\" data-widget_type=\"heading.default\">\n<div class=\"elementor-widget-container\">\n<div class=\"elementor-element elementor-element-f85dd7f elementor-widget elementor-widget-heading\" data-id=\"f85dd7f\" data-element_type=\"widget\" data-widget_type=\"heading.default\">\n<div class=\"elementor-widget-container\">\n<div class=\"ovabrw_product_title\">\n<div class=\"heading left\">\n<div class=\"heading left\">\n<div class=\"heading left\">\n<div class=\"heading left\">\n<div class=\"heading left\">\n<div class=\"heading left\">\n<div class=\"heading left\">\n<h2>Przegl\u0105d<\/h2>\n<div class=\"wpb_text_column wpb_content_element \">\n<div class=\"wpb_wrapper\">\n<p>Nasz przewodnik odbierze Ci\u0119 z Twojego hotelu klimatyzowanym pojazdem, aby rozpocz\u0105\u0107 program. Dowiedz si\u0119 wszystkiego o najstarszej cywilizacji na \u015bwiecie, wchodz\u0105c do tego wyj\u0105tkowego muzeum.<\/p>\n<p>Muzeum Hurghady jest uwa\u017cane za pierwsze muzeum, kt\u00f3re powsta\u0142o we wsp\u00f3\u0142pracy z sektorem prywatnym. Posiada 2000 oryginalnych antyk\u00f3w, kt\u00f3re s\u0105 dostarczane przez Ministerstwo Turystyki i Staro\u017cytno\u015bci.<br \/>\nTeraz mo\u017cesz mie\u0107 ogromn\u0105 wiedz\u0119 na temat staro\u017cytnej historii Egiptu, wyruszy\u0107 w podr\u00f3\u017c, aby odkry\u0107 \u017cycie staro\u017cytnych Egipcjan na przestrzeni wiek\u00f3w.<\/p>\n<p>Odkryj znaleziska archeologiczne z innych epok i cywilizacji, w tym z ery koptyjskiej i z\u0142otego wieku islamu. Po zwiedzaniu z przewodnikiem ciesz si\u0119 wolnym czasem, aby zwiedzi\u0107 muzeum we w\u0142asnym tempie. Nast\u0119pnie wr\u00f3\u0107 do hotelu w Hurghadzie.<\/p>\n<\/div>\n<\/div>\n<div class=\"vc_row wpb_row vc_row-fluid\">\n<div class=\"wpb_column vc_column_container vc_col-sm-12\">\n<div class=\"vc_column-inner\">\n<div class=\"wpb_wrapper\">\n<div class=\"heading left\">\n<div class=\"vc_row wpb_row vc_row-fluid\">\n<div class=\"wpb_column vc_column_container vc_col-sm-12\">\n<div class=\"vc_column-inner\">\n<div class=\"wpb_wrapper\">\n<div class=\"heading left\">\n<div class=\"vc_row wpb_row vc_row-fluid\">\n<div class=\"wpb_column vc_column_container vc_col-sm-12\">\n<div class=\"vc_column-inner\">\n<div class=\"wpb_wrapper\">\n<div class=\"wpb_text_column wpb_content_element \">\n<div class=\"wpb_wrapper\">\n<p><strong>Muzeum Hurghady<\/strong><\/p>\n<ul>\n<li>Odbi\u00f3r i dow\u00f3z do hotelu klimatyzowanym pojazdem<\/li>\n<li>Odkryj ponad 2000 artefakt\u00f3w w Muzeum Hurghady<\/li>\n<li>Poznaj staro\u017cytny Egipt, okres koptyjski i epok\u0119 islamsk\u0105<\/li>\n<li>Skorzystaj z wolnego czasu i zwiedzaj muzeum we w\u0142asnym tempie<\/li>\n<li>Zwiedzanie miasta z przewodnikiem, t\u0119tni\u0105ce \u017cyciem targi Hurghady i malownicza marina<\/li>\n<li>Poznaj lokaln\u0105 kultur\u0119 i pi\u0119kno nadmorskiego miasta<\/li>\n<li>Po ca\u0142ym dniu zwiedzania wr\u00f3\u0107 do hotelu<\/li>\n<\/ul>\n<\/div>\n<\/div>\n<\/div>\n<\/div>\n<\/div>\n<\/div>\n<\/div>\n<\/div>\n<\/div>\n<\/div>\n<\/div>\n<\/div>\n<\/div>\n<\/div>\n<\/div>\n<\/div>\n<div class=\"vc_row wpb_row vc_row-fluid\">\n<div class=\"wpb_column vc_column_container vc_col-sm-12\">\n<div class=\"vc_column-inner\">\n<div class=\"wpb_wrapper\">\n<div class=\"wpb_text_column wpb_content_element \">\n<div class=\"wpb_wrapper\">\n<div class=\"heading left\">\n<div class=\"heading left\">\n<div class=\"heading left\">\n<h3><strong>Co zabra\u0107 ze sob\u0105?<\/strong><\/h3>\n<\/div>\n<div class=\"wpb_text_column wpb_content_element \">\n<div class=\"wpb_wrapper\">\n<ul>\n<li>Okulary przeciws\u0142oneczne<\/li>\n<li>Kapelusz przeciws\u0142oneczny<\/li>\n<li>Kamera<\/li>\n<li>Krem przeciws\u0142oneczny<\/li>\n<\/ul>\n<h3><strong>Czas trwania: na \u017c\u0105danie<\/strong><\/h3>\n<h5>W razie pyta\u0144 prosimy o kontakt:<a href=\"https:\/\/wa.me\/+201069089904\" target=\"_blank\" rel=\"noopener\"><img decoding=\"async\" class=\"alignnone wp-image-13655\" src=\"https:\/\/alivoyage.com\/wp-content\/uploads\/2024\/03\/whatsapp-svgrepo-com.svg\" alt=\"\" width=\"42\" height=\"42\" \/><\/a><\/h5>\n<\/div>\n<\/div>\n<\/div>\n<\/div>\n<\/div>\n<\/div>\n<\/div>\n<\/div>\n<\/div>\n<\/div>\n<\/div>\n<\/div>\n<\/div>\n<\/div>\n<\/div>\n<\/div>\n<\/div>\n<\/div>\n<\/div>\n<\/div>\n<\/div>\n<\/div>\n<\/div>\n<\/div>\n<\/div>\n<\/div>\n<\/li>\n<\/ul>\n","protected":false},"excerpt":{"rendered":"<p>Przegl\u0105d Nasz przewodnik odbierze Ci\u0119 z Twojego hotelu klimatyzowanym pojazdem, aby rozpocz\u0105\u0107 program. Dowiedz si\u0119 wszystkiego o najstarszej cywilizacji na \u015bwiecie, wchodz\u0105c do tego wyj\u0105tkowego muzeum. Muzeum Hurghady jest uwa\u017cane za pierwsze muzeum, kt\u00f3re powsta\u0142o we wsp\u00f3\u0142pracy z sektorem prywatnym. Posiada 2000 oryginalnych antyk\u00f3w, kt\u00f3re s\u0105 dostarczane przez Ministerstwo Turystyki i Staro\u017cytno\u015bci. Teraz mo\u017cesz mie\u0107 ogromn\u0105 wiedz\u0119 na temat staro\u017cytnej historii Egiptu, wyruszy\u0107 w podr\u00f3\u017c, aby odkry\u0107 \u017cycie staro\u017cytnych Egipcjan na przestrzeni wiek\u00f3w. Odkryj znaleziska archeologiczne z innych epok i cywilizacji, w tym z ery koptyjskiej i z\u0142otego wieku islamu. Po zwiedzaniu z przewodnikiem ciesz si\u0119 wolnym czasem, aby zwiedzi\u0107 muzeum we w\u0142asnym tempie. Nast\u0119pnie wr\u00f3\u0107 do hotelu w Hurghadzie. Muzeum Hurghady Odbi\u00f3r i dow\u00f3z do hotelu klimatyzowanym pojazdem Odkryj ponad 2000 artefakt\u00f3w w Muzeum Hurghady Poznaj staro\u017cytny Egipt, okres koptyjski i epok\u0119 islamsk\u0105 Skorzystaj z wolnego czasu i zwiedzaj muzeum we w\u0142asnym tempie Zwiedzanie miasta z przewodnikiem, t\u0119tni\u0105ce \u017cyciem targi Hurghady i malownicza marina Poznaj lokaln\u0105 kultur\u0119 i pi\u0119kno nadmorskiego miasta Po ca\u0142ym dniu zwiedzania wr\u00f3\u0107 do hotelu Co zabra\u0107 ze sob\u0105? Okulary przeciws\u0142oneczne Kapelusz przeciws\u0142oneczny Kamera Krem przeciws\u0142oneczny Czas trwania: na \u017c\u0105danie W razie pyta\u0144 prosimy o kontakt:<\/p>\n","protected":false},"featured_media":13816,"comment_status":"open","ping_status":"closed","template":"","meta":{"_monsterinsights_skip_tracking":false,"_monsterinsights_sitenote_active":false,"_monsterinsights_sitenote_note":"","_monsterinsights_sitenote_category":0},"product_brand":[],"product_cat":[98],"product_tag":[],"class_list":{"0":"post-13815","1":"product","2":"type-product","3":"status-publish","4":"has-post-thumbnail","6":"product_cat-wycieczki-rodzinne","8":"first","9":"instock","10":"shipping-taxable","11":"purchasable","12":"product-type-ovabrw_car_rental"},"_links":{"self":[{"href":"https:\/\/get-aguide.com\/pl\/wp-json\/wp\/v2\/product\/13815","targetHints":{"allow":["GET"]}}],"collection":[{"href":"https:\/\/get-aguide.com\/pl\/wp-json\/wp\/v2\/product"}],"about":[{"href":"https:\/\/get-aguide.com\/pl\/wp-json\/wp\/v2\/types\/product"}],"replies":[{"embeddable":true,"href":"https:\/\/get-aguide.com\/pl\/wp-json\/wp\/v2\/comments?post=13815"}],"wp:featuredmedia":[{"embeddable":true,"href":"https:\/\/get-aguide.com\/pl\/wp-json\/wp\/v2\/media\/13816"}],"wp:attachment":[{"href":"https:\/\/get-aguide.com\/pl\/wp-json\/wp\/v2\/media?parent=13815"}],"wp:term":[{"taxonomy":"product_brand","embeddable":true,"href":"https:\/\/get-aguide.com\/pl\/wp-json\/wp\/v2\/product_brand?post=13815"},{"taxonomy":"product_cat","embeddable":true,"href":"https:\/\/get-aguide.com\/pl\/wp-json\/wp\/v2\/product_cat?post=13815"},{"taxonomy":"product_tag","embeddable":true,"href":"https:\/\/get-aguide.com\/pl\/wp-json\/wp\/v2\/product_tag?post=13815"}],"curies":[{"name":"wp","href":"https:\/\/api.w.org\/{rel}","templated":true}]}}