{"id":13840,"date":"2025-05-29T18:55:18","date_gmt":"2025-05-29T18:55:18","guid":{"rendered":"https:\/\/get-aguide.com\/?post_type=product&#038;p=13840"},"modified":"2025-05-29T18:58:58","modified_gmt":"2025-05-29T18:58:58","slug":"hurghada-grand-aquarium","status":"publish","type":"product","link":"https:\/\/get-aguide.com\/pl\/produkt\/hurghada-grand-aquarium\/","title":{"rendered":"Hurghada Grand Aquarium"},"content":{"rendered":"<ul>\n<li class=\"nonelist\">\n<div class=\"elementor-element elementor-element-f85dd7f elementor-widget elementor-widget-heading\" data-id=\"f85dd7f\" data-element_type=\"widget\" data-widget_type=\"heading.default\">\n<div class=\"elementor-widget-container\">\n<div class=\"elementor-element elementor-element-f85dd7f elementor-widget elementor-widget-heading\" data-id=\"f85dd7f\" data-element_type=\"widget\" data-widget_type=\"heading.default\">\n<div class=\"elementor-widget-container\">\n<div class=\"elementor-element elementor-element-f85dd7f elementor-widget elementor-widget-heading\" data-id=\"f85dd7f\" data-element_type=\"widget\" data-widget_type=\"heading.default\">\n<div class=\"elementor-widget-container\">\n<div class=\"elementor-element elementor-element-f85dd7f elementor-widget elementor-widget-heading\" data-id=\"f85dd7f\" data-element_type=\"widget\" data-widget_type=\"heading.default\">\n<div class=\"elementor-widget-container\">\n<div class=\"ovabrw_product_title\">\n<div class=\"heading left\">\n<div class=\"heading left\">\n<div class=\"heading left\">\n<div class=\"heading left\">\n<div class=\"heading left\">\n<div class=\"heading left\">\n<div class=\"heading left\">\n<h3><span>Przegl\u0105d<\/span><\/h3>\n<div class=\"description\">\n<p><span>Zanurz si\u0119 w cudach podwodnego \u015bwiata dzi\u0119ki biletom do Hurghada Grand Aquarium, fascynuj\u0105cego dodatku do przyjaznych rodzinom atrakcji Hurghady. Wkrocz do krainy morskich cud\u00f3w, ogl\u0105daj\u0105c 1200 unikalnych gatunk\u00f3w prezentowanych w 24 starannie wyselekcjonowanych galeriach, z kt\u00f3rych ka\u017cda oferuje wgl\u0105d w r\u00f3\u017cnorodne naturalne ekosystemy. Podziwiaj wdzi\u0119czne p\u0142aszczki, majestatyczne rekiny i spokojne \u017c\u00f3\u0142wie, gdy wdzi\u0119cznie sun\u0105 pod krystalicznie czystymi wodami. I nie przegap okazji na praktyczne do\u015bwiadczenie, kt\u00f3re pog\u0142\u0119bi Twoje uznanie dla czaruj\u0105cego \u015bwiata wodnego.<\/span><\/p>\n<\/div>\n<h3><strong><span>Czas trwania<\/span><\/strong><\/h3>\n<p><span>Pierwsza podr\u00f3\u017c:<\/span><\/p>\n<p><span>Odbi\u00f3r: Oko\u0142o 09:30 (w zale\u017cno\u015bci od lokalizacji hotelu w Hurghadzie)<\/span><\/p>\n<p><span>Druga podr\u00f3\u017c:<\/span><\/p>\n<p><span>Odbi\u00f3r: Oko\u0142o 13:30 (w zale\u017cno\u015bci od lokalizacji hotelu w Hurghadzie)<\/span><\/p>\n<h5><span>W razie pyta\u0144 prosimy o kontakt:<\/span><a href=\"https:\/\/wa.me\/+201069089904\" target=\"_blank\" rel=\"noopener\"><img decoding=\"async\" class=\"alignnone wp-image-13655\" src=\"https:\/\/alivoyage.com\/wp-content\/uploads\/2024\/03\/whatsapp-svgrepo-com.svg\" alt=\"\" width=\"42\" height=\"42\" \/><\/a><\/h5>\n<div class=\"vc_row wpb_row vc_row-fluid\">\n<div class=\"wpb_column vc_column_container vc_col-sm-12\">\n<div class=\"vc_column-inner\">\n<div class=\"wpb_wrapper\">\n<div class=\"wpb_text_column wpb_content_element \">\n<div class=\"wpb_wrapper\">\n<div class=\"heading left\">\n<div class=\"heading left\">\n<div class=\"wpb_text_column wpb_content_element \">\n<div class=\"wpb_wrapper\"><\/div>\n<\/div>\n<\/div>\n<\/div>\n<\/div>\n<\/div>\n<\/div>\n<\/div>\n<\/div>\n<\/div>\n<\/div>\n<\/div>\n<\/div>\n<\/div>\n<\/div>\n<\/div>\n<\/div>\n<\/div>\n<\/div>\n<\/div>\n<\/div>\n<\/div>\n<\/div>\n<\/div>\n<\/div>\n<\/div>\n<\/li>\n<\/ul>\n","protected":false},"excerpt":{"rendered":"<p>Przegl\u0105d Zanurz si\u0119 w cudach podwodnego \u015bwiata dzi\u0119ki biletom do Hurghada Grand Aquarium, fascynuj\u0105cego dodatku do przyjaznych rodzinom atrakcji Hurghady. Wkrocz do krainy morskich cud\u00f3w, ogl\u0105daj\u0105c 1200 unikalnych gatunk\u00f3w prezentowanych w 24 starannie wyselekcjonowanych galeriach, z kt\u00f3rych ka\u017cda oferuje wgl\u0105d w r\u00f3\u017cnorodne naturalne ekosystemy. Podziwiaj wdzi\u0119czne p\u0142aszczki, majestatyczne rekiny i spokojne \u017c\u00f3\u0142wie, gdy wdzi\u0119cznie sun\u0105 pod krystalicznie czystymi wodami. I nie przegap okazji na praktyczne do\u015bwiadczenie, kt\u00f3re pog\u0142\u0119bi Twoje uznanie dla czaruj\u0105cego \u015bwiata wodnego. Czas trwania Pierwsza podr\u00f3\u017c: Odbi\u00f3r: Oko\u0142o 09:30 (w zale\u017cno\u015bci od lokalizacji hotelu w Hurghadzie) Druga podr\u00f3\u017c: Odbi\u00f3r: Oko\u0142o 13:30 (w zale\u017cno\u015bci od lokalizacji hotelu w Hurghadzie) W razie pyta\u0144 prosimy o kontakt:<\/p>\n","protected":false},"featured_media":13841,"comment_status":"open","ping_status":"closed","template":"","meta":{"_monsterinsights_skip_tracking":false,"_monsterinsights_sitenote_active":false,"_monsterinsights_sitenote_note":"","_monsterinsights_sitenote_category":0},"product_brand":[],"product_cat":[98],"product_tag":[],"class_list":{"0":"post-13840","1":"product","2":"type-product","3":"status-publish","4":"has-post-thumbnail","6":"product_cat-wycieczki-rodzinne","8":"first","9":"instock","10":"shipping-taxable","11":"purchasable","12":"product-type-ovabrw_car_rental"},"_links":{"self":[{"href":"https:\/\/get-aguide.com\/pl\/wp-json\/wp\/v2\/product\/13840","targetHints":{"allow":["GET"]}}],"collection":[{"href":"https:\/\/get-aguide.com\/pl\/wp-json\/wp\/v2\/product"}],"about":[{"href":"https:\/\/get-aguide.com\/pl\/wp-json\/wp\/v2\/types\/product"}],"replies":[{"embeddable":true,"href":"https:\/\/get-aguide.com\/pl\/wp-json\/wp\/v2\/comments?post=13840"}],"wp:featuredmedia":[{"embeddable":true,"href":"https:\/\/get-aguide.com\/pl\/wp-json\/wp\/v2\/media\/13841"}],"wp:attachment":[{"href":"https:\/\/get-aguide.com\/pl\/wp-json\/wp\/v2\/media?parent=13840"}],"wp:term":[{"taxonomy":"product_brand","embeddable":true,"href":"https:\/\/get-aguide.com\/pl\/wp-json\/wp\/v2\/product_brand?post=13840"},{"taxonomy":"product_cat","embeddable":true,"href":"https:\/\/get-aguide.com\/pl\/wp-json\/wp\/v2\/product_cat?post=13840"},{"taxonomy":"product_tag","embeddable":true,"href":"https:\/\/get-aguide.com\/pl\/wp-json\/wp\/v2\/product_tag?post=13840"}],"curies":[{"name":"wp","href":"https:\/\/api.w.org\/{rel}","templated":true}]}}